{"id":17792,"date":"2024-05-26T22:15:19","date_gmt":"2024-05-26T20:15:19","guid":{"rendered":"https:\/\/belgiumdiamond.petpetshopi.shop\/?post_type=product&#038;p=17792"},"modified":"2025-12-13T09:53:36","modified_gmt":"2025-12-13T08:53:36","slug":"ciondolo-con-diamante-rotondo-f-vs-0-50ct","status":"publish","type":"product","link":"https:\/\/belgiumdiamonds.be\/it\/product\/pendant-with-round-diamond-f-vs-0-50ct\/","title":{"rendered":"Ciondolo con diamante rotondo F\/VS 0,50CT"},"content":{"rendered":"<p>Il ciondolo solitario pr\u00eat-\u00e0-porter \u00e8 un gioiello classico che aggiunge eleganza e raffinatezza a qualsiasi abito. Meticolosamente realizzato con un'elegante catena in oro 18 carati disponibile in oro bianco, giallo o rosa, questo ciondolo presenta un brillante diamante rotondo, tenuto saldamente in posizione da quattro punte, creando un design versatile e senza tempo che non passer\u00e0 mai di moda.<\/p>\n<p>Il diamante \u00e8 naturale e non trattato, certificato da IGI o GIA, a garanzia dei pi\u00f9 elevati standard di qualit\u00e0 e autenticit\u00e0.<\/p>\n<p><strong>Informazioni sul pendente:<\/strong><\/p>\n<ul>\n<li>Colore medio: F<\/li>\n<li>Limpidezza media: VS<\/li>\n<li>Grado di taglio: VG-EX (da molto buono a eccellente)<\/li>\n<li>Include 1 diamante di 0,50 carati<\/li>\n<li>Il peso del diamante pu\u00f2 avere una differenza di 0,05 carati.<\/li>\n<\/ul>\n<p>Il prezzo in oro bianco, giallo o rosa 18 carati \u00e8 calcolato in base alla dimensione della pietra scelta.<br \/>\nL'IVA verr\u00e0 aggiunta al prezzo nel carrello in caso di spedizione a un indirizzo UE.<br \/>\nCondizioni: Nuovo.<br \/>\nRealizzato ad Anversa, in Belgio.<\/p>\n<p>Che si tratti di un regalo per se stessi o di un regalo perfetto per una persona speciale, questo ciondolo lascer\u00e0 sicuramente un segno indelebile. Ogni ciondolo \u00e8 progettato per mettere in risalto la brillantezza del diamante con un'elegante incastonatura, che gli conferisce un look moderno ma senza tempo. Il peso totale in carati pu\u00f2 discostarsi leggermente dal peso in carati indicato, a seconda delle dimensioni del diamante centrale.<\/p>\n<p>Questo squisito ciondolo viene fornito con tutto incluso nel prezzo e rappresenta la scelta perfetta per chi \u00e8 alla ricerca di un'eleganza immediata e di una bellezza senza pari.<\/p>\n<p>&nbsp;<\/p>\n<p><strong>SPEDIZIONE ENTRO 2 GIORNI LAVORATIVI!<\/strong><\/p>","protected":false},"excerpt":{"rendered":"<p>Il ciondolo solitario pr\u00eat-\u00e0-porter \u00e8 un gioiello classico che aggiunge eleganza e raffinatezza a qualsiasi abito. Meticolosamente realizzato con un'elegante catena in oro 18 carati disponibile in oro bianco, giallo o rosa, questo ciondolo presenta un brillante diamante rotondo, tenuto saldamente in posizione da quattro punte, creando un design versatile e senza tempo che non passer\u00e0 mai di moda.<\/p>","protected":false},"featured_media":17784,"comment_status":"open","ping_status":"closed","template":"","meta":{"_acf_changed":false},"product_brand":[],"product_cat":[191],"product_tag":[],"class_list":{"0":"post-17792","1":"product","2":"type-product","3":"status-publish","4":"has-post-thumbnail","6":"product_cat-pendants","8":"first","9":"instock","10":"sale","11":"taxable","12":"shipping-taxable","13":"purchasable","14":"product-type-variable","15":"has-default-attributes"},"acf":[],"_links":{"self":[{"href":"https:\/\/belgiumdiamonds.be\/it\/wp-json\/wp\/v2\/product\/17792","targetHints":{"allow":["GET"]}}],"collection":[{"href":"https:\/\/belgiumdiamonds.be\/it\/wp-json\/wp\/v2\/product"}],"about":[{"href":"https:\/\/belgiumdiamonds.be\/it\/wp-json\/wp\/v2\/types\/product"}],"replies":[{"embeddable":true,"href":"https:\/\/belgiumdiamonds.be\/it\/wp-json\/wp\/v2\/comments?post=17792"}],"version-history":[{"count":0,"href":"https:\/\/belgiumdiamonds.be\/it\/wp-json\/wp\/v2\/product\/17792\/revisions"}],"wp:featuredmedia":[{"embeddable":true,"href":"https:\/\/belgiumdiamonds.be\/it\/wp-json\/wp\/v2\/media\/17784"}],"wp:attachment":[{"href":"https:\/\/belgiumdiamonds.be\/it\/wp-json\/wp\/v2\/media?parent=17792"}],"wp:term":[{"taxonomy":"product_brand","embeddable":true,"href":"https:\/\/belgiumdiamonds.be\/it\/wp-json\/wp\/v2\/product_brand?post=17792"},{"taxonomy":"product_cat","embeddable":true,"href":"https:\/\/belgiumdiamonds.be\/it\/wp-json\/wp\/v2\/product_cat?post=17792"},{"taxonomy":"product_tag","embeddable":true,"href":"https:\/\/belgiumdiamonds.be\/it\/wp-json\/wp\/v2\/product_tag?post=17792"}],"curies":[{"name":"wp","href":"https:\/\/api.w.org\/{rel}","templated":true}]}}