{"id":17794,"date":"2024-05-26T22:16:40","date_gmt":"2024-05-26T20:16:40","guid":{"rendered":"https:\/\/belgiumdiamond.petpetshopi.shop\/?post_type=product&#038;p=17794"},"modified":"2026-05-04T13:59:09","modified_gmt":"2026-05-04T11:59:09","slug":"round-diamond-pendant-f-vs-0-70ct","status":"publish","type":"product","link":"https:\/\/belgiumdiamonds.be\/it\/product\/round-diamond-pendant-f-vs-0-70ct\/","title":{"rendered":"Round Diamond Pendant F\/VS 0.70CT"},"content":{"rendered":"<p>Round Diamond Pendant F\/VS 0.70CT is a stunning and classic piece of jewelry that will add elegance and sophistication to any outfit. Meticulously crafted with an 18k gold stylish chain available in white, yellow, or rose gold, this pendant features a brilliant round diamond, securely held in place by four prongs, creating a timeless and versatile design that will never go out of style.<\/p>\n<p>Il diamante \u00e8 naturale e non trattato, certificato da IGI o GIA, a garanzia dei pi\u00f9 elevati standard di qualit\u00e0 e autenticit\u00e0.<\/p>\n<p><strong>Informazioni sul pendente:<\/strong><\/p>\n<ul>\n<li>Colore medio: F<\/li>\n<li>Limpidezza media: VS<\/li>\n<li>Grado di taglio: VG-EX (da molto buono a eccellente)<\/li>\n<li>Include 1 diamante di 0,70 carati<\/li>\n<li>Il peso del diamante pu\u00f2 avere una differenza di 0,05 carati.<\/li>\n<\/ul>\n<p>Il prezzo \u00e8 lo stesso per l'oro bianco, giallo o rosa a 18 carati.<br \/>\nL'IVA verr\u00e0 aggiunta al prezzo nel carrello in caso di spedizione a un indirizzo UE.<br \/>\nCondizioni: Nuovo.<br \/>\nRealizzato ad Anversa, in Belgio.<\/p>\n<p>Che si tratti di un regalo per se stessi o di un regalo perfetto per una persona speciale, questo ciondolo lascer\u00e0 sicuramente un segno indelebile. Ogni ciondolo \u00e8 progettato per mettere in risalto la brillantezza del diamante con un'elegante incastonatura, che gli conferisce un look moderno ma senza tempo. Il peso totale in carati pu\u00f2 discostarsi leggermente dal peso in carati indicato, a seconda delle dimensioni del diamante centrale.<\/p>\n<p>Questo squisito ciondolo viene fornito con tutto incluso nel prezzo e rappresenta la scelta perfetta per chi \u00e8 alla ricerca di un'eleganza immediata e di una bellezza senza pari.<\/p>\n<p>&nbsp;<\/p>\n<p><strong>SPEDIZIONE ENTRO 2 GIORNI LAVORATIVI!<\/strong><\/p>","protected":false},"excerpt":{"rendered":"<p>Round Diamond Pendant F\/VS 0.70CT is a stunning and classic piece of jewelry that will add elegance and sophistication to any outfit. Meticulously crafted with an 18k gold stylish chain available in white, yellow, or rose gold, this pendant features a brilliant round diamond, securely held in place by four prongs, creating a timeless and versatile design that will never go out of style.<\/p>","protected":false},"featured_media":34438,"comment_status":"open","ping_status":"closed","template":"","meta":{"_acf_changed":false},"product_brand":[],"product_cat":[191],"product_tag":[],"class_list":{"0":"post-17794","1":"product","2":"type-product","3":"status-publish","4":"has-post-thumbnail","6":"product_cat-pendants","7":"pa_choose-gold-18k-rose-gold","8":"pa_choose-gold-18k-white-gold","9":"pa_choose-gold-18k-yellow-gold","11":"first","12":"instock","13":"taxable","14":"shipping-taxable","15":"purchasable","16":"product-type-variable"},"acf":[],"_links":{"self":[{"href":"https:\/\/belgiumdiamonds.be\/it\/wp-json\/wp\/v2\/product\/17794","targetHints":{"allow":["GET"]}}],"collection":[{"href":"https:\/\/belgiumdiamonds.be\/it\/wp-json\/wp\/v2\/product"}],"about":[{"href":"https:\/\/belgiumdiamonds.be\/it\/wp-json\/wp\/v2\/types\/product"}],"replies":[{"embeddable":true,"href":"https:\/\/belgiumdiamonds.be\/it\/wp-json\/wp\/v2\/comments?post=17794"}],"version-history":[{"count":2,"href":"https:\/\/belgiumdiamonds.be\/it\/wp-json\/wp\/v2\/product\/17794\/revisions"}],"predecessor-version":[{"id":42810,"href":"https:\/\/belgiumdiamonds.be\/it\/wp-json\/wp\/v2\/product\/17794\/revisions\/42810"}],"wp:featuredmedia":[{"embeddable":true,"href":"https:\/\/belgiumdiamonds.be\/it\/wp-json\/wp\/v2\/media\/34438"}],"wp:attachment":[{"href":"https:\/\/belgiumdiamonds.be\/it\/wp-json\/wp\/v2\/media?parent=17794"}],"wp:term":[{"taxonomy":"product_brand","embeddable":true,"href":"https:\/\/belgiumdiamonds.be\/it\/wp-json\/wp\/v2\/product_brand?post=17794"},{"taxonomy":"product_cat","embeddable":true,"href":"https:\/\/belgiumdiamonds.be\/it\/wp-json\/wp\/v2\/product_cat?post=17794"},{"taxonomy":"product_tag","embeddable":true,"href":"https:\/\/belgiumdiamonds.be\/it\/wp-json\/wp\/v2\/product_tag?post=17794"}],"curies":[{"name":"wp","href":"https:\/\/api.w.org\/{rel}","templated":true}]}}