{"id":20124,"date":"2025-01-21T16:52:47","date_gmt":"2025-01-21T15:52:47","guid":{"rendered":"https:\/\/belgiumdiamond.petpetshopi.shop\/?post_type=product&#038;p=20124"},"modified":"2026-05-04T13:59:06","modified_gmt":"2026-05-04T11:59:06","slug":"pave-earring-hoop-round-diamond","status":"publish","type":"product","link":"https:\/\/belgiumdiamonds.be\/it\/product\/pave-earring-hoop-round-diamond\/","title":{"rendered":"Pave Earring-Hoop Round Diamonds"},"content":{"rendered":"<p>Volete aggiungere un tocco di eleganza alla vostra collezione di gioielli con orecchini non tradizionali? Non cercate oltre... ecco i nostri Bombay Pav\u00e9 Earring. Questi orecchini rettangolari Cr\u00e9ole sono l'aggiunta perfetta a qualsiasi collezione di pr\u00eat-\u00e0-porter, in grado di elevare senza sforzo qualsiasi look con il loro design moderno.<\/p>\n<p><strong>Informazioni sugli orecchini:<\/strong><\/p>\n<ul>\n<li>Colore medio: D\/E<\/li>\n<li>Limpidezza media: VS<\/li>\n<li>Grado di taglio: VG-EX (da molto buono a eccellente)<\/li>\n<li>Include un totale di diamanti di 0,25 carati<\/li>\n<li>Il peso del diamante pu\u00f2 variare fino a 0,05 carati di differenza<\/li>\n<\/ul>\n<p>Il prezzo \u00e8 lo stesso per l'oro bianco, giallo o rosa a 18 carati.<br \/>\nL'IVA verr\u00e0 aggiunta al prezzo nel carrello in caso di spedizione a un indirizzo UE.<br \/>\nCondizioni: Nuovo.<br \/>\nRealizzato ad Anversa, in Belgio.<\/p>\n<p>&nbsp;<\/p>\n<p><strong>SPEDIZIONE ENTRO 2 GIORNI LAVORATIVI!<\/strong><\/p>","protected":false},"excerpt":{"rendered":"<p>Gli orecchini perfetti per elevare il look di tutti i giorni o per aggiungere un tocco di eleganza alle occasioni speciali, questi orecchini a cerchio rettangolari incarnano raffinatezza e stile duraturo. Un must per chi apprezza il lusso classico e l'eccezionale maestria.<\/p>","protected":false},"featured_media":34312,"comment_status":"open","ping_status":"closed","template":"","meta":{"_acf_changed":false},"product_brand":[],"product_cat":[190,378],"product_tag":[],"class_list":{"0":"post-20124","1":"product","2":"type-product","3":"status-publish","4":"has-post-thumbnail","6":"product_cat-earrings-ready-to-wear","7":"product_cat-valentines-day-collection","8":"pa_choose-gold-18k-rose-gold","9":"pa_choose-gold-18k-white-gold","10":"pa_choose-gold-18k-yellow-gold","12":"first","13":"instock","14":"taxable","15":"shipping-taxable","16":"purchasable","17":"product-type-variable"},"acf":[],"_links":{"self":[{"href":"https:\/\/belgiumdiamonds.be\/it\/wp-json\/wp\/v2\/product\/20124","targetHints":{"allow":["GET"]}}],"collection":[{"href":"https:\/\/belgiumdiamonds.be\/it\/wp-json\/wp\/v2\/product"}],"about":[{"href":"https:\/\/belgiumdiamonds.be\/it\/wp-json\/wp\/v2\/types\/product"}],"replies":[{"embeddable":true,"href":"https:\/\/belgiumdiamonds.be\/it\/wp-json\/wp\/v2\/comments?post=20124"}],"version-history":[{"count":3,"href":"https:\/\/belgiumdiamonds.be\/it\/wp-json\/wp\/v2\/product\/20124\/revisions"}],"predecessor-version":[{"id":42388,"href":"https:\/\/belgiumdiamonds.be\/it\/wp-json\/wp\/v2\/product\/20124\/revisions\/42388"}],"wp:featuredmedia":[{"embeddable":true,"href":"https:\/\/belgiumdiamonds.be\/it\/wp-json\/wp\/v2\/media\/34312"}],"wp:attachment":[{"href":"https:\/\/belgiumdiamonds.be\/it\/wp-json\/wp\/v2\/media?parent=20124"}],"wp:term":[{"taxonomy":"product_brand","embeddable":true,"href":"https:\/\/belgiumdiamonds.be\/it\/wp-json\/wp\/v2\/product_brand?post=20124"},{"taxonomy":"product_cat","embeddable":true,"href":"https:\/\/belgiumdiamonds.be\/it\/wp-json\/wp\/v2\/product_cat?post=20124"},{"taxonomy":"product_tag","embeddable":true,"href":"https:\/\/belgiumdiamonds.be\/it\/wp-json\/wp\/v2\/product_tag?post=20124"}],"curies":[{"name":"wp","href":"https:\/\/api.w.org\/{rel}","templated":true}]}}