{"id":20172,"date":"2025-01-23T14:41:10","date_gmt":"2025-01-23T13:41:10","guid":{"rendered":"https:\/\/belgiumdiamond.petpetshopi.shop\/?post_type=product&#038;p=20172"},"modified":"2026-04-30T10:47:45","modified_gmt":"2026-04-30T08:47:45","slug":"pendente-unity-baguette-con-diamanti-a-cuore","status":"publish","type":"product","link":"https:\/\/belgiumdiamonds.be\/it\/product\/unity-baguette-pendant-with-heart-diamonds\/","title":{"rendered":"Ciondolo Baguette Unity E\/F VS .46CT"},"content":{"rendered":"<p>Unity Baguette Pendant is a stunning and classic piece of jewelry that will add elegance and sophistication to any outfit. Meticulously crafted with an 18k gold stylish chain available in white, yellow, or rose gold, this pendant features brilliant baguette diamonds, securely held in place by three prongs, creating a timeless and versatile design that will never go out of style.<\/p>\n<p>Il diamante \u00e8 naturale e non trattato, certificato da IGI o GIA, a garanzia dei pi\u00f9 elevati standard di qualit\u00e0 e autenticit\u00e0.<\/p>\n<p><strong>Informazioni sul pendente:<\/strong><\/p>\n<ul>\n<li>Colore medio: E\/F<\/li>\n<li>Limpidezza media: VS<\/li>\n<li>Grado di taglio: VG-EX (da molto buono a eccellente)<\/li>\n<li>Include 5+ diamanti di 0,46Ct<\/li>\n<li>Il peso del diamante pu\u00f2 avere una differenza di 0,05 carati.<\/li>\n<\/ul>\n<p>Il prezzo \u00e8 lo stesso per l'oro bianco, giallo o rosa a 18 carati.<br \/>\nL'IVA verr\u00e0 aggiunta al prezzo nel carrello in caso di spedizione a un indirizzo UE.<br \/>\nCondizioni: Nuovo.<br \/>\nRealizzato ad Anversa, in Belgio.<\/p>\n<p>Che si tratti di un regalo per se stessi o di un regalo perfetto per una persona speciale, questo ciondolo lascer\u00e0 sicuramente un segno indelebile. Ogni ciondolo \u00e8 progettato per mettere in risalto la brillantezza del diamante con un'elegante incastonatura, che gli conferisce un look moderno ma senza tempo. Il peso totale in carati pu\u00f2 discostarsi leggermente dal peso in carati indicato, a seconda delle dimensioni del diamante centrale.<\/p>\n<p>Questo squisito ciondolo viene fornito con tutto incluso nel prezzo e rappresenta la scelta perfetta per chi \u00e8 alla ricerca di un'eleganza immediata e di una bellezza senza pari.<\/p>\n<p>&nbsp;<\/p>\n<p><strong>SPEDIZIONE ENTRO 2 GIORNI LAVORATIVI!<\/strong><\/p>","protected":false},"excerpt":{"rendered":"<p>Il pr\u00eat-\u00e0-porter <em>Ciondolo con diamante baguette<\/em> \u00e8 un gioiello splendido e classico che aggiunger\u00e0 eleganza e raffinatezza a qualsiasi abbigliamento. Meticolosamente realizzato con un'elegante catena in oro 18 carati disponibile in oro bianco, giallo o rosa, questo pendente presenta brillanti diamanti baguette, tenuti saldamente in posizione da tre griffe, creando un design versatile e senza tempo che non passer\u00e0 mai di moda.<\/p>","protected":false},"featured_media":34514,"comment_status":"open","ping_status":"closed","template":"","meta":{"_acf_changed":false},"product_brand":[],"product_cat":[191],"product_tag":[],"class_list":{"0":"post-20172","1":"product","2":"type-product","3":"status-publish","4":"has-post-thumbnail","6":"product_cat-pendants","7":"pa_choose-gold-18k-rose-gold","8":"pa_choose-gold-18k-white-gold","9":"pa_choose-gold-18k-yellow-gold","11":"first","12":"instock","13":"taxable","14":"shipping-taxable","15":"purchasable","16":"product-type-variable"},"acf":[],"_links":{"self":[{"href":"https:\/\/belgiumdiamonds.be\/it\/wp-json\/wp\/v2\/product\/20172","targetHints":{"allow":["GET"]}}],"collection":[{"href":"https:\/\/belgiumdiamonds.be\/it\/wp-json\/wp\/v2\/product"}],"about":[{"href":"https:\/\/belgiumdiamonds.be\/it\/wp-json\/wp\/v2\/types\/product"}],"replies":[{"embeddable":true,"href":"https:\/\/belgiumdiamonds.be\/it\/wp-json\/wp\/v2\/comments?post=20172"}],"version-history":[{"count":3,"href":"https:\/\/belgiumdiamonds.be\/it\/wp-json\/wp\/v2\/product\/20172\/revisions"}],"predecessor-version":[{"id":42794,"href":"https:\/\/belgiumdiamonds.be\/it\/wp-json\/wp\/v2\/product\/20172\/revisions\/42794"}],"wp:featuredmedia":[{"embeddable":true,"href":"https:\/\/belgiumdiamonds.be\/it\/wp-json\/wp\/v2\/media\/34514"}],"wp:attachment":[{"href":"https:\/\/belgiumdiamonds.be\/it\/wp-json\/wp\/v2\/media?parent=20172"}],"wp:term":[{"taxonomy":"product_brand","embeddable":true,"href":"https:\/\/belgiumdiamonds.be\/it\/wp-json\/wp\/v2\/product_brand?post=20172"},{"taxonomy":"product_cat","embeddable":true,"href":"https:\/\/belgiumdiamonds.be\/it\/wp-json\/wp\/v2\/product_cat?post=20172"},{"taxonomy":"product_tag","embeddable":true,"href":"https:\/\/belgiumdiamonds.be\/it\/wp-json\/wp\/v2\/product_tag?post=20172"}],"curies":[{"name":"wp","href":"https:\/\/api.w.org\/{rel}","templated":true}]}}