{"id":21657,"date":"2025-06-09T00:02:35","date_gmt":"2025-06-08T22:02:35","guid":{"rendered":"https:\/\/belgiumdiamond.petpetshopi.shop\/?post_type=product&#038;p=21657"},"modified":"2026-05-04T13:58:58","modified_gmt":"2026-05-04T11:58:58","slug":"oval-diamond-trilogy-ring","status":"publish","type":"product","link":"https:\/\/belgiumdiamonds.be\/it\/product\/oval-diamond-trilogy-ring\/","title":{"rendered":"Oval Diamond Trilogy Ring"},"content":{"rendered":"<p class=\"ai-optimize-20 ai-optimize-introduction\">Belgium Diamonds Classic Oval Three Diamond Ring Setting \u00e8 un elegante anello trilogy. Questa splendida montatura \u00e8 dotata di un grande diamante centrale e di 2 diamanti laterali pi\u00f9 piccoli per creare un gioiello squisito.<br \/>\nDopo aver selezionato questa montatura, scegliete i vostri diamanti tra le migliaia di diamanti certificati presenti nella nostra collezione di diamanti sciolti. Se avete bisogno di assistenza nella selezione, contattate un rappresentante di Belgium Diamond e i gemmologi di Belgium Diamonds abbineranno meticolosamente i diamanti per dimensione, colore, purezza e taglio, per creare un anello con tre pietre perfetto che soddisfi il vostro budget e i vostri criteri.<\/p>\n<p class=\"ai-optimize-21\"><strong>Diamanti non inclusi nel prezzo.<\/strong><\/p>\n<p class=\"ai-optimize-22\">L'IVA verr\u00e0 aggiunta al prezzo nel carrello quando la spedizione \u00e8 impostata su un indirizzo UE.<br \/>\nIl prezzo include la spedizione all'interno dell'UE.<br \/>\nIl prezzo include il montaggio dei diamanti nell'incastonatura per creare l'anello finito.<br \/>\nCondizioni: Nuovo.<br \/>\nRealizzato ad Anversa, in Belgio.<\/p>","protected":false},"excerpt":{"rendered":"<p class=\"ai-optimize-17\">Belgium Diamonds Classic Oval Three Diamond Ring Setting \u00e8 un elegante anello trilogy. Questa splendida montatura \u00e8 dotata di un grande diamante centrale e di 2 diamanti laterali pi\u00f9 piccoli per creare un gioiello squisito.<\/p>\n<p class=\"ai-optimize-18\">DIAMANTI NON INCLUSI NEL PREZZO.<\/p>","protected":false},"featured_media":33827,"comment_status":"open","ping_status":"closed","template":"","meta":{"_acf_changed":false},"product_brand":[],"product_cat":[127],"product_tag":[],"class_list":{"0":"post-21657","1":"product","2":"type-product","3":"status-publish","4":"has-post-thumbnail","6":"product_cat-trilogy-rings","7":"pa_choose-gold-18k-rose-gold","8":"pa_choose-gold-18k-white-gold","9":"pa_choose-gold-18k-yellow-gold","10":"pa_choose-gold-platinum","11":"pa_size-405","12":"pa_size-404","13":"pa_size-403","14":"pa_size-402","15":"pa_size-401","16":"pa_size-400","17":"pa_size-399","18":"pa_size-398","19":"pa_size-397","20":"pa_size-396","21":"pa_size-395","22":"pa_size-394","23":"pa_size-393","24":"pa_size-392","25":"pa_size-391","26":"pa_size-390","27":"pa_size-389","29":"first","30":"instock","31":"taxable","32":"shipping-taxable","33":"purchasable","34":"product-type-variable"},"acf":[],"_links":{"self":[{"href":"https:\/\/belgiumdiamonds.be\/it\/wp-json\/wp\/v2\/product\/21657","targetHints":{"allow":["GET"]}}],"collection":[{"href":"https:\/\/belgiumdiamonds.be\/it\/wp-json\/wp\/v2\/product"}],"about":[{"href":"https:\/\/belgiumdiamonds.be\/it\/wp-json\/wp\/v2\/types\/product"}],"replies":[{"embeddable":true,"href":"https:\/\/belgiumdiamonds.be\/it\/wp-json\/wp\/v2\/comments?post=21657"}],"version-history":[{"count":4,"href":"https:\/\/belgiumdiamonds.be\/it\/wp-json\/wp\/v2\/product\/21657\/revisions"}],"predecessor-version":[{"id":42384,"href":"https:\/\/belgiumdiamonds.be\/it\/wp-json\/wp\/v2\/product\/21657\/revisions\/42384"}],"wp:featuredmedia":[{"embeddable":true,"href":"https:\/\/belgiumdiamonds.be\/it\/wp-json\/wp\/v2\/media\/33827"}],"wp:attachment":[{"href":"https:\/\/belgiumdiamonds.be\/it\/wp-json\/wp\/v2\/media?parent=21657"}],"wp:term":[{"taxonomy":"product_brand","embeddable":true,"href":"https:\/\/belgiumdiamonds.be\/it\/wp-json\/wp\/v2\/product_brand?post=21657"},{"taxonomy":"product_cat","embeddable":true,"href":"https:\/\/belgiumdiamonds.be\/it\/wp-json\/wp\/v2\/product_cat?post=21657"},{"taxonomy":"product_tag","embeddable":true,"href":"https:\/\/belgiumdiamonds.be\/it\/wp-json\/wp\/v2\/product_tag?post=21657"}],"curies":[{"name":"wp","href":"https:\/\/api.w.org\/{rel}","templated":true}]}}