{"id":9617,"date":"2024-01-27T21:01:13","date_gmt":"2024-01-27T21:01:13","guid":{"rendered":"https:\/\/belgiumdiamond.petpetshopi.shop\/?page_id=9617"},"modified":"2026-01-18T09:35:45","modified_gmt":"2026-01-18T08:35:45","slug":"algemene-voorwaarden","status":"publish","type":"page","link":"https:\/\/belgiumdiamonds.be\/nl\/terms-and-conditions\/","title":{"rendered":"ALGEMENE VOORWAARDEN"},"content":{"rendered":"<div data-elementor-type=\"wp-page\" data-elementor-id=\"9617\" class=\"elementor elementor-9617\">\n\t\t\t\t<div class=\"wd-negative-gap elementor-element elementor-element-f188d9c e-flex e-con-boxed e-con e-parent\" data-id=\"f188d9c\" data-element_type=\"container\" data-e-type=\"container\">\n\t\t\t\t\t<div class=\"e-con-inner\">\n\t\t\t\t<div class=\"elementor-element elementor-element-3f5bf12 elementor-widget elementor-widget-wd_text_block\" data-id=\"3f5bf12\" data-element_type=\"widget\" data-e-type=\"widget\" data-widget_type=\"wd_text_block.default\">\n\t\t\t\t<div class=\"elementor-widget-container\">\n\t\t\t\t\t\t\t<div class=\"wd-text-block reset-last-child text-left\">\n\t\t\t\n\t\t\t<h1><strong>ALGEMEEN<\/strong><\/h1><p>Lees deze algemene voorwaarden (\u201cVoorwaarden\u201d) zorgvuldig door. Door deze website te gebruiken, gaat u ermee akkoord gebonden te zijn aan de Voorwaarden zoals hieronder beschreven. Als u niet akkoord gaat met al deze voorwaarden, maak dan geen gebruik van deze website en doe er geen aankopen.<\/p><p>Deze algemene voorwaarden zijn van toepassing op uw gebruik van, en elke aankoop bij, de <strong>belgiumdiamonds.be<\/strong> website, en vormen een overeenkomst tussen u en <strong>belgiumdiamonds.be.<\/strong><\/p><p>Belgiumdiamonds.be behoudt zich het recht voor om op elk moment en naar eigen goeddunken deze Algemene Voorwaarden of enig beleid of richtlijn van deze site te wijzigen of aan te passen. Alle wijzigingen of aanpassingen zullen onmiddellijk van kracht zijn na het online plaatsen van de herzieningen.<\/p><p>Wanneer u deze site blijft gebruiken nadat wijzigingen of aanpassingen zijn gepubliceerd, betekent dit dat u dergelijke wijzigingen en\/of aanpassingen aanvaardt. Lees daarom regelmatig deze Algemene voorwaarden en eventuele andere van toepassing zijnde beleidsregels om op de hoogte te blijven van de voorwaarden die van toepassing zijn op uw gebruik van deze site.<\/p><p>Als u niet akkoord gaat met de gewijzigde voorwaarden, maak dan geen gebruik van deze site.<\/p><hr><h2><strong>DE WEBSITE<\/strong><\/h2><p>Deze website <strong>belgiumdiamonds.be<\/strong> is eigendom van en wordt beheerd door <strong>Belgium Diamonds Ltd.<\/strong><\/p><p>Vragen over bestellingen of opmerkingen en verzoeken met betrekking tot producten die op de site worden weergegeven, moeten worden doorverwezen naar:<br><strong>E-mail:<\/strong> <a href=\"mailto:info@belgiumdiamonds.be\">info@belgiumdiamonds.be<\/a><br><strong>Adres:<\/strong> Hoveniersstraat 2 ADC-gebouw, Off 322, Antwerpen 2018<br><strong>Tel:<\/strong> +32 475 500 195<\/p><hr><h2><strong>BESTELLINGEN<\/strong><\/h2><p>Bestellingen worden uitsluitend verwerkt en afgehandeld door:<br><strong>Belgium Diamonds Ltd.<\/strong><br><strong>Adres:<\/strong> Hoveniersstraat 2 ADC-gebouw, Off 322, Antwerpen 2018, Belgi\u00eb<\/p><hr><h2><strong>BETALINGEN<\/strong><\/h2><p>Betalingen worden verwerkt en afgehandeld door <strong>Belgium Diamonds Ltd.<\/strong><\/p><p><strong>De volgende betalingsmethoden zijn beschikbaar:<\/strong><\/p><p><strong>Creditcards:<\/strong><br>Alle grote creditcards worden geaccepteerd.<\/p><p><strong>Bankkaarten:<\/strong><br>Alle grote bankkaarten worden geaccepteerd.<\/p><p><strong>Paypal:<\/strong><br>Transactions are limited to 5000 euro.<\/p><p><strong>Bankdraad:<\/strong><br>Bankoverschrijvingen worden geaccepteerd voor alle bestellingen. (Geen verwerkingskosten).<br><strong>IBAN:<\/strong> BE88737036481541<br><strong>BIC:<\/strong> KREDBEBB<br><strong>Begunstigde:<\/strong> Belgium Diamonds Ltd.<br><strong>Adres:<\/strong> Hovenierstraat 2. Uit 322, 2018 Antwerpen, Belgi\u00eb<\/p><p><strong>Note: We do not accept crypto payment.<\/strong><\/p><hr><h2><strong>BTW<\/strong><\/h2><p>21% BTW wordt toegevoegd aan klanten in de Europese Unie (verzend- en factuuradressen bevinden zich binnen een EU-land). Klanten buiten de Europese Unie (verzend- en factuuradressen bevinden zich niet in EU-landen) betalen geen BTW.<\/p><hr><h2><strong>VERZENDING<\/strong><\/h2><p>Volledig verzekerde, reguliere verzending per post binnen de EU is gratis voor alle bestellingen.<\/p><p>Voor bestellingen met een waarde van meer dan 2500 euro (ex btw) wordt de bestelling geleverd door <strong>Gratis voorrangsverzending<\/strong> binnen <strong>1-5 werkdagen<\/strong> per koerier van deur tot deur, verzekerd, na de productie van het juweel.<\/p><p>Voor alle bestellingen onder 2500 euro (ex btw) wordt je bestelling geleverd binnen <strong>3-20 werkdagen<\/strong> en is gratis.<\/p><p>Verzending van aankopen onder 2500 euro naar <strong>Oostenrijk, Belgi\u00eb, Denemarken, Finland, Frankrijk, Duitsland, Gibraltar, Griekenland, Ierland, Itali\u00eb, Nederland, Portugal, Spanje, Zweden, VK<\/strong> kan worden ge\u00fcpgraded naar <strong>Prioriteit Verzending<\/strong> voor <strong>50,00 euro (ex btw)<\/strong> en wordt binnen 3-5 werkdagen geleverd.<\/p><p>Verzending bij aankoop naar <strong>Bulgarije, Cyprus, Estland, Hongarije, Letland, Litouwen, Luxemburg, Malta, Polen, Roemeni\u00eb, Sloveni\u00eb, Slowakije en Tsjechi\u00eb.<\/strong> hebben een vast tarief van <strong>50,00 euro (ex btw)<\/strong> en wordt binnen 3-5 werkdagen geleverd.<\/p><p>Voor verzending buiten de EU-regio worden extra kosten in rekening gebracht. Deze toeslag wordt v\u00f3\u00f3r verzending met de klant bevestigd.<\/p><hr><h2><strong>VERZEKERING<\/strong><\/h2><p>Onze zendingen zijn <strong>volledig verzekerd<\/strong>.<\/p><hr><h2><strong>ANNULERINGS- EN RETOURBELEID<\/strong><\/h2><p>Bij Belgium Diamonds Ltd. zijn we er trots op dat we sieraden van hoge kwaliteit en op bestelling maken. We begrijpen dat plannen soms veranderen, daarom bieden we een <strong>14 dagen retour- en annuleringstermijn.<\/strong><\/p><p><strong>Een retour of annulering aanvragen:<\/strong><br>Stuur ons een e-mail met je bestelnummer en een korte beschrijving van het artikel en de reden voor het retourneren. Ons team zal je door de volgende stappen begeleiden.<\/p><p><strong>Let op:<\/strong><\/p><ul><li><p>Al onze standaard sieraden vallen onder deze clausule. Op maat gemaakte en gepersonaliseerde sieraden vallen niet onder deze clausule. In overeenstemming met de EU-wetgeving inzake consumentenbescherming komen dergelijke artikelen niet in aanmerking voor volledige terugbetaling.<\/p><\/li><li><p>Om de administratieve kosten te dekken, wordt een bedrag van <strong>20% (minimaal \u20ac180 excl. btw)<\/strong> wordt toegepast op je restitutie.<\/p><\/li><li><p>Voor op maat gemaakte en gepersonaliseerde sieraden wordt een schatting van het materiaal en de stenen berekend bij ontvangst van het item en wordt een offerte naar de klant gestuurd. Indien deze offerte aanvaard wordt, dan zal het geld teruggestort worden binnen een periode van 90 dagen. Indien de offerte geweigerd wordt, zal Belgium Diamonds het juweel gratis terugsturen naar de klant.<\/p><\/li><li><p>De verzendkosten om het artikel terug te sturen naar Belgium Diamonds Ltd zijn ten laste en verantwoordelijkheid van de klant. Belgium Diamonds draagt geen verantwoordelijkheid voor de retourzending door de klant.<\/p><\/li><\/ul><p>We waarderen je begrip en staan klaar om je bij elke stap te helpen.<\/p><hr><h2><strong>LOSSE DIAMANTEN<\/strong><\/h2><p>Bij BelgiumDiamonds.be streven we naar uitzonderlijke kwaliteit en service. We begrijpen dat de aankoop van mooie juwelen en diamanten een belangrijke beslissing is. Daarom bieden we een <strong>14-dagen annulerings- en retourbeleid<\/strong> op in aanmerking komende artikelen.<\/p><p><strong>Een retour of annulering aanvragen<\/strong><br>Om het proces te starten, stuur ons binnen 14 dagen na je aankoop een e-mail met je bestelnummer en de reden voor het retourneren. Ons team zal je door de nodige stappen begeleiden.<\/p><p><strong>Vergoedingen en aftrekposten<\/strong><br>Als gevolg van schommelingen op de diamantmarkt en kosten in verband met administratie, verwerking en veilige verzending, zijn de volgende tarieven van toepassing:<\/p><ul><li><p>Om de administratieve kosten te dekken, wordt een bedrag van <strong>20% (minimaal \u20ac180 excl. btw)<\/strong> zal worden toegepast op je restitutie. Voor op maat gemaakte artikelen wordt de niet-restitueerbare aanbetaling van <strong>35%<\/strong> wordt behouden.<\/p><\/li><li><p>Eventuele marktschommelingen op de diamant(en) zullen ook worden afgetrokken van het restitutiebedrag.<\/p><\/li><\/ul><p><strong>Belangrijk:<\/strong> Diamanten moeten verzegeld, met een laser gegraveerd en in originele staat worden geretourneerd. Als de verzegeling verbroken is, de steen niet verzegeld is of als er schade geconstateerd is, wordt de retourzending niet geaccepteerd en zal er geen geld teruggegeven worden.<\/p><p><strong>Verwerkingstijd restitutie<\/strong><br>Houd er rekening mee dat de vergoeding voor diamanten en edelstenen kan oplopen tot <strong>90 dagen<\/strong> na ontvangst en bevestiging van de geretourneerde artikelen.<\/p><hr><h2><strong>SPECIALE BESTELLINGEN &amp; AANGEPASTE ONTWERPEN<\/strong><\/h2><p>Voor op maat gemaakte sieraden is een <strong>35% statiegeld<\/strong> is vereist op het moment van bestellen.<\/p><ul><li><p>Deze aanbetaling wordt niet gerestitueerd als de bestelling wordt geannuleerd, omdat deze artikelen specifiek op jouw verzoek worden gemaakt en extra arbeid en materialen vereisen.<\/p><\/li><\/ul><hr><h2><strong>DETAILS OVER SIERADEN EN RETOURNEREN<\/strong><\/h2><p>Alle retourzendingen en retouraanvragen worden behandeld en verwerkt door <strong>Belgium Diamonds Ltd.<\/strong><br><strong>E-mail:<\/strong> <a href=\"mailto:info@belgiumdiamonds.be\">info@belgiumdiamonds.be<\/a><br><strong>Postadres:<\/strong> Hoveniersstraat 2 ADC-gebouw, Off 322, bus 311, Antwerpen 2018, Belgi\u00eb<\/p><hr><h2><strong>AANKOOPGOEDKEURING<\/strong><\/h2><p>Alle aankopen zijn onderhevig aan de <strong>definitieve goedkeuring<\/strong> van <strong>Belgium Diamonds Ltd.<\/strong><\/p><p>Als een artikel niet beschikbaar is, krijg je een vervangend artikel aangeboden. Als je het vervangende artikel niet accepteert, ontvang je een 100% terugbetaling.<\/p><p>Als de weergegeven prijs en \/ of producteigenschappen onjuist zijn als gevolg van technische of administratieve problemen, hebben we de discretie om de transactie te weigeren, in welk geval u een 100% terugbetaling ontvangen.<\/p><hr><h2><strong>GARANTIE NA LEVERING<\/strong><\/h2><p>We doen er alles aan om de kwaliteit en het vakmanschap van je sieraden te garanderen. Na ontvangst van uw item, bent u gedekt door onze <strong>garantie en waarborg na verkoop.<\/strong><\/p><p>Als je denkt dat je artikel een fabricagefout heeft, kun je het aan ons retourneren voor inspectie binnen <strong>14 dagen na ontvangst.<\/strong> Als onze beoordeling bevestigt dat er sprake is van een fabricagefout, zullen we het artikel naar eigen goeddunken repareren of vervangen.<\/p><p>Als onderdeel van onze toewijding aan klantenzorg bieden we een <strong>eenmalig gratis resizen en professioneel schoonmaken<\/strong>, Dit is inclusief een volledige inspectie van uw sieraden. Klanten zijn alleen verantwoordelijk voor de verzendkosten.<\/p><p><strong>Let op:<\/strong><br>We aanvaarden geen verantwoordelijkheid voor diamanten, edelstenen of andere materialen die verloren gaan of uit hun zetting vallen na levering. Daarom raden we je sterk aan om je sieraden te verzekeren zodra je ze ontvangt.<\/p><p>Een factuur en taxatiecertificaat worden voor verzekeringsdoeleinden bij je pakket geleverd.<\/p>\n\t\t\t\t\t<\/div>\n\t\t\t\t\t\t<\/div>\n\t\t\t\t<\/div>\n\t\t\t\t\t<\/div>\n\t\t\t\t<\/div>\n\t\t\t\t<\/div>","protected":false},"excerpt":{"rendered":"<p>GENERAL Please read these terms and conditions (\u201cTerms and Conditions\u201d) carefully. By using this website, you agree to be bound<\/p>","protected":false},"author":244474332,"featured_media":0,"parent":0,"menu_order":0,"comment_status":"closed","ping_status":"closed","template":"","meta":{"_acf_changed":false,"footnotes":""},"class_list":["post-9617","page","type-page","status-publish","hentry"],"acf":[],"_links":{"self":[{"href":"https:\/\/belgiumdiamonds.be\/nl\/wp-json\/wp\/v2\/pages\/9617","targetHints":{"allow":["GET"]}}],"collection":[{"href":"https:\/\/belgiumdiamonds.be\/nl\/wp-json\/wp\/v2\/pages"}],"about":[{"href":"https:\/\/belgiumdiamonds.be\/nl\/wp-json\/wp\/v2\/types\/page"}],"author":[{"embeddable":true,"href":"https:\/\/belgiumdiamonds.be\/nl\/wp-json\/wp\/v2\/users\/244474332"}],"replies":[{"embeddable":true,"href":"https:\/\/belgiumdiamonds.be\/nl\/wp-json\/wp\/v2\/comments?post=9617"}],"version-history":[{"count":6,"href":"https:\/\/belgiumdiamonds.be\/nl\/wp-json\/wp\/v2\/pages\/9617\/revisions"}],"predecessor-version":[{"id":32520,"href":"https:\/\/belgiumdiamonds.be\/nl\/wp-json\/wp\/v2\/pages\/9617\/revisions\/32520"}],"wp:attachment":[{"href":"https:\/\/belgiumdiamonds.be\/nl\/wp-json\/wp\/v2\/media?parent=9617"}],"curies":[{"name":"wp","href":"https:\/\/api.w.org\/{rel}","templated":true}]}}