{"id":8093,"date":"2024-01-23T08:00:23","date_gmt":"2024-01-23T08:00:23","guid":{"rendered":"https:\/\/belgiumdiamond.petpetshopi.shop\/?page_id=8093"},"modified":"2026-01-18T09:18:26","modified_gmt":"2026-01-18T08:18:26","slug":"belgiumdiamondsltd-com-uniwersytet-diamentow","status":"publish","type":"page","link":"https:\/\/belgiumdiamonds.be\/pl\/belgiumdiamondsltd-com-diamond-university\/","title":{"rendered":"Uniwersytet Diament\u00f3w Belgii"},"content":{"rendered":"<div data-elementor-type=\"wp-page\" data-elementor-id=\"8093\" class=\"elementor elementor-8093\">\n\t\t\t\t<div class=\"wd-negative-gap elementor-element elementor-element-18e4eea e-flex e-con-boxed e-con e-parent\" data-id=\"18e4eea\" data-element_type=\"container\" data-e-type=\"container\">\n\t\t\t\t\t<div class=\"e-con-inner\">\n\t\t\t\t<div class=\"elementor-element elementor-element-2635d8a elementor-widget elementor-widget-wd_text_block\" data-id=\"2635d8a\" data-element_type=\"widget\" data-e-type=\"widget\" data-widget_type=\"wd_text_block.default\">\n\t\t\t\t<div class=\"elementor-widget-container\">\n\t\t\t\t\t\t\t<div class=\"wd-text-block reset-last-child text-left\">\n\t\t\t\n\t\t\t<p>Warto\u015b\u0107 naturalnych diament\u00f3w jest okre\u015blana przez kilka parametr\u00f3w; s\u0105 one powszechnie nazywane \u201cCzterema C\u201d. Sk\u0142adaj\u0105 si\u0119 na nie <strong>The<\/strong>\u00a0<strong>Karat, szlif, przejrzysto\u015b\u0107,<\/strong>\u00a0oraz\u00a0<strong>Kolor<\/strong>\u00a0diament\u00f3w. Ka\u017cdy z tych temat\u00f3w jest wyja\u015bniony osobno, aby da\u0107 ci, kupuj\u0105cemu, wyobra\u017cenie o tym, kt\u00f3ry z nich jest dla ciebie priorytetem, co jest dla ciebie najwa\u017cniejsze w klejnocie.<\/p>\n\t\t\t\t\t<\/div>\n\t\t\t\t\t\t<\/div>\n\t\t\t\t<\/div>\n\t\t\t\t\t<\/div>\n\t\t\t\t<\/div>\n\t\t\t\t<section class=\"wd-negative-gap elementor-section elementor-top-section elementor-element elementor-element-7f20f594 elementor-section-content-middle elementor-section-boxed elementor-section-height-default elementor-section-height-default\" data-id=\"7f20f594\" data-element_type=\"section\" data-e-type=\"section\">\n\t\t\t\t\t\t<div class=\"elementor-container elementor-column-gap-extended\">\n\t\t\t\t\t<div class=\"elementor-column elementor-col-50 elementor-top-column elementor-element elementor-element-18f3d868\" data-id=\"18f3d868\" data-element_type=\"column\" data-e-type=\"column\">\n\t\t\t<div class=\"elementor-widget-wrap elementor-element-populated\">\n\t\t\t\t\t\t<div class=\"elementor-element elementor-element-5e8e04bd wd-width-100 elementor-widget elementor-widget-wd_images_gallery\" data-id=\"5e8e04bd\" data-element_type=\"widget\" data-e-type=\"widget\" data-widget_type=\"wd_images_gallery.default\">\n\t\t\t\t<div class=\"elementor-widget-container\">\n\t\t\t\t\t\t\t<div class=\"wd-images-gallery\" style=\"--wd-align-items:center; --wd-justify-content:center;\">\n\t\t\t\t\t\t<div class=\"wd-grid-g\" style=\"--wd-col-lg:2;--wd-col-md:2;--wd-col-sm:2;--wd-gap-lg:20px;--wd-gap-sm:10px;\" >\n\t\t\t\t\t\t\t\t\t\t\t\t\t\t\t\t\t\t<div class=\"wd-gallery-item wd-col\">\n\t\t\t\t\t\t\n\t\t\t\t\t\t<img loading=\"lazy\" decoding=\"async\" width=\"300\" height=\"300\" src=\"https:\/\/belgiumdiamonds.be\/wp-content\/uploads\/2025\/09\/Picture1.webp\" class=\"attachment-full size-full\" alt=\"Diamenty Belgii\" srcset=\"https:\/\/belgiumdiamonds.be\/wp-content\/uploads\/2025\/09\/Picture1.webp 300w, https:\/\/belgiumdiamonds.be\/wp-content\/uploads\/2025\/09\/Picture1-150x150.webp 150w\" sizes=\"auto, (max-width: 300px) 100vw, 300px\" \/>\n\t\t\t\t\t\t\t\t\t\t\t<\/div>\n\t\t\t\t\t\t\t\t\t\t\t\t\t<\/div>\n\t\t\t\t\t<\/div>\n\t\t\t\t\t\t<\/div>\n\t\t\t\t<\/div>\n\t\t\t\t\t<\/div>\n\t\t<\/div>\n\t\t\t\t<div class=\"elementor-column elementor-col-50 elementor-top-column elementor-element elementor-element-2ce67285\" data-id=\"2ce67285\" data-element_type=\"column\" data-e-type=\"column\">\n\t\t\t<div class=\"elementor-widget-wrap elementor-element-populated\">\n\t\t\t\t\t\t<div class=\"elementor-element elementor-element-16c06626 wd-width-100 elementor-widget elementor-widget-wd_title\" data-id=\"16c06626\" data-element_type=\"widget\" data-e-type=\"widget\" data-widget_type=\"wd_title.default\">\n\t\t\t\t<div class=\"elementor-widget-container\">\n\t\t\t\t\t\t\t<div class=\"title-wrapper wd-set-mb reset-last-child wd-title-color-default wd-title-style-shadow wd-title-size-default text-left\">\n\n\t\t\t\n\t\t\t<div class=\"liner-continer\">\n\t\t\t\t<h4 class=\"woodmart-title-container title wd-fontsize-l\">CARAT<\/h4> \n\t\t\t\t\t\t\t<\/div>\n\n\t\t\t\t\t<\/div>\n\t\t\t\t\t\t<\/div>\n\t\t\t\t<\/div>\n\t\t\t\t<div class=\"elementor-element elementor-element-2573b861 elementor-widget elementor-widget-wd_text_block\" data-id=\"2573b861\" data-element_type=\"widget\" data-e-type=\"widget\" data-widget_type=\"wd_text_block.default\">\n\t\t\t\t<div class=\"elementor-widget-container\">\n\t\t\t\t\t\t\t<div class=\"wd-text-block reset-last-child text-left\">\n\t\t\t\n\t\t\t<p>Waga diament\u00f3w jest wyra\u017cana w karatach, wi\u0119c 1 karat odpowiada w przybli\u017ceniu 0,20 grama. Dziesi\u0119tne cz\u0119\u015bci wagi diamentu nazywane s\u0105 punktami, 100 punkt\u00f3w r\u00f3wna si\u0119 1 karat. W przeciwie\u0144stwie do z\u0142ota, karat okre\u015bla tylko wag\u0119 kamienia, w z\u0142ocie okre\u015bla czysto\u015b\u0107 z\u0142ota, np. 18 karat\u00f3w. Waga jest okre\u015blana na skali i jest r\u00f3wnie\u017c wymieniona w certyfikacie ka\u017cdego diamentu.<\/p>\n<p>Kr\u00f3tko m\u00f3wi\u0105c, Diament\u00a0<em>1,85 karata<\/em>\u00a0wa\u017cy 1 karat i 85 punkt\u00f3w.<\/p>\n\n\t\t\t\t\t<\/div>\n\t\t\t\t\t\t<\/div>\n\t\t\t\t<\/div>\n\t\t\t\t\t<\/div>\n\t\t<\/div>\n\t\t\t\t\t<\/div>\n\t\t<\/section>\n\t\t\t\t<section class=\"wd-negative-gap elementor-section elementor-top-section elementor-element elementor-element-3698a871 elementor-section-content-middle elementor-reverse-tablet elementor-reverse-mobile elementor-section-boxed elementor-section-height-default elementor-section-height-default\" data-id=\"3698a871\" data-element_type=\"section\" data-e-type=\"section\">\n\t\t\t\t\t\t<div class=\"elementor-container elementor-column-gap-extended\">\n\t\t\t\t\t<div class=\"elementor-column elementor-col-50 elementor-top-column elementor-element elementor-element-ed9e851\" data-id=\"ed9e851\" data-element_type=\"column\" data-e-type=\"column\">\n\t\t\t<div class=\"elementor-widget-wrap elementor-element-populated\">\n\t\t\t\t\t\t<div class=\"elementor-element elementor-element-587f5698 wd-width-100 elementor-widget elementor-widget-wd_title\" data-id=\"587f5698\" data-element_type=\"widget\" data-e-type=\"widget\" data-widget_type=\"wd_title.default\">\n\t\t\t\t<div class=\"elementor-widget-container\">\n\t\t\t\t\t\t\t<div class=\"title-wrapper wd-set-mb reset-last-child wd-title-color-default wd-title-style-shadow wd-title-size-default text-left\">\n\n\t\t\t\n\t\t\t<div class=\"liner-continer\">\n\t\t\t\t<h4 class=\"woodmart-title-container title wd-fontsize-l\"> JASNO\u015a\u0106<\/h4> \n\t\t\t\t\t\t\t<\/div>\n\n\t\t\t\t\t<\/div>\n\t\t\t\t\t\t<\/div>\n\t\t\t\t<\/div>\n\t\t\t\t<div class=\"elementor-element elementor-element-3ca1fdb4 elementor-widget elementor-widget-wd_text_block\" data-id=\"3ca1fdb4\" data-element_type=\"widget\" data-e-type=\"widget\" data-widget_type=\"wd_text_block.default\">\n\t\t\t\t<div class=\"elementor-widget-container\">\n\t\t\t\t\t\t\t<div class=\"wd-text-block reset-last-child text-left\">\n\t\t\t\n\t\t\t<p>Czysto\u015b\u0107 naturalnego diamentu opiera si\u0119 na obecno\u015bci naturalnych zanieczyszcze\u0144 lub \u201cinkluzji\u201d wewn\u0105trz kamienia. Podczas formowania si\u0119 diamentu w procesie krystalizacji mog\u0105 zosta\u0107 w nim uwi\u0119zione zanieczyszczenia, takie jak brud lub p\u0119cherzyki gazu. Te inkluzje s\u0105 cz\u0119\u015bci\u0105 tego, co czyni kamie\u0144 wyj\u0105tkowym. S\u0105 one zjawiskiem naturalnym i zawsze staramy si\u0119 znale\u017a\u0107 diamenty z inkluzjami, kt\u00f3re s\u0105 niewidoczne go\u0142ym okiem (Eye-clean). Tylko oko\u0142o 1-2% naturalnych diament\u00f3w na ca\u0142ym \u015bwiecie jest ca\u0142kowicie czystych lub wewn\u0119trznie nieskazitelnych. S\u0105 one oczywi\u015bcie znacznie dro\u017csze ze wzgl\u0119du na ich rzadko\u015b\u0107.\u00a0<\/p>\n\t\t\t\t\t<\/div>\n\t\t\t\t\t\t<\/div>\n\t\t\t\t<\/div>\n\t\t\t\t\t<\/div>\n\t\t<\/div>\n\t\t\t\t<div class=\"elementor-column elementor-col-50 elementor-top-column elementor-element elementor-element-7bb309c9\" data-id=\"7bb309c9\" data-element_type=\"column\" data-e-type=\"column\">\n\t\t\t<div class=\"elementor-widget-wrap elementor-element-populated\">\n\t\t\t\t\t\t<div class=\"elementor-element elementor-element-4a161ed0 elementor-widget elementor-widget-wd_image_or_svg\" data-id=\"4a161ed0\" data-element_type=\"widget\" data-e-type=\"widget\" data-widget_type=\"wd_image_or_svg.default\">\n\t\t\t\t<div class=\"elementor-widget-container\">\n\t\t\t\t\t\n\t\t<div class=\"wd-image text-left\">\n\t\t\t\t\t\t\t\t<img loading=\"lazy\" decoding=\"async\" width=\"944\" height=\"576\" src=\"https:\/\/belgiumdiamonds.be\/wp-content\/uploads\/2025\/09\/Picture2.webp\" class=\"attachment-full size-full\" alt=\"Diamenty Belgii\" srcset=\"https:\/\/belgiumdiamonds.be\/wp-content\/uploads\/2025\/09\/Picture2.webp 944w, https:\/\/belgiumdiamonds.be\/wp-content\/uploads\/2025\/09\/Picture2-430x262.webp 430w, https:\/\/belgiumdiamonds.be\/wp-content\/uploads\/2025\/09\/Picture2-150x92.webp 150w, https:\/\/belgiumdiamonds.be\/wp-content\/uploads\/2025\/09\/Picture2-700x427.webp 700w, https:\/\/belgiumdiamonds.be\/wp-content\/uploads\/2025\/09\/Picture2-400x244.webp 400w, https:\/\/belgiumdiamonds.be\/wp-content\/uploads\/2025\/09\/Picture2-768x469.webp 768w\" sizes=\"auto, (max-width: 944px) 100vw, 944px\" \/>\t\t\t\t\t<\/div>\n\n\t\t\t\t\t\t<\/div>\n\t\t\t\t<\/div>\n\t\t\t\t\t<\/div>\n\t\t<\/div>\n\t\t\t\t\t<\/div>\n\t\t<\/section>\n\t\t\t\t<section class=\"wd-negative-gap elementor-section elementor-top-section elementor-element elementor-element-e7a4645 elementor-section-content-middle elementor-section-boxed elementor-section-height-default elementor-section-height-default\" data-id=\"e7a4645\" data-element_type=\"section\" data-e-type=\"section\">\n\t\t\t\t\t\t<div class=\"elementor-container elementor-column-gap-extended\">\n\t\t\t\t\t<div class=\"elementor-column elementor-col-50 elementor-top-column elementor-element elementor-element-4d3b0a36\" data-id=\"4d3b0a36\" data-element_type=\"column\" data-e-type=\"column\">\n\t\t\t<div class=\"elementor-widget-wrap elementor-element-populated\">\n\t\t\t\t\t\t<div class=\"elementor-element elementor-element-1dff91f elementor-widget elementor-widget-wd_image_or_svg\" data-id=\"1dff91f\" data-element_type=\"widget\" data-e-type=\"widget\" data-widget_type=\"wd_image_or_svg.default\">\n\t\t\t\t<div class=\"elementor-widget-container\">\n\t\t\t\t\t\n\t\t<div class=\"wd-image text-left\">\n\t\t\t\t\t\t\t\t<img loading=\"lazy\" decoding=\"async\" width=\"839\" height=\"395\" src=\"https:\/\/belgiumdiamonds.be\/wp-content\/uploads\/2025\/09\/Picture3.webp\" class=\"attachment-full size-full\" alt=\"Diamenty Belgii\" srcset=\"https:\/\/belgiumdiamonds.be\/wp-content\/uploads\/2025\/09\/Picture3.webp 839w, https:\/\/belgiumdiamonds.be\/wp-content\/uploads\/2025\/09\/Picture3-430x202.webp 430w, https:\/\/belgiumdiamonds.be\/wp-content\/uploads\/2025\/09\/Picture3-150x71.webp 150w, https:\/\/belgiumdiamonds.be\/wp-content\/uploads\/2025\/09\/Picture3-700x330.webp 700w, https:\/\/belgiumdiamonds.be\/wp-content\/uploads\/2025\/09\/Picture3-400x188.webp 400w, https:\/\/belgiumdiamonds.be\/wp-content\/uploads\/2025\/09\/Picture3-768x362.webp 768w\" sizes=\"auto, (max-width: 839px) 100vw, 839px\" \/>\t\t\t\t\t<\/div>\n\n\t\t\t\t\t\t<\/div>\n\t\t\t\t<\/div>\n\t\t\t\t\t<\/div>\n\t\t<\/div>\n\t\t\t\t<div class=\"elementor-column elementor-col-50 elementor-top-column elementor-element elementor-element-7e5c7c59\" data-id=\"7e5c7c59\" data-element_type=\"column\" data-e-type=\"column\">\n\t\t\t<div class=\"elementor-widget-wrap elementor-element-populated\">\n\t\t\t\t\t\t<div class=\"elementor-element elementor-element-2e63a0a0 wd-width-100 elementor-widget elementor-widget-wd_title\" data-id=\"2e63a0a0\" data-element_type=\"widget\" data-e-type=\"widget\" data-widget_type=\"wd_title.default\">\n\t\t\t\t<div class=\"elementor-widget-container\">\n\t\t\t\t\t\t\t<div class=\"title-wrapper wd-set-mb reset-last-child wd-title-color-default wd-title-style-shadow wd-title-size-default text-left\">\n\n\t\t\t\n\t\t\t<div class=\"liner-continer\">\n\t\t\t\t<h4 class=\"woodmart-title-container title wd-fontsize-l\">KOLOR<\/h4> \n\t\t\t\t\t\t\t<\/div>\n\n\t\t\t\t\t<\/div>\n\t\t\t\t\t\t<\/div>\n\t\t\t\t<\/div>\n\t\t\t\t<div class=\"elementor-element elementor-element-2bbea1db elementor-widget elementor-widget-wd_text_block\" data-id=\"2bbea1db\" data-element_type=\"widget\" data-e-type=\"widget\" data-widget_type=\"wd_text_block.default\">\n\t\t\t\t<div class=\"elementor-widget-container\">\n\t\t\t\t\t\t\t<div class=\"wd-text-block reset-last-child text-left\">\n\t\t\t\n\t\t\t<p>Ponad 90% wszystkich naturalnych diament\u00f3w ma \u017c\u00f3\u0142tawy odcie\u0144. Intensywno\u015b\u0107 nasycenia koloru w diamencie jest tym, co okre\u015bla klas\u0119 koloru. Im ni\u017csze nasycenie koloru w kamieniu, tym bielszy b\u0119dzie on wygl\u0105da\u0142 i tym wy\u017csza b\u0119dzie jego warto\u015b\u0107. Kolor naturalnych diament\u00f3w jest okre\u015blany liter\u0105, najwy\u017cszy kolor b\u0119dzie zdefiniowany jako kolor \u201cD\u201d. Nast\u0119pnie przechodzimy do litery \u201cZ\u201d.<\/p>\n<p>\u00a0Je\u015bli nasycenie kolor\u00f3w jest ekstremalnie wysokie, otrzymujemy inn\u0105 kategori\u0119, g\u0142\u00f3wnie\u00a0<strong><u>FANCY COLORS<\/u>.<\/strong><\/p>\n<p>Te naturalne diamenty s\u0105 bardzo nasycone kolorami. W zale\u017cno\u015bci od rodzaju koloru warto\u015b\u0107 skacze w g\u00f3r\u0119. Im rzadszy kolor, tym wy\u017csza warto\u015b\u0107. Oznacza to, \u017ce czerwony, niebieski, r\u00f3\u017cowy, zielony i pomara\u0144czowy s\u0105 najrzadszymi kolorami i mog\u0105 osi\u0105ga\u0107 bardzo wysokie warto\u015bci.<\/p>\n\n\t\t\t\t\t<\/div>\n\t\t\t\t\t\t<\/div>\n\t\t\t\t<\/div>\n\t\t\t\t\t<\/div>\n\t\t<\/div>\n\t\t\t\t\t<\/div>\n\t\t<\/section>\n\t\t\t\t<section class=\"wd-negative-gap elementor-section elementor-top-section elementor-element elementor-element-dd6a561 elementor-section-content-middle elementor-reverse-tablet elementor-reverse-mobile elementor-section-boxed elementor-section-height-default elementor-section-height-default\" data-id=\"dd6a561\" data-element_type=\"section\" data-e-type=\"section\">\n\t\t\t\t\t\t<div class=\"elementor-container elementor-column-gap-extended\">\n\t\t\t\t\t<div class=\"elementor-column elementor-col-50 elementor-top-column elementor-element elementor-element-a124df9\" data-id=\"a124df9\" data-element_type=\"column\" data-e-type=\"column\">\n\t\t\t<div class=\"elementor-widget-wrap elementor-element-populated\">\n\t\t\t\t\t\t<div class=\"elementor-element elementor-element-958869d wd-width-100 elementor-widget elementor-widget-wd_title\" data-id=\"958869d\" data-element_type=\"widget\" data-e-type=\"widget\" data-widget_type=\"wd_title.default\">\n\t\t\t\t<div class=\"elementor-widget-container\">\n\t\t\t\t\t\t\t<div class=\"title-wrapper wd-set-mb reset-last-child wd-title-color-default wd-title-style-shadow wd-title-size-default text-left\">\n\n\t\t\t\n\t\t\t<div class=\"liner-continer\">\n\t\t\t\t<h4 class=\"woodmart-title-container title wd-fontsize-l\"> CI\u0118CIE<\/h4> \n\t\t\t\t\t\t\t<\/div>\n\n\t\t\t\t\t<\/div>\n\t\t\t\t\t\t<\/div>\n\t\t\t\t<\/div>\n\t\t\t\t<div class=\"elementor-element elementor-element-1de9545 elementor-widget elementor-widget-wd_text_block\" data-id=\"1de9545\" data-element_type=\"widget\" data-e-type=\"widget\" data-widget_type=\"wd_text_block.default\">\n\t\t\t\t<div class=\"elementor-widget-container\">\n\t\t\t\t\t\t\t<div class=\"wd-text-block reset-last-child text-left\">\n\t\t\t\n\t\t\t<p>Proporcje i symetria oraz klasa wyko\u0144czenia diamentu okre\u015blaj\u0105 jako\u015b\u0107 ci\u0119cia. Dobry stopie\u0144 wyko\u0144czenia \u015bwiadczy o jako\u015bci pracy szlifierza diament\u00f3w. Odnosi si\u0119 do symetrii faset i ich og\u00f3lnego wyko\u0144czenia. Najlepiej oszlifowane diamenty maj\u0105 r\u00f3wnie\u017c odpowiednie proporcje mi\u0119dzy r\u00f3\u017cnymi cz\u0119\u015bciami diamentu. Je\u015bli proporcje te nie s\u0105 optymalne, wp\u0142ywa to na ogie\u0144 i scyntylacj\u0119 diamentu i mog\u0105 wyst\u0105pi\u0107 niepo\u017c\u0105dane efekty wizualne. Opr\u00f3cz najpopularniejszego szlifu brylantowego, istnieje szereg innych cz\u0119sto u\u017cywanych modeli, a tak\u017ce mo\u017cna natkn\u0105\u0107 si\u0119 na wspania\u0142e diamenty o szlifie fantazyjnym... Klasa szlifu opisuje szereg parametr\u00f3w naturalnego diamentu: proporcje, rozmiar kuwety i sto\u0142u, grubo\u015b\u0107 obr\u0119czy, polerowanie i symetri\u0119.<\/p>\n<p>Cztery C to \u015bwietne narz\u0119dzie, z kt\u00f3rego mo\u017cna skorzysta\u0107, rozwa\u017caj\u0105c zakup kamienia. Dla ka\u017cdej osoby znaczenie 4C b\u0119dzie inne. Wi\u0119kszo\u015b\u0107 klient\u00f3w b\u0119dzie na pocz\u0105tku prosi\u0107 o idealny kamie\u0144, co oznacza doskona\u0142e ci\u0119cie, nieskazitelno\u015b\u0107 i najwy\u017cszy kolor...., ale rzadko mog\u0105 za to zap\u0142aci\u0107...<\/p>\n<p>Twoim zadaniem b\u0119dzie poprowadzenie potencjalnego nabywcy do odpowiedniego kamienia w ramach jego bud\u017cetu. Na przyk\u0142ad, niekt\u00f3rzy ludzie b\u0119d\u0105 preferowa\u0107 wi\u0119kszy rozmiar, inni bielszy kolor, podczas gdy inni b\u0119d\u0105 preferowa\u0107 wy\u017csz\u0105 czysto\u015b\u0107......<\/p>\n<p>Ostatecznie zaufasz nam, \u017ce poprowadzimy Ci\u0119 do najlepszego kamienia....<\/p>\n\n\t\t\t\t\t<\/div>\n\t\t\t\t\t\t<\/div>\n\t\t\t\t<\/div>\n\t\t\t\t\t<\/div>\n\t\t<\/div>\n\t\t\t\t<div class=\"elementor-column elementor-col-50 elementor-top-column elementor-element elementor-element-d6c6d8b\" data-id=\"d6c6d8b\" data-element_type=\"column\" data-e-type=\"column\">\n\t\t\t<div class=\"elementor-widget-wrap elementor-element-populated\">\n\t\t\t\t\t\t<div class=\"elementor-element elementor-element-e0fcf85 elementor-widget elementor-widget-wd_image_or_svg\" data-id=\"e0fcf85\" data-element_type=\"widget\" data-e-type=\"widget\" data-widget_type=\"wd_image_or_svg.default\">\n\t\t\t\t<div class=\"elementor-widget-container\">\n\t\t\t\t\t\n\t\t<div class=\"wd-image text-left\">\n\t\t\t\t\t\t\t\t<img loading=\"lazy\" decoding=\"async\" width=\"474\" height=\"382\" src=\"https:\/\/belgiumdiamonds.be\/wp-content\/uploads\/2025\/09\/Picture4.webp\" class=\"attachment-full size-full\" alt=\"Diamenty Belgii\" srcset=\"https:\/\/belgiumdiamonds.be\/wp-content\/uploads\/2025\/09\/Picture4.webp 474w, https:\/\/belgiumdiamonds.be\/wp-content\/uploads\/2025\/09\/Picture4-430x347.webp 430w, https:\/\/belgiumdiamonds.be\/wp-content\/uploads\/2025\/09\/Picture4-150x121.webp 150w, https:\/\/belgiumdiamonds.be\/wp-content\/uploads\/2025\/09\/Picture4-372x300.webp 372w\" sizes=\"auto, (max-width: 474px) 100vw, 474px\" \/>\t\t\t\t\t<\/div>\n\n\t\t\t\t\t\t<\/div>\n\t\t\t\t<\/div>\n\t\t\t\t\t<\/div>\n\t\t<\/div>\n\t\t\t\t\t<\/div>\n\t\t<\/section>\n\t\t\t\t<\/div>","protected":false},"excerpt":{"rendered":"<p>The Value of Natural Diamonds are determined by several parameters; these are commonly called \u201cThe Four C\u2019s\u201d. They are composed<\/p>","protected":false},"author":244474332,"featured_media":0,"parent":0,"menu_order":0,"comment_status":"closed","ping_status":"closed","template":"","meta":{"_acf_changed":false,"footnotes":""},"class_list":["post-8093","page","type-page","status-publish","hentry"],"acf":[],"_hostinger_reach_plugin_has_subscription_block":false,"_hostinger_reach_plugin_is_elementor":false,"_links":{"self":[{"href":"https:\/\/belgiumdiamonds.be\/pl\/wp-json\/wp\/v2\/pages\/8093","targetHints":{"allow":["GET"]}}],"collection":[{"href":"https:\/\/belgiumdiamonds.be\/pl\/wp-json\/wp\/v2\/pages"}],"about":[{"href":"https:\/\/belgiumdiamonds.be\/pl\/wp-json\/wp\/v2\/types\/page"}],"author":[{"embeddable":true,"href":"https:\/\/belgiumdiamonds.be\/pl\/wp-json\/wp\/v2\/users\/244474332"}],"replies":[{"embeddable":true,"href":"https:\/\/belgiumdiamonds.be\/pl\/wp-json\/wp\/v2\/comments?post=8093"}],"version-history":[{"count":1,"href":"https:\/\/belgiumdiamonds.be\/pl\/wp-json\/wp\/v2\/pages\/8093\/revisions"}],"predecessor-version":[{"id":32650,"href":"https:\/\/belgiumdiamonds.be\/pl\/wp-json\/wp\/v2\/pages\/8093\/revisions\/32650"}],"wp:attachment":[{"href":"https:\/\/belgiumdiamonds.be\/pl\/wp-json\/wp\/v2\/media?parent=8093"}],"curies":[{"name":"wp","href":"https:\/\/api.w.org\/{rel}","templated":true}]}}