{"id":9609,"date":"2024-01-27T20:46:33","date_gmt":"2024-01-27T20:46:33","guid":{"rendered":"https:\/\/belgiumdiamond.petpetshopi.shop\/?page_id=9609"},"modified":"2026-01-18T09:36:45","modified_gmt":"2026-01-18T08:36:45","slug":"tva-vat-btw-iva","status":"publish","type":"page","link":"https:\/\/belgiumdiamonds.be\/pl\/tva-vat-btw-iva\/","title":{"rendered":"TVA - VAT - BTW - IVA"},"content":{"rendered":"<div data-elementor-type=\"wp-page\" data-elementor-id=\"9609\" class=\"elementor elementor-9609\">\n\t\t\t\t<div class=\"wd-negative-gap elementor-element elementor-element-df01d4e e-flex e-con-boxed e-con e-parent\" data-id=\"df01d4e\" data-element_type=\"container\" data-e-type=\"container\">\n\t\t\t\t\t<div class=\"e-con-inner\">\n\t\t\t\t<div class=\"elementor-element elementor-element-182ff82 elementor-widget elementor-widget-wd_text_block\" data-id=\"182ff82\" data-element_type=\"widget\" data-e-type=\"widget\" data-widget_type=\"wd_text_block.default\">\n\t\t\t\t<div class=\"elementor-widget-container\">\n\t\t\t\t\t\t\t<div class=\"wd-text-block reset-last-child text-left\">\n\t\t\t\n\t\t\t<h2 data-start=\"178\" data-end=\"212\">1. Zakupy diament\u00f3w bez podatku VAT<\/h2><p data-start=\"213\" data-end=\"449\">Kupowanie od <strong data-start=\"225\" data-end=\"247\">belgiumdiamonds.be<\/strong> jest idealny dla klient\u00f3w spoza UE. Wysy\u0142amy nasze produkty ekspresowymi, ubezpieczonymi firmami spedycyjnymi na ca\u0142ym \u015bwiecie. Klienci spoza UE i zarejestrowane firmy s\u0105 zwolnione z p\u0142acenia podatku VAT.<\/p><p data-start=\"451\" data-end=\"809\">Nale\u017cy jednak pami\u0119ta\u0107, \u017ce w kraju pochodzenia mog\u0105 obowi\u0105zywa\u0107 lokalne c\u0142a przywozowe i\/lub podatek VAT. My, jako firma eksportuj\u0105ca, nie ponosimy \u017cadnej odpowiedzialno\u015bci za podatek VAT i c\u0142a importowe ani \u017cadne podatki naliczane w kraju dostawy poza UE. W zwi\u0105zku z tym zalecamy potwierdzenie u lokalnych w\u0142adz przed zakupem bez podatku.<\/p><hr data-start=\"811\" data-end=\"814\" \/><h2 data-start=\"816\" data-end=\"835\">2. Zwroty podatku VAT<\/h2><p data-start=\"836\" data-end=\"1143\">Klienci spoza UE s\u0105 uprawnieni do otrzymania <strong data-start=\"890\" data-end=\"909\">Pe\u0142ny zwrot podatku VAT<\/strong> od wszelkich towar\u00f3w zakupionych w UE, pod warunkiem, \u017ce towary zosta\u0142y wykazane, a faktura podstemplowana przez urz\u0105d celny przy wyje\u017adzie z UE. Po otrzymaniu podstemplowanego dokumentu mo\u017cemy za\u017c\u0105da\u0107 zwrotu podatku VAT i zwr\u00f3ci\u0107 pieni\u0105dze.<\/p><p data-start=\"1145\" data-end=\"1162\"><strong data-start=\"1145\" data-end=\"1160\">Warunki:<\/strong><\/p><ul data-start=\"1163\" data-end=\"1401\"><li data-start=\"1163\" data-end=\"1252\"><p data-start=\"1165\" data-end=\"1252\">Odwiedzaj\u0105cy musz\u0105 przedstawi\u0107 dow\u00f3d statusu rezydenta spoza UE (np. paszport spoza UE).<\/p><\/li><li data-start=\"1253\" data-end=\"1324\"><p data-start=\"1255\" data-end=\"1324\">Towary musz\u0105 zosta\u0107 wywiezione z UE w ci\u0105gu <strong data-start=\"1297\" data-end=\"1309\">3 miesi\u0105ce<\/strong> zakupu.<\/p><\/li><li data-start=\"1325\" data-end=\"1401\"><p data-start=\"1327\" data-end=\"1401\">Minimalna warto\u015b\u0107 zakupu od Belgium Diamonds wynosi <strong data-start=\"1378\" data-end=\"1398\">125,00 \u20ac (bez VAT)<\/strong>.<\/p><\/li><\/ul><p data-start=\"1403\" data-end=\"1430\"><strong data-start=\"1403\" data-end=\"1428\">Procedura zwrotu podatku VAT:<\/strong><\/p><ol data-start=\"1431\" data-end=\"1802\"><li data-start=\"1431\" data-end=\"1531\"><p data-start=\"1434\" data-end=\"1531\">W strefie odlot\u00f3w lotniska poka\u017c zakupione przedmioty s\u0142u\u017cbom celnym wraz z wymaganymi dokumentami.<\/p><\/li><li data-start=\"1532\" data-end=\"1585\"><p data-start=\"1535\" data-end=\"1585\">Urz\u0105d celny potwierdzi faktur\u0119 piecz\u0119ci\u0105.<\/p><\/li><li data-start=\"1586\" data-end=\"1687\"><p data-start=\"1589\" data-end=\"1687\">Prosimy o przes\u0142anie kopii podstemplowanej faktury poczt\u0105 elektroniczn\u0105: <strong data-start=\"1644\" data-end=\"1684\"><a class=\"decorated-link cursor-pointer\" rel=\"noopener\" data-start=\"1646\" data-end=\"1682\">info@belgiumdiamond.be<\/a><\/strong><\/p><\/li><li data-start=\"1688\" data-end=\"1802\"><p data-start=\"1691\" data-end=\"1802\">Aby otrzyma\u0107 zwrot podatku VAT, nale\u017cy odes\u0142a\u0107 oryginalne ostemplowane paragony wraz z danymi bankowymi na adres <strong data-start=\"1776\" data-end=\"1799\">Belgium Diamonds Bv<\/strong>.<\/p><\/li><\/ol><h3 data-start=\"1804\" data-end=\"1827\">Harmonogram zwrot\u00f3w:<\/h3><ul data-start=\"1828\" data-end=\"2193\"><li data-start=\"1828\" data-end=\"1912\"><p data-start=\"1830\" data-end=\"1912\"><strong data-start=\"1830\" data-end=\"1844\">Kwarta\u0142 1:<\/strong> Faktura otrzymana do 8 kwietnia \u2192 Zwrot mi\u0119dzy ko\u0144cem maja a po\u0142ow\u0105 czerwca.<\/p><\/li><li data-start=\"1913\" data-end=\"2004\"><p data-start=\"1915\" data-end=\"2004\"><strong data-start=\"1915\" data-end=\"1929\">Kwarta\u0142 2:<\/strong> Faktura otrzymana do 8 lipca \u2192 Zwrot mi\u0119dzy ko\u0144cem sierpnia a po\u0142ow\u0105 wrze\u015bnia.<\/p><\/li><li data-start=\"2005\" data-end=\"2100\"><p data-start=\"2007\" data-end=\"2100\"><strong data-start=\"2007\" data-end=\"2021\">Kwarta\u0142 3:<\/strong> Faktura otrzymana do 8 pa\u017adziernika \u2192 Zwrot mi\u0119dzy ko\u0144cem listopada a po\u0142ow\u0105 grudnia.<\/p><\/li><li data-start=\"2101\" data-end=\"2193\"><p data-start=\"2103\" data-end=\"2193\"><strong data-start=\"2103\" data-end=\"2117\">Kwarta\u0142 4:<\/strong> Faktura otrzymana do 8 stycznia \u2192 Zwrot mi\u0119dzy ko\u0144cem lutego a po\u0142ow\u0105 marca.<\/p><\/li><\/ul><p data-start=\"2195\" data-end=\"2216\"><strong data-start=\"2195\" data-end=\"2214\">Opcje zwrotu koszt\u00f3w:<\/strong><\/p><ul data-start=\"2217\" data-end=\"2396\"><li data-start=\"2217\" data-end=\"2286\"><p data-start=\"2219\" data-end=\"2286\">Pe\u0142ny zwrot podatku VAT: Trwa od 1 do 4 miesi\u0119cy (w zale\u017cno\u015bci od cyklu kwartalnego).<\/p><\/li><li data-start=\"2287\" data-end=\"2396\"><p data-start=\"2289\" data-end=\"2396\">Szybki zwrot: 80% zwrotu podatku VAT w ci\u0105gu 8 dni roboczych (warunkowo po zatwierdzeniu przez Belgium Diamonds Ltd.).<\/p><\/li><\/ul><hr data-start=\"2398\" data-end=\"2401\" \/><h2 data-start=\"2403\" data-end=\"2437\">Diamenty zwolnione z podatku w Szwajcarii<\/h2><p data-start=\"2438\" data-end=\"2511\">Mieszka\u0144cy Szwajcarii kupuj\u0105cy od <strong data-start=\"2466\" data-end=\"2488\">belgiumdiamonds.be<\/strong> s\u0105 zwolnione z podatku VAT.<\/p><ul data-start=\"2512\" data-end=\"2749\"><li data-start=\"2512\" data-end=\"2577\"><p data-start=\"2514\" data-end=\"2577\">Dostawa: <strong data-start=\"2524\" data-end=\"2544\">1-5 dni roboczych<\/strong>w pe\u0142ni ubezpieczony i obj\u0119ty gwarancj\u0105.<\/p><\/li><li data-start=\"2578\" data-end=\"2626\"><p data-start=\"2580\" data-end=\"2626\">Darmowa dostawa dla zakup\u00f3w powy\u017cej <strong data-start=\"2613\" data-end=\"2623\">\u20ac2,500<\/strong>.<\/p><\/li><li data-start=\"2627\" data-end=\"2683\"><p data-start=\"2629\" data-end=\"2683\">Zam\u00f3wienia w ramach <strong data-start=\"2642\" data-end=\"2652\">\u20ac2,500<\/strong>: Op\u0142ata za dostaw\u0119 w wysoko\u015bci <strong data-start=\"2673\" data-end=\"2680\">\u20ac50<\/strong>.<\/p><\/li><li data-start=\"2684\" data-end=\"2749\"><p data-start=\"2686\" data-end=\"2749\">Po przybyciu do Szwajcarii <strong data-start=\"2717\" data-end=\"2736\">7.5% podatek importowy<\/strong> mo\u017ce mie\u0107 zastosowanie.<\/p><\/li><\/ul><p data-start=\"2751\" data-end=\"2837\"><em data-start=\"2751\" data-end=\"2835\">Uwaga: Belgium Diamonds Ltd. nie ponosi odpowiedzialno\u015bci za szwajcarskie op\u0142aty celne lub podatki.<\/em><\/p><hr data-start=\"2839\" data-end=\"2842\" \/><h2 data-start=\"2844\" data-end=\"2870\">Diamenty wolne od podatku w USA<\/h2><p data-start=\"2871\" data-end=\"2936\">Dla mieszka\u0144c\u00f3w USA, zakup od <strong data-start=\"2902\" data-end=\"2924\">belgiumdiamonds.be<\/strong> zapewnia:<\/p><ul data-start=\"2937\" data-end=\"3009\"><li data-start=\"2937\" data-end=\"2955\"><p data-start=\"2939\" data-end=\"2955\"><strong data-start=\"2939\" data-end=\"2953\">Zwolniony z VAT<\/strong><\/p><\/li><li data-start=\"2956\" data-end=\"2980\"><p data-start=\"2958\" data-end=\"2980\"><strong data-start=\"2958\" data-end=\"2978\">Zwolnienie z podatku od sprzeda\u017cy<\/strong><\/p><\/li><li data-start=\"2981\" data-end=\"3009\"><p data-start=\"2983\" data-end=\"3009\"><strong data-start=\"2983\" data-end=\"3007\">Zwolnienie z nale\u017cno\u015bci celnych przywozowych<\/strong><\/p><\/li><\/ul><p data-start=\"3011\" data-end=\"3185\"><strong data-start=\"3011\" data-end=\"3020\">Uwaga:<\/strong> Op\u0142ata za przetwarzanie towar\u00f3w w wysoko\u015bci <strong data-start=\"3053\" data-end=\"3080\">0,34% warto\u015bci przesy\u0142ki<\/strong> (minimum $75, maksimum $485). P\u0142atne kurierowi przy odbiorze. Dotyczy <strong data-start=\"3159\" data-end=\"3182\">Tylko diamenty luzem<\/strong>.<\/p><h3 data-start=\"3187\" data-end=\"3214\">Zakupy bi\u017cuterii w USA<\/h3><p data-start=\"3215\" data-end=\"3254\">Import bi\u017cuterii jest opodatkowany w nast\u0119puj\u0105cy spos\u00f3b:<\/p><ul data-start=\"3255\" data-end=\"3405\"><li data-start=\"3255\" data-end=\"3278\"><p data-start=\"3257\" data-end=\"3278\">Wpisowe: <strong data-start=\"3268\" data-end=\"3276\">$120<\/strong><\/p><\/li><li data-start=\"3279\" data-end=\"3315\"><p data-start=\"3281\" data-end=\"3315\">Obowi\u0105zek: <strong data-start=\"3287\" data-end=\"3295\">5.5%<\/strong> warto\u015bci zafakturowanej<\/p><\/li><li data-start=\"3316\" data-end=\"3352\"><p data-start=\"3318\" data-end=\"3352\">MPF: <strong data-start=\"3323\" data-end=\"3332\">0.34%<\/strong> warto\u015bci zafakturowanej<\/p><\/li><li data-start=\"3353\" data-end=\"3405\"><p data-start=\"3355\" data-end=\"3405\">Obligacja pojedynczego wej\u015bcia: <strong data-start=\"3374\" data-end=\"3403\">$3,50 za ka\u017cdy zafakturowany $1,000<\/strong><\/p><\/li><\/ul><p data-start=\"3407\" data-end=\"3517\"><strong data-start=\"3407\" data-end=\"3419\">Przyk\u0142ad:<\/strong> W przypadku zakupu bi\u017cuterii o warto\u015bci $10,000, op\u0142aty wynosz\u0105 oko\u0142o. <strong data-start=\"3470\" data-end=\"3478\">$739<\/strong>p\u0142atne kurierowi przed dostaw\u0105.<\/p><hr data-start=\"3519\" data-end=\"3522\" \/><h2 data-start=\"3524\" data-end=\"3556\">Diamenty wolne od podatku w Australii<\/h2><p data-start=\"3557\" data-end=\"3644\">Dla klient\u00f3w z Australii, zakupy od <strong data-start=\"3595\" data-end=\"3615\">Diamenty Belgii<\/strong> jest wolna od podatku z naszej strony.<\/p><ul data-start=\"3645\" data-end=\"3763\"><li data-start=\"3645\" data-end=\"3704\"><p data-start=\"3647\" data-end=\"3704\">Dostawa: <strong data-start=\"3657\" data-end=\"3677\">3-5 dni roboczych<\/strong>ubezpieczone i obj\u0119te gwarancj\u0105.<\/p><\/li><li data-start=\"3705\" data-end=\"3763\"><p data-start=\"3707\" data-end=\"3763\">Koszt wysy\u0142ki: Do <strong data-start=\"3728\" data-end=\"3736\">\u20ac150<\/strong> (w zale\u017cno\u015bci od zakupu).<\/p><\/li><\/ul><p data-start=\"3765\" data-end=\"3797\"><strong data-start=\"3765\" data-end=\"3795\">Po przybyciu do Australii:<\/strong><\/p><ul data-start=\"3798\" data-end=\"3865\"><li data-start=\"3798\" data-end=\"3823\"><p data-start=\"3800\" data-end=\"3823\">Diamenty: <strong data-start=\"3810\" data-end=\"3821\">10% GST<\/strong><\/p><\/li><li data-start=\"3824\" data-end=\"3865\"><p data-start=\"3826\" data-end=\"3865\">Bi\u017cuteria: <strong data-start=\"3835\" data-end=\"3863\">10% GST + 5% c\u0142o przywozowe<\/strong><\/p><\/li><\/ul><p data-start=\"3867\" data-end=\"3958\"><em data-start=\"3867\" data-end=\"3956\">Uwaga: Belgium Diamonds Ltd. nie ponosi odpowiedzialno\u015bci za australijskie op\u0142aty celne lub podatki.<\/em><\/p>\n\t\t\t\t\t<\/div>\n\t\t\t\t\t\t<\/div>\n\t\t\t\t<\/div>\n\t\t\t\t\t<\/div>\n\t\t\t\t<\/div>\n\t\t\t\t<\/div>","protected":false},"excerpt":{"rendered":"<p>1. VAT Free Diamond Purchases Buying from belgiumdiamonds.be is perfect for customers from outside of the EU. We ship our<\/p>","protected":false},"author":244474332,"featured_media":0,"parent":0,"menu_order":0,"comment_status":"closed","ping_status":"closed","template":"","meta":{"_acf_changed":false,"footnotes":""},"class_list":["post-9609","page","type-page","status-publish","hentry"],"acf":[],"_hostinger_reach_plugin_has_subscription_block":false,"_hostinger_reach_plugin_is_elementor":false,"_links":{"self":[{"href":"https:\/\/belgiumdiamonds.be\/pl\/wp-json\/wp\/v2\/pages\/9609","targetHints":{"allow":["GET"]}}],"collection":[{"href":"https:\/\/belgiumdiamonds.be\/pl\/wp-json\/wp\/v2\/pages"}],"about":[{"href":"https:\/\/belgiumdiamonds.be\/pl\/wp-json\/wp\/v2\/types\/page"}],"author":[{"embeddable":true,"href":"https:\/\/belgiumdiamonds.be\/pl\/wp-json\/wp\/v2\/users\/244474332"}],"replies":[{"embeddable":true,"href":"https:\/\/belgiumdiamonds.be\/pl\/wp-json\/wp\/v2\/comments?post=9609"}],"version-history":[{"count":1,"href":"https:\/\/belgiumdiamonds.be\/pl\/wp-json\/wp\/v2\/pages\/9609\/revisions"}],"predecessor-version":[{"id":32677,"href":"https:\/\/belgiumdiamonds.be\/pl\/wp-json\/wp\/v2\/pages\/9609\/revisions\/32677"}],"wp:attachment":[{"href":"https:\/\/belgiumdiamonds.be\/pl\/wp-json\/wp\/v2\/media?parent=9609"}],"curies":[{"name":"wp","href":"https:\/\/api.w.org\/{rel}","templated":true}]}}