{"id":9617,"date":"2024-01-27T21:01:13","date_gmt":"2024-01-27T21:01:13","guid":{"rendered":"https:\/\/belgiumdiamond.petpetshopi.shop\/?page_id=9617"},"modified":"2026-01-18T09:35:45","modified_gmt":"2026-01-18T08:35:45","slug":"zasady-i-warunki","status":"publish","type":"page","link":"https:\/\/belgiumdiamonds.be\/pl\/terms-and-conditions\/","title":{"rendered":"ZASADY I WARUNKI"},"content":{"rendered":"<div data-elementor-type=\"wp-page\" data-elementor-id=\"9617\" class=\"elementor elementor-9617\">\n\t\t\t\t<div class=\"wd-negative-gap elementor-element elementor-element-f188d9c e-flex e-con-boxed e-con e-parent\" data-id=\"f188d9c\" data-element_type=\"container\" data-e-type=\"container\">\n\t\t\t\t\t<div class=\"e-con-inner\">\n\t\t\t\t<div class=\"elementor-element elementor-element-3f5bf12 elementor-widget elementor-widget-wd_text_block\" data-id=\"3f5bf12\" data-element_type=\"widget\" data-e-type=\"widget\" data-widget_type=\"wd_text_block.default\">\n\t\t\t\t<div class=\"elementor-widget-container\">\n\t\t\t\t\t\t\t<div class=\"wd-text-block reset-last-child text-left\">\n\t\t\t\n\t\t\t<h1><strong>OG\u00d3LNE<\/strong><\/h1><p>Prosimy o uwa\u017cne zapoznanie si\u0119 z niniejszym regulaminem (\u201cRegulamin\u201d). Korzystaj\u0105c z tej strony internetowej, u\u017cytkownik wyra\u017ca zgod\u0119 na przestrzeganie Warunk\u00f3w opisanych poni\u017cej. Je\u015bli nie zgadzasz si\u0119 na wszystkie te warunki, nie korzystaj z tej witryny ani nie dokonuj na niej \u017cadnych zakup\u00f3w.<\/p><p>Niniejszy Regulamin reguluje korzystanie przez u\u017cytkownika z witryny i dokonywanie w niej zakup\u00f3w. <strong>belgiumdiamonds.be<\/strong> i stanowi\u0105 umow\u0119 pomi\u0119dzy u\u017cytkownikiem a <strong>belgiumdiamonds.be.<\/strong><\/p><p>Belgiumdiamonds.be zastrzega sobie prawo do zmiany lub modyfikacji dowolnego z niniejszych Warunk\u00f3w lub dowolnej polityki lub wytycznych tej witryny w dowolnym momencie i wed\u0142ug w\u0142asnego uznania. Wszelkie zmiany lub modyfikacje wejd\u0105 w \u017cycie natychmiast po opublikowaniu poprawek online.<\/p><p>Dalsze korzystanie z tej witryny po opublikowaniu zmian lub modyfikacji b\u0119dzie stanowi\u0107 akceptacj\u0119 takich zmian i\/lub modyfikacji. W zwi\u0105zku z tym nale\u017cy cz\u0119sto przegl\u0105da\u0107 niniejsze Warunki i wszelkie inne obowi\u0105zuj\u0105ce zasady, aby mie\u0107 \u015bwiadomo\u015b\u0107 warunk\u00f3w, kt\u00f3re maj\u0105 zastosowanie do korzystania z tej witryny.<\/p><p>Je\u015bli u\u017cytkownik nie wyra\u017ca zgody na zmienione warunki, prosimy o niekorzystanie z tej witryny.<\/p><hr><h2><strong>STRONA<\/strong><\/h2><p>Ta strona <strong>belgiumdiamonds.be<\/strong> jest w\u0142asno\u015bci\u0105 i jest zarz\u0105dzana przez <strong>Belgium Diamonds Ltd.<\/strong><\/p><p>Wszelkie zapytania dotycz\u0105ce zam\u00f3wie\u0144 lub komentarze i pro\u015bby dotycz\u0105ce produkt\u00f3w wy\u015bwietlanych na stronie nale\u017cy kierowa\u0107 do:<br><strong>E-mail:<\/strong> <a href=\"mailto:info@belgiumdiamonds.be\">info@belgiumdiamonds.be<\/a><br><strong>Adres:<\/strong> Hoveniersstraat 2 ADC Building, Off 322, Antwerpen 2018<br><strong>Tel:<\/strong> +32 475 500 195<\/p><hr><h2><strong>ZAM\u00d3WIENIA<\/strong><\/h2><p>Realizacja zam\u00f3wie\u0144 jest przetwarzana i obs\u0142ugiwana wy\u0142\u0105cznie przez:<br><strong>Belgium Diamonds Ltd.<\/strong><br><strong>Adres:<\/strong> Hoveniersstraat 2 ADC Building, Off 322, Antwerpen 2018, Belgia<\/p><hr><h2><strong>P\u0141ATNO\u015aCI<\/strong><\/h2><p>P\u0142atno\u015bci s\u0105 przetwarzane i obs\u0142ugiwane przez <strong>Belgium Diamonds Ltd.<\/strong><\/p><p><strong>Dost\u0119pne s\u0105 nast\u0119puj\u0105ce metody p\u0142atno\u015bci:<\/strong><\/p><p><strong>Karty kredytowe:<\/strong><br>Akceptowane s\u0105 wszystkie g\u0142\u00f3wne karty kredytowe.<\/p><p><strong>Karty bankowe:<\/strong><br>Akceptowane s\u0105 wszystkie g\u0142\u00f3wne karty bankowe.<\/p><p><strong>Paypal:<\/strong><br>Transactions are limited to 5000 euro.<\/p><p><strong>Przelew bankowy:<\/strong><br>P\u0142atno\u015bci przelewem bankowym s\u0105 akceptowane w przypadku wszystkich zam\u00f3wie\u0144. (Bez op\u0142aty manipulacyjnej).<br><strong>IBAN:<\/strong> BE88737036481541<br><strong>BIC:<\/strong> KREDBEBB<br><strong>Beneficjent:<\/strong> Belgium Diamonds Ltd.<br><strong>Adres:<\/strong> Hovenierstraat 2. Off 322, 2018 Antwerpen, Belgia<\/p><p><strong>Note: We do not accept crypto payment.<\/strong><\/p><hr><h2><strong>VAT<\/strong><\/h2><p>21% VAT zostanie doliczony klientom z Unii Europejskiej (adresy wysy\u0142ki i adresy rozliczeniowe znajduj\u0105 si\u0119 w kraju UE). Klienci spoza Unii Europejskiej (adresy wysy\u0142ki i adresy rozliczeniowe nie znajduj\u0105 si\u0119 w krajach UE) s\u0105 zwolnieni z tej op\u0142aty i nie zostan\u0105 obci\u0105\u017ceni podatkiem VAT.<\/p><hr><h2><strong>WYSY\u0141KA<\/strong><\/h2><p>W pe\u0142ni ubezpieczona, regularna wysy\u0142ka poczt\u0105 na terenie UE jest bezp\u0142atna dla wszystkich zam\u00f3wie\u0144.<\/p><p>W przypadku zam\u00f3wie\u0144 o warto\u015bci powy\u017cej 2500 euro (bez VAT) zam\u00f3wienie zostanie dostarczone przez <strong>Bezp\u0142atna przesy\u0142ka priorytetowa<\/strong> w ramach <strong>1-5 dni roboczych<\/strong> ekspresowym kurierem ubezpieczonym od drzwi do drzwi, po wyprodukowaniu klejnotu.<\/p><p>W przypadku wszystkich zam\u00f3wie\u0144 o warto\u015bci poni\u017cej 2500 euro (bez VAT), zam\u00f3wienie zostanie dostarczone w ci\u0105gu <strong>3-20 dni roboczych<\/strong> i jest bezp\u0142atna.<\/p><p>Wysy\u0142ka przy zakupach poni\u017cej 2500 euro do <strong>Austria, Belgia, Dania, Finlandia, Francja, Niemcy, Gibraltar, Grecja, Irlandia, W\u0142ochy, Holandia, Portugalia, Hiszpania, Szwecja, Wielka Brytania<\/strong> mo\u017cna zaktualizowa\u0107 do <strong>Wysy\u0142ka priorytetowa<\/strong> dla <strong>50,00 euro (bez VAT)<\/strong> i zostanie dostarczona w ci\u0105gu 3-5 dni roboczych.<\/p><p>Wysy\u0142ka przy zakupach do <strong>Bu\u0142garia, Chorwacja, Republika Cypryjska, Republika Czeska, Estonia, W\u0119gry, \u0141otwa, Litwa, Luksemburg, Malta, Polska, Rumunia, S\u0142owacja i S\u0142owenia.<\/strong> b\u0119d\u0105 mia\u0142y sta\u0142\u0105 stawk\u0119 w wysoko\u015bci <strong>50,00 euro (bez VAT)<\/strong> i zostanie dostarczona w ci\u0105gu 3-5 dni roboczych.<\/p><p>W przypadku wysy\u0142ki poza region UE zostanie doliczona dodatkowa op\u0142ata. Op\u0142ata ta zostanie potwierdzona z klientem przed wysy\u0142k\u0105.<\/p><hr><h2><strong>UBEZPIECZENIE<\/strong><\/h2><p>Nasze przesy\u0142ki s\u0105 <strong>w pe\u0142ni ubezpieczony<\/strong>.<\/p><hr><h2><strong>POLITYKA ANULOWANIA I ZWROT\u00d3W<\/strong><\/h2><p>W Belgium Diamonds Ltd. jeste\u015bmy dumni z tworzenia wysokiej jako\u015bci bi\u017cuterii na zam\u00f3wienie. Rozumiemy, \u017ce czasami plany ulegaj\u0105 zmianie, dlatego te\u017c oferujemy <strong>14-dniowe okno zwrotu i anulowania.<\/strong><\/p><p><strong>Aby za\u017c\u0105da\u0107 zwrotu lub anulowania:<\/strong><br>Wystarczy wys\u0142a\u0107 do nas wiadomo\u015b\u0107 e-mail z identyfikatorem zam\u00f3wienia i kr\u00f3tkim opisem przedmiotu oraz powodem zwrotu. Nasz zesp\u00f3\u0142 poprowadzi Ci\u0119 przez kolejne kroki.<\/p><p><strong>Uwaga:<\/strong><\/p><ul><li><p>Ca\u0142a nasza standardowa bi\u017cuteria jest obj\u0119ta t\u0105 klauzul\u0105. Bi\u017cuteria wykonana na zam\u00f3wienie i spersonalizowana nie jest obj\u0119ta t\u0105 klauzul\u0105. Zgodnie z przepisami UE dotycz\u0105cymi ochrony konsument\u00f3w, takie przedmioty nie kwalifikuj\u0105 si\u0119 do pe\u0142nego zwrotu pieni\u0119dzy.<\/p><\/li><li><p>Aby pokry\u0107 koszty administracyjne, odliczenie w wysoko\u015bci <strong>20% (minimum 180 \u20ac bez VAT)<\/strong> zostanie zastosowana do zwrotu pieni\u0119dzy.<\/p><\/li><li><p>W przypadku bi\u017cuterii wykonanej na zam\u00f3wienie i spersonalizowanej, wycena materia\u0142u i kamieni zostanie obliczona po otrzymaniu przedmiotu, a oferta zostanie wys\u0142ana do klienta. Je\u015bli oferta zostanie zaakceptowana, \u015brodki zostan\u0105 zwr\u00f3cone w ci\u0105gu 90 dni. W przypadku odrzucenia oferty, Belgium Diamonds ode\u015ble przedmiot do klienta bezp\u0142atnie.<\/p><\/li><li><p>Wysy\u0142ka w celu zwrotu przedmiotu do Belgium Diamonds Ltd odbywa si\u0119 na koszt i odpowiedzialno\u015b\u0107 klienta. Belgium Diamonds nie ponosi odpowiedzialno\u015bci za przesy\u0142k\u0119 zwrotn\u0105 dokonan\u0105 przez klienta.<\/p><\/li><\/ul><p>Jeste\u015bmy wdzi\u0119czni za zrozumienie i s\u0142u\u017cymy pomoc\u0105 na ka\u017cdym kroku.<\/p><hr><h2><strong>LU\u0179NE DIAMENTY<\/strong><\/h2><p>W BelgiumDiamonds.be staramy si\u0119 zapewni\u0107 wyj\u0105tkow\u0105 jako\u015b\u0107 i obs\u0142ug\u0119. Rozumiemy, \u017ce zakup szlachetnej bi\u017cuterii i diament\u00f3w to wa\u017cna decyzja. Dlatego oferujemy <strong>14-dniowa polityka anulowania i zwrotu<\/strong> na kwalifikuj\u0105ce si\u0119 produkty.<\/p><p><strong>Jak z\u0142o\u017cy\u0107 wniosek o zwrot lub anulowanie<\/strong><br>Aby rozpocz\u0105\u0107 ten proces, wy\u015blij nam wiadomo\u015b\u0107 e-mail w ci\u0105gu 14 dni od zakupu, podaj\u0105c identyfikator zam\u00f3wienia i pow\u00f3d zwrotu. Nasz zesp\u00f3\u0142 przeprowadzi Ci\u0119 przez niezb\u0119dne kroki.<\/p><p><strong>Op\u0142aty i potr\u0105cenia<\/strong><br>Ze wzgl\u0119du na wahania na rynku diament\u00f3w i koszty zwi\u0105zane z administracj\u0105, obs\u0142ug\u0105 i bezpieczn\u0105 wysy\u0142k\u0105, obowi\u0105zuj\u0105 nast\u0119puj\u0105ce op\u0142aty:<\/p><ul><li><p>Aby pokry\u0107 koszty administracyjne, odliczenie w wysoko\u015bci <strong>20% (minimum 180 \u20ac bez VAT)<\/strong> zostanie zastosowana do zwrotu pieni\u0119dzy. W przypadku produkt\u00f3w wykonanych na zam\u00f3wienie, bezzwrotny depozyt w wysoko\u015bci <strong>35%<\/strong> zostan\u0105 zachowane.<\/p><\/li><li><p>Wszelkie wahania rynkowe diament\u00f3w r\u00f3wnie\u017c zostan\u0105 odj\u0119te od kwoty zwrotu.<\/p><\/li><\/ul><p><strong>Wa\u017cne:<\/strong> Diamenty musz\u0105 by\u0107 zwr\u00f3cone zapiecz\u0119towane, opisane laserowo i w oryginalnym stanie. Je\u015bli plomba zostanie zerwana, kamie\u0144 zostanie rozpiecz\u0119towany lub wykryte zostanie jakiekolwiek uszkodzenie, zwrot nie zostanie przyj\u0119ty, a zwrot pieni\u0119dzy nie zostanie przyznany.<\/p><p><strong>Czas przetwarzania zwrotu<\/strong><br>Nale\u017cy pami\u0119ta\u0107, \u017ce zwrot koszt\u00f3w za diamenty i kamienie szlachetne mo\u017ce potrwa\u0107 do <strong>90 dni<\/strong> po otrzymaniu i potwierdzeniu zwr\u00f3conych przedmiot\u00f3w.<\/p><hr><h2><strong>SPECJALNE ZAM\u00d3WIENIA I NIESTANDARDOWE PROJEKTY<\/strong><\/h2><p>W przypadku bi\u017cuterii projektowanej na zam\u00f3wienie <strong>35% depozyt<\/strong> jest wymagana w momencie sk\u0142adania zam\u00f3wienia.<\/p><ul><li><p>Depozyt ten nie podlega zwrotowi w przypadku anulowania zam\u00f3wienia, poniewa\u017c produkty te s\u0105 dostosowywane specjalnie do potrzeb klienta i wymagaj\u0105 dodatkowych nak\u0142ad\u00f3w pracy i materia\u0142\u00f3w.<\/p><\/li><\/ul><hr><h2><strong>SZCZEG\u00d3\u0141Y DOTYCZ\u0104CE BI\u017bUTERII I ZWROT\u00d3W<\/strong><\/h2><p>Wszystkie zwroty i zapytania dotycz\u0105ce zwrot\u00f3w s\u0105 obs\u0142ugiwane i przetwarzane przez <strong>Belgium Diamonds Ltd.<\/strong><br><strong>E-mail:<\/strong> <a href=\"mailto:info@belgiumdiamonds.be\">info@belgiumdiamonds.be<\/a><br><strong>Adres pocztowy:<\/strong> Hoveniersstraat 2 ADC Building, Off 322, Box 311, Antwerpia 2018, Belgia<\/p><hr><h2><strong>ZATWIERDZENIE ZAKUPU<\/strong><\/h2><p>Wszystkie zakupy podlegaj\u0105 <strong>ostateczne zatwierdzenie<\/strong> z <strong>Belgium Diamonds Ltd.<\/strong><\/p><p>Je\u015bli zakupione produkty nie s\u0105 dost\u0119pne, u\u017cytkownikowi zostanie zaoferowany produkt zast\u0119pczy. Je\u015bli u\u017cytkownik nie zaakceptuje produktu zast\u0119pczego, otrzyma zwrot p\u0142atno\u015bci 100%.<\/p><p>Je\u015bli wy\u015bwietlana cena i\/lub cechy produktu s\u0105 b\u0142\u0119dne ze wzgl\u0119d\u00f3w technicznych lub administracyjnych, mo\u017cemy odm\u00f3wi\u0107 realizacji transakcji, w kt\u00f3rym to przypadku u\u017cytkownik otrzyma zwrot p\u0142atno\u015bci 100%.<\/p><hr><h2><strong>GWARANCJA PO DOSTAWIE<\/strong><\/h2><p>Dok\u0142adamy wszelkich stara\u0144, aby zapewni\u0107 jako\u015b\u0107 i kunszt wykonania bi\u017cuterii. Po otrzymaniu przedmiotu jeste\u015b obj\u0119ty nasz\u0105 <strong>gwarancja posprzeda\u017cna i r\u0119kojmia.<\/strong><\/p><p>Je\u015bli uwa\u017casz, \u017ce przedmiot ma wad\u0119 produkcyjn\u0105, mo\u017cesz zwr\u00f3ci\u0107 go do nas w celu sprawdzenia w ci\u0105gu <strong>14 dni od otrzymania.<\/strong> Je\u015bli nasza ocena potwierdzi wad\u0119 produkcyjn\u0105, naprawimy lub wymienimy produkt wed\u0142ug naszego uznania.<\/p><p>W ramach naszego zaanga\u017cowania w obs\u0142ug\u0119 klienta oferujemy <strong>Jednorazowa bezp\u0142atna zmiana rozmiaru i profesjonalne czyszczenie<\/strong>, kt\u00f3ra obejmuje pe\u0142n\u0105 inspekcj\u0119 bi\u017cuterii. Klienci s\u0105 odpowiedzialni tylko za koszt wysy\u0142ki w obie strony.<\/p><p><strong>Uwaga:<\/strong><br>Nie ponosimy odpowiedzialno\u015bci za diamenty, kamienie szlachetne lub inne materia\u0142y, kt\u00f3re zosta\u0142y zgubione lub wypad\u0142y z opraw po dostawie. Z tego powodu zdecydowanie zalecamy ubezpieczenie bi\u017cuterii zaraz po jej otrzymaniu.<\/p><p>Faktura i certyfikat wyceny s\u0105 do\u0142\u0105czone do paczki do cel\u00f3w ubezpieczeniowych.<\/p>\n\t\t\t\t\t<\/div>\n\t\t\t\t\t\t<\/div>\n\t\t\t\t<\/div>\n\t\t\t\t\t<\/div>\n\t\t\t\t<\/div>\n\t\t\t\t<\/div>","protected":false},"excerpt":{"rendered":"<p>GENERAL Please read these terms and conditions (\u201cTerms and Conditions\u201d) carefully. By using this website, you agree to be bound<\/p>","protected":false},"author":244474332,"featured_media":0,"parent":0,"menu_order":0,"comment_status":"closed","ping_status":"closed","template":"","meta":{"_acf_changed":false,"footnotes":""},"class_list":["post-9617","page","type-page","status-publish","hentry"],"acf":[],"_links":{"self":[{"href":"https:\/\/belgiumdiamonds.be\/pl\/wp-json\/wp\/v2\/pages\/9617","targetHints":{"allow":["GET"]}}],"collection":[{"href":"https:\/\/belgiumdiamonds.be\/pl\/wp-json\/wp\/v2\/pages"}],"about":[{"href":"https:\/\/belgiumdiamonds.be\/pl\/wp-json\/wp\/v2\/types\/page"}],"author":[{"embeddable":true,"href":"https:\/\/belgiumdiamonds.be\/pl\/wp-json\/wp\/v2\/users\/244474332"}],"replies":[{"embeddable":true,"href":"https:\/\/belgiumdiamonds.be\/pl\/wp-json\/wp\/v2\/comments?post=9617"}],"version-history":[{"count":6,"href":"https:\/\/belgiumdiamonds.be\/pl\/wp-json\/wp\/v2\/pages\/9617\/revisions"}],"predecessor-version":[{"id":32520,"href":"https:\/\/belgiumdiamonds.be\/pl\/wp-json\/wp\/v2\/pages\/9617\/revisions\/32520"}],"wp:attachment":[{"href":"https:\/\/belgiumdiamonds.be\/pl\/wp-json\/wp\/v2\/media?parent=9617"}],"curies":[{"name":"wp","href":"https:\/\/api.w.org\/{rel}","templated":true}]}}