{"id":12675,"date":"2024-02-06T10:30:12","date_gmt":"2024-02-06T09:30:12","guid":{"rendered":"https:\/\/belgiumdiamond.petpetshopi.shop\/?post_type=product&#038;p=12675"},"modified":"2026-04-16T10:36:12","modified_gmt":"2026-04-16T08:36:12","slug":"round-side-stone-trilogy-ring","status":"publish","type":"product","link":"https:\/\/belgiumdiamonds.be\/pl\/product\/round-side-stone-trilogy-ring\/","title":{"rendered":"Round Diamond with Side Stone Trilogy Ring"},"content":{"rendered":"<p>Celebrate the charm of our Non-Symmetrical Design, Inspired, Round Diamond with Side Stone Trilogy Ring ! This extraordinary piece of jewelry embraces the allure of asymmetry with grace and sophistication.<\/p>\n<p>Uk\u0142ad trzech ol\u015bniewaj\u0105cych kamieni, z kt\u00f3rych ka\u017cdy ma sw\u00f3j w\u0142asny urok, tworzy symfoni\u0119 blasku, kt\u00f3ra rezonuje z indywidualno\u015bci\u0105 i kreatywno\u015bci\u0105. Ten pier\u015bcionek to nie tylko bi\u017cuteria; to arcydzie\u0142o, kt\u00f3re odzwierciedla Tw\u00f3j niepowtarzalny styl i celebruje pi\u0119kno niedoskona\u0142o\u015bci.<\/p>\n<p><strong>Diamenty nie s\u0105 wliczone w cen\u0119.<\/strong><\/p>\n<p>Podatek VAT zostanie dodany do ceny w koszyku, gdy wysy\u0142ka jest ustawiona na adres UE.<br \/>\nCena obejmuje wysy\u0142k\u0119 na terenie UE.<br \/>\nCena obejmuje monta\u017c diament\u00f3w w oprawie w celu stworzenia gotowego pier\u015bcionka.<br \/>\nStan: Nowy.<br \/>\nWykonane w Antwerpii, w Belgii.<\/p>","protected":false},"excerpt":{"rendered":"<p>Belgium Diamonds Organic Elegance Three-Stone Ring Setting to wyj\u0105tkowy pier\u015bcionek z trylogi\u0105. Ta pi\u0119kna oprawa idealnie pasuje do trzech okr\u0105g\u0142ych diament\u00f3w o genialnym kszta\u0142cie, tworz\u0105c wykwintny klejnot.<\/p>\n<p>DIAMENTY NIE S\u0104 WLICZONE W CEN\u0118.<\/p>","protected":false},"featured_media":33777,"comment_status":"open","ping_status":"closed","template":"","meta":{"_acf_changed":false},"product_brand":[],"product_cat":[127],"product_tag":[],"class_list":{"0":"post-12675","1":"product","2":"type-product","3":"status-publish","4":"has-post-thumbnail","6":"product_cat-trilogy-rings","7":"pa_choose-gold-18k-rose-gold","8":"pa_choose-gold-18k-white-gold","9":"pa_choose-gold-18k-yellow-gold","10":"pa_choose-gold-platinum","11":"pa_size-405","12":"pa_size-404","13":"pa_size-403","14":"pa_size-402","15":"pa_size-401","16":"pa_size-400","17":"pa_size-399","18":"pa_size-398","19":"pa_size-397","20":"pa_size-396","21":"pa_size-395","22":"pa_size-394","23":"pa_size-393","24":"pa_size-392","25":"pa_size-391","26":"pa_size-390","27":"pa_size-389","29":"first","30":"outofstock","31":"taxable","32":"shipping-taxable","33":"purchasable","34":"product-type-variable"},"acf":[],"_links":{"self":[{"href":"https:\/\/belgiumdiamonds.be\/pl\/wp-json\/wp\/v2\/product\/12675","targetHints":{"allow":["GET"]}}],"collection":[{"href":"https:\/\/belgiumdiamonds.be\/pl\/wp-json\/wp\/v2\/product"}],"about":[{"href":"https:\/\/belgiumdiamonds.be\/pl\/wp-json\/wp\/v2\/types\/product"}],"replies":[{"embeddable":true,"href":"https:\/\/belgiumdiamonds.be\/pl\/wp-json\/wp\/v2\/comments?post=12675"}],"version-history":[{"count":3,"href":"https:\/\/belgiumdiamonds.be\/pl\/wp-json\/wp\/v2\/product\/12675\/revisions"}],"predecessor-version":[{"id":42534,"href":"https:\/\/belgiumdiamonds.be\/pl\/wp-json\/wp\/v2\/product\/12675\/revisions\/42534"}],"wp:featuredmedia":[{"embeddable":true,"href":"https:\/\/belgiumdiamonds.be\/pl\/wp-json\/wp\/v2\/media\/33777"}],"wp:attachment":[{"href":"https:\/\/belgiumdiamonds.be\/pl\/wp-json\/wp\/v2\/media?parent=12675"}],"wp:term":[{"taxonomy":"product_brand","embeddable":true,"href":"https:\/\/belgiumdiamonds.be\/pl\/wp-json\/wp\/v2\/product_brand?post=12675"},{"taxonomy":"product_cat","embeddable":true,"href":"https:\/\/belgiumdiamonds.be\/pl\/wp-json\/wp\/v2\/product_cat?post=12675"},{"taxonomy":"product_tag","embeddable":true,"href":"https:\/\/belgiumdiamonds.be\/pl\/wp-json\/wp\/v2\/product_tag?post=12675"}],"curies":[{"name":"wp","href":"https:\/\/api.w.org\/{rel}","templated":true}]}}