{"id":15195,"date":"2024-02-07T15:51:56","date_gmt":"2024-02-07T14:51:56","guid":{"rendered":"https:\/\/belgiumdiamond.petpetshopi.shop\/?post_type=product&#038;p=15195"},"modified":"2026-04-27T09:44:02","modified_gmt":"2026-04-27T07:44:02","slug":"pave-pear-side-stone-ring","status":"publish","type":"product","link":"https:\/\/belgiumdiamonds.be\/pl\/product\/pave-pear-side-stone-ring\/","title":{"rendered":"Pav\u00e9 Pear Side Stone Ring"},"content":{"rendered":"<p>Designed for maximum brilliance and sparkle. This exquisite Pav\u00e9 Pear Side Stone Ring\u00a0can serve as an engagement ring as well as a beautiful anniversary ring.<\/p>\n<p><strong>Informacje o pier\u015bcionku z brylantem:<\/strong><br \/>\nCiasno rozmieszczone naturalne diamenty o szlifie brylantowym, zaprojektowane w celu podkre\u015blenia kamienia centralnego.<br \/>\nLiczba diament\u00f3w: 18-24<br \/>\nMasa ca\u0142kowita w karatach: 0,18-0,24 ct.<br \/>\n\u015aredni kolor: F<br \/>\n\u015arednia przejrzysto\u015b\u0107: VVS<br \/>\nMo\u017ce by\u0107 ustawiony z 0,50 - 5 ct diamentem w \u015brodku.<\/p>\n<p>W przypadku wysy\u0142ki na terenie UE do ceny w koszyku zostanie doliczony podatek VAT.<br \/>\nCena obejmuje wysy\u0142k\u0119 na terenie UE.<br \/>\nCena obejmuje diamenty w oprawie z wyj\u0105tkiem kamienia centralnego.<br \/>\nStan: Nowy.<br \/>\nWykonane w Antwerpii, w Belgii.<\/p>\n<p><strong>* Ca\u0142kowita masa karatowa mo\u017ce nieznacznie odbiega\u0107 od podanej masy karatowej w zale\u017cno\u015bci od rozmiaru centralnego diamentu i rozmiaru pier\u015bcionka.<\/strong><\/p>","protected":false},"excerpt":{"rendered":"<p>B\u0142yszcz z elegancj\u0105 - Belgium Diamonds Elegancki pier\u015bcionek Pave dla diament\u00f3w gruszkowych. Idealny na zar\u0119czyny lub rocznic\u0119. Wykonany w Antwerpii w Belgii.<\/p>","protected":false},"featured_media":33659,"comment_status":"open","ping_status":"closed","template":"","meta":{"_acf_changed":false},"product_brand":[],"product_cat":[120,123],"product_tag":[],"class_list":{"0":"post-15195","1":"product","2":"type-product","3":"status-publish","4":"has-post-thumbnail","6":"product_cat-halo-side-stone-rings","7":"product_cat-solitaire-rings","8":"pa_choose-gold-18k-rose-gold","9":"pa_choose-gold-18k-white-gold","10":"pa_choose-gold-18k-yellow-gold","11":"pa_choose-gold-platinum","12":"pa_size-405","13":"pa_size-404","14":"pa_size-403","15":"pa_size-402","16":"pa_size-401","17":"pa_size-400","18":"pa_size-399","19":"pa_size-398","20":"pa_size-397","21":"pa_size-396","22":"pa_size-395","23":"pa_size-394","24":"pa_size-393","25":"pa_size-392","26":"pa_size-391","27":"pa_size-390","28":"pa_size-389","30":"first","31":"instock","32":"taxable","33":"shipping-taxable","34":"purchasable","35":"product-type-variable"},"acf":[],"_links":{"self":[{"href":"https:\/\/belgiumdiamonds.be\/pl\/wp-json\/wp\/v2\/product\/15195","targetHints":{"allow":["GET"]}}],"collection":[{"href":"https:\/\/belgiumdiamonds.be\/pl\/wp-json\/wp\/v2\/product"}],"about":[{"href":"https:\/\/belgiumdiamonds.be\/pl\/wp-json\/wp\/v2\/types\/product"}],"replies":[{"embeddable":true,"href":"https:\/\/belgiumdiamonds.be\/pl\/wp-json\/wp\/v2\/comments?post=15195"}],"version-history":[{"count":3,"href":"https:\/\/belgiumdiamonds.be\/pl\/wp-json\/wp\/v2\/product\/15195\/revisions"}],"predecessor-version":[{"id":42770,"href":"https:\/\/belgiumdiamonds.be\/pl\/wp-json\/wp\/v2\/product\/15195\/revisions\/42770"}],"wp:featuredmedia":[{"embeddable":true,"href":"https:\/\/belgiumdiamonds.be\/pl\/wp-json\/wp\/v2\/media\/33659"}],"wp:attachment":[{"href":"https:\/\/belgiumdiamonds.be\/pl\/wp-json\/wp\/v2\/media?parent=15195"}],"wp:term":[{"taxonomy":"product_brand","embeddable":true,"href":"https:\/\/belgiumdiamonds.be\/pl\/wp-json\/wp\/v2\/product_brand?post=15195"},{"taxonomy":"product_cat","embeddable":true,"href":"https:\/\/belgiumdiamonds.be\/pl\/wp-json\/wp\/v2\/product_cat?post=15195"},{"taxonomy":"product_tag","embeddable":true,"href":"https:\/\/belgiumdiamonds.be\/pl\/wp-json\/wp\/v2\/product_tag?post=15195"}],"curies":[{"name":"wp","href":"https:\/\/api.w.org\/{rel}","templated":true}]}}