{"id":15656,"date":"2024-02-07T17:23:48","date_gmt":"2024-02-07T16:23:48","guid":{"rendered":"https:\/\/belgiumdiamond.petpetshopi.shop\/?post_type=product&#038;p=15656"},"modified":"2026-02-06T19:41:41","modified_gmt":"2026-02-06T18:41:41","slug":"classic-round-diamond-pendant-14k-gold","status":"publish","type":"product","link":"https:\/\/belgiumdiamonds.be\/pl\/product\/classic-round-diamond-pendant-14k-gold\/","title":{"rendered":"Klasyczny wisiorek z okr\u0105g\u0142ym diamentem"},"content":{"rendered":"<p>Przedstawiamy nasz wykwintny wisiorek z klasycznym okr\u0105g\u0142ym diamentem, ponadczasowy i elegancki element, kt\u00f3ry doda odrobin\u0119 wyrafinowania do ka\u017cdego stroju. Wykonany do wyboru z bia\u0142ego lub \u017c\u00f3\u0142tego z\u0142ota, ten wisiorek jest uosobieniem luksusu i stylu.<\/p>\n<p>Idealny jako prezent dla ukochanej osoby lub jako specjalna uczta dla siebie, klasyczny okr\u0105g\u0142y diamentowy wisiorek to inwestycja, kt\u00f3ra b\u0119dzie piel\u0119gnowana przez wiele lat. Niezale\u017cnie od tego, czy jest ubrany na specjaln\u0105 okazj\u0119, czy noszony z codziennymi zestawami, ten wisiorek jest obowi\u0105zkowy dla ka\u017cdego mi\u0142o\u015bnika bi\u017cuterii.<\/p>\n<p><strong>Informacje o Locket Diamond:<\/strong><\/p>\n<p>Number of diamonds: 28<br \/>\nCarat total weight (ct. tw.): 0.23<br \/>\n\u015aredni kolor:D<br \/>\n\u015arednia przejrzysto\u015b\u0107: VVS<\/p>\n<p>Podatek VAT zostanie dodany do ceny w koszyku, gdy wysy\u0142ka jest ustawiona na adres UE.<br \/>\nCena obejmuje wysy\u0142k\u0119 na terenie UE.<br \/>\nStan: Nowy.<br \/>\nR\u0119czne wykonanie w Antwerpii w Belgii.<\/p>\n<p><strong>Diament zawarty w cenie.<\/strong><\/p>","protected":false},"excerpt":{"rendered":"<p>Przedstawiamy nasz wykwintny wisiorek z klasycznym okr\u0105g\u0142ym diamentem, ponadczasowy i elegancki element, kt\u00f3ry doda odrobin\u0119 wyrafinowania do ka\u017cdego stroju. Wykonany do wyboru z bia\u0142ego lub \u017c\u00f3\u0142tego z\u0142ota, ten wisiorek jest uosobieniem luksusu i stylu.<\/p>","protected":false},"featured_media":30434,"comment_status":"open","ping_status":"closed","template":"","meta":{"_acf_changed":false},"product_brand":[],"product_cat":[124],"product_tag":[],"class_list":{"0":"post-15656","1":"product","2":"type-product","3":"status-publish","4":"has-post-thumbnail","6":"product_cat-pendant","8":"first","9":"instock","10":"taxable","11":"shipping-taxable","12":"purchasable","13":"product-type-variable","14":"has-default-attributes"},"acf":[],"_links":{"self":[{"href":"https:\/\/belgiumdiamonds.be\/pl\/wp-json\/wp\/v2\/product\/15656","targetHints":{"allow":["GET"]}}],"collection":[{"href":"https:\/\/belgiumdiamonds.be\/pl\/wp-json\/wp\/v2\/product"}],"about":[{"href":"https:\/\/belgiumdiamonds.be\/pl\/wp-json\/wp\/v2\/types\/product"}],"replies":[{"embeddable":true,"href":"https:\/\/belgiumdiamonds.be\/pl\/wp-json\/wp\/v2\/comments?post=15656"}],"version-history":[{"count":2,"href":"https:\/\/belgiumdiamonds.be\/pl\/wp-json\/wp\/v2\/product\/15656\/revisions"}],"predecessor-version":[{"id":33052,"href":"https:\/\/belgiumdiamonds.be\/pl\/wp-json\/wp\/v2\/product\/15656\/revisions\/33052"}],"wp:featuredmedia":[{"embeddable":true,"href":"https:\/\/belgiumdiamonds.be\/pl\/wp-json\/wp\/v2\/media\/30434"}],"wp:attachment":[{"href":"https:\/\/belgiumdiamonds.be\/pl\/wp-json\/wp\/v2\/media?parent=15656"}],"wp:term":[{"taxonomy":"product_brand","embeddable":true,"href":"https:\/\/belgiumdiamonds.be\/pl\/wp-json\/wp\/v2\/product_brand?post=15656"},{"taxonomy":"product_cat","embeddable":true,"href":"https:\/\/belgiumdiamonds.be\/pl\/wp-json\/wp\/v2\/product_cat?post=15656"},{"taxonomy":"product_tag","embeddable":true,"href":"https:\/\/belgiumdiamonds.be\/pl\/wp-json\/wp\/v2\/product_tag?post=15656"}],"curies":[{"name":"wp","href":"https:\/\/api.w.org\/{rel}","templated":true}]}}