{"id":15942,"date":"2024-02-09T13:50:25","date_gmt":"2024-02-09T12:50:25","guid":{"rendered":"https:\/\/belgiumdiamond.petpetshopi.shop\/?post_type=product&#038;p=15942"},"modified":"2026-04-15T13:00:58","modified_gmt":"2026-04-15T11:00:58","slug":"round-diamond-side-stone-ring","status":"publish","type":"product","link":"https:\/\/belgiumdiamonds.be\/pl\/product\/round-diamond-side-stone-ring\/","title":{"rendered":"Round Diamond Side Stone Ring"},"content":{"rendered":"<p>Belgium Diamonds&#8217; Round Diamond Side Stone Ring is an elegant ring designed for maximum brilliance and sparkle. This exquisite diamond ring can serve as your engagement ring or as a beautiful anniversary ring.<\/p>\n<p><strong>Pave Diamond Information:<\/strong><br \/>\nMinimum number of diamonds: 14-20 pcs.<br \/>\nMinimum carat total weight: 0.18-0.21 Cts.<br \/>\n\u015aredni kolor: F<br \/>\n\u015arednia przejrzysto\u015b\u0107: VVS<br \/>\nMo\u017ce by\u0107 osadzony z diamentem 0,50 - 5 ct w \u015brodku<\/p>\n<p>VAT zostanie dodany do ceny w koszyku w przypadku wysy\u0142ki na terenie UE.<br \/>\nCena obejmuje wysy\u0142k\u0119 na terenie UE.<br \/>\nPrice includes diamonds in the setting.<br \/>\nStan: Nowy.<br \/>\nWykonane w Antwerpii, w Belgii.<\/p>\n<p><strong>* Ca\u0142kowita masa karatowa mo\u017ce nieznacznie odbiega\u0107 od podanej masy karatowej w zale\u017cno\u015bci od rozmiaru centralnego diamentu i rozmiaru pier\u015bcionka.<\/strong><\/p>\n<p><strong>Center Diamond Not included in the Price.<\/strong><\/p>","protected":false},"excerpt":{"rendered":"<p>Belgium Diamonds Timeless Round Diamond Pave Ring to elegancki pier\u015bcionek zaprojektowany z my\u015bl\u0105 o maksymalnym blasku i blasku. Ten wykwintny pier\u015bcionek z diamentem mo\u017ce s\u0142u\u017cy\u0107 zar\u00f3wno jako pier\u015bcionek zar\u0119czynowy, jak i pi\u0119kny pier\u015bcionek rocznicowy.<\/p>\n<p><strong>\u015arodkowy diament nie jest wliczony w cen\u0119.<\/strong><\/p>","protected":false},"featured_media":33612,"comment_status":"open","ping_status":"closed","template":"","meta":{"_acf_changed":false},"product_brand":[],"product_cat":[120,123],"product_tag":[],"class_list":{"0":"post-15942","1":"product","2":"type-product","3":"status-publish","4":"has-post-thumbnail","6":"product_cat-halo-side-stone-rings","7":"product_cat-solitaire-rings","8":"pa_choose-gold-18k-rose-gold","9":"pa_choose-gold-18k-white-gold","10":"pa_choose-gold-18k-yellow-gold","11":"pa_choose-gold-platinum","12":"pa_size-405","13":"pa_size-404","14":"pa_size-403","15":"pa_size-402","16":"pa_size-401","17":"pa_size-400","18":"pa_size-399","19":"pa_size-398","20":"pa_size-397","21":"pa_size-396","22":"pa_size-395","23":"pa_size-394","24":"pa_size-393","25":"pa_size-392","26":"pa_size-391","27":"pa_size-390","28":"pa_size-389","30":"first","31":"instock","32":"taxable","33":"shipping-taxable","34":"purchasable","35":"product-type-variable"},"acf":[],"_links":{"self":[{"href":"https:\/\/belgiumdiamonds.be\/pl\/wp-json\/wp\/v2\/product\/15942","targetHints":{"allow":["GET"]}}],"collection":[{"href":"https:\/\/belgiumdiamonds.be\/pl\/wp-json\/wp\/v2\/product"}],"about":[{"href":"https:\/\/belgiumdiamonds.be\/pl\/wp-json\/wp\/v2\/types\/product"}],"replies":[{"embeddable":true,"href":"https:\/\/belgiumdiamonds.be\/pl\/wp-json\/wp\/v2\/comments?post=15942"}],"version-history":[{"count":3,"href":"https:\/\/belgiumdiamonds.be\/pl\/wp-json\/wp\/v2\/product\/15942\/revisions"}],"predecessor-version":[{"id":42390,"href":"https:\/\/belgiumdiamonds.be\/pl\/wp-json\/wp\/v2\/product\/15942\/revisions\/42390"}],"wp:featuredmedia":[{"embeddable":true,"href":"https:\/\/belgiumdiamonds.be\/pl\/wp-json\/wp\/v2\/media\/33612"}],"wp:attachment":[{"href":"https:\/\/belgiumdiamonds.be\/pl\/wp-json\/wp\/v2\/media?parent=15942"}],"wp:term":[{"taxonomy":"product_brand","embeddable":true,"href":"https:\/\/belgiumdiamonds.be\/pl\/wp-json\/wp\/v2\/product_brand?post=15942"},{"taxonomy":"product_cat","embeddable":true,"href":"https:\/\/belgiumdiamonds.be\/pl\/wp-json\/wp\/v2\/product_cat?post=15942"},{"taxonomy":"product_tag","embeddable":true,"href":"https:\/\/belgiumdiamonds.be\/pl\/wp-json\/wp\/v2\/product_tag?post=15942"}],"curies":[{"name":"wp","href":"https:\/\/api.w.org\/{rel}","templated":true}]}}