{"id":17708,"date":"2024-05-24T16:01:47","date_gmt":"2024-05-24T14:01:47","guid":{"rendered":"https:\/\/belgiumdiamond.petpetshopi.shop\/?post_type=product&#038;p=17708"},"modified":"2026-05-04T13:59:14","modified_gmt":"2026-05-04T11:59:14","slug":"engagement-ring-f-vs-0-50ct","status":"publish","type":"product","link":"https:\/\/belgiumdiamonds.be\/pl\/product\/engagement-ring-f-vs-0-50ct\/","title":{"rendered":"Pier\u015bcionek zar\u0119czynowy z okr\u0105g\u0142ym diamentem F\/VS 0.50CT"},"content":{"rendered":"<p>Pier\u015bcionek zar\u0119czynowy Ready-to-wear jest starannie wykonany z 18-karatowego z\u0142ota i dost\u0119pny w kolorze bia\u0142ym, \u017c\u00f3\u0142tym lub r\u00f3\u017cowym. Wyposa\u017cony w pojedynczy, osza\u0142amiaj\u0105cy naturalny nieobrobiony diament, ten pasjans emanuje ponadczasow\u0105 elegancj\u0105 i wyrafinowaniem. Diament jest certyfikowany przez IGI lub GIA, co zapewnia najwy\u017csze standardy jako\u015bci i autentyczno\u015bci.<\/p>\n<p><strong>Informacje o pier\u015bcieniu:<\/strong><\/p>\n<ul>\n<li>\u015aredni kolor: F<\/li>\n<li>\u015arednia przejrzysto\u015b\u0107: VS<\/li>\n<li>Ocena ci\u0119cia: VG-EX (od bardzo dobrego do doskona\u0142ego)<\/li>\n<li>Jeden diament o masie 0,50 karata wliczony w cen\u0119<\/li>\n<li>Waga diamentu mo\u017ce r\u00f3\u017cni\u0107 si\u0119 nawet o 0,05 karata.<\/li>\n<\/ul>\n<p>Cena jest taka sama dla 18-karatowego bia\u0142ego, \u017c\u00f3\u0142tego lub r\u00f3\u017cowego z\u0142ota.<br \/>\nPodatek VAT zostanie dodany do ceny w koszyku w przypadku wysy\u0142ki na adres w UE.<br \/>\nStan: Nowy.<br \/>\nWykonane w Antwerpii, w Belgii.<\/p>\n<p>Ka\u017cdy pier\u015bcionek zosta\u0142 zaprojektowany tak, aby wyeksponowa\u0107 blask diamentu za pomoc\u0105 p\u0142askich z\u0119b\u00f3w, nadaj\u0105c mu nowoczesny, ale ponadczasowy wygl\u0105d. Ca\u0142kowita masa karatowa mo\u017ce nieznacznie odbiega\u0107 od podanej masy karatowej w zale\u017cno\u015bci od wielko\u015bci centralnego diamentu i rozmiaru pier\u015bcionka.<\/p>\n<p>Ten wykwintny pier\u015bcionek ma wszystko wliczone w cen\u0119, co czyni go idealnym wyborem dla tych, kt\u00f3rzy szukaj\u0105 natychmiastowej elegancji i niezr\u00f3wnanego pi\u0119kna<\/p>\n<p>&nbsp;<\/p>\n<p><strong>WYSY\u0141KA W CI\u0104GU 2 DNI ROBOCZYCH!<\/strong><\/p>","protected":false},"excerpt":{"rendered":"<p>Pier\u015bcionek zar\u0119czynowy Ready-to-wear jest starannie wykonany z 18-karatowego z\u0142ota i dost\u0119pny w kolorze bia\u0142ym, \u017c\u00f3\u0142tym lub r\u00f3\u017cowym. Wyposa\u017cony w pojedynczy, osza\u0142amiaj\u0105cy naturalny nieobrobiony diament, ten pasjans emanuje ponadczasow\u0105 elegancj\u0105 i wyrafinowaniem. Diament jest certyfikowany przez IGI lub GIA, co zapewnia najwy\u017csze standardy jako\u015bci i autentyczno\u015bci.<\/p>","protected":false},"featured_media":34460,"comment_status":"open","ping_status":"closed","template":"","meta":{"_acf_changed":false},"product_brand":[],"product_cat":[189],"product_tag":[],"class_list":{"0":"post-17708","1":"product","2":"type-product","3":"status-publish","4":"has-post-thumbnail","6":"product_cat-rings","7":"pa_choose-gold-18k-rose-gold","8":"pa_choose-gold-18k-white-gold","9":"pa_choose-gold-18k-yellow-gold","10":"pa_size-405","11":"pa_size-404","12":"pa_size-403","13":"pa_size-402","14":"pa_size-401","15":"pa_size-400","16":"pa_size-399","17":"pa_size-398","18":"pa_size-397","19":"pa_size-396","20":"pa_size-395","21":"pa_size-394","22":"pa_size-393","23":"pa_size-392","24":"pa_size-391","25":"pa_size-390","26":"pa_size-389","28":"first","29":"instock","30":"taxable","31":"shipping-taxable","32":"purchasable","33":"product-type-variable"},"acf":[],"_links":{"self":[{"href":"https:\/\/belgiumdiamonds.be\/pl\/wp-json\/wp\/v2\/product\/17708","targetHints":{"allow":["GET"]}}],"collection":[{"href":"https:\/\/belgiumdiamonds.be\/pl\/wp-json\/wp\/v2\/product"}],"about":[{"href":"https:\/\/belgiumdiamonds.be\/pl\/wp-json\/wp\/v2\/types\/product"}],"replies":[{"embeddable":true,"href":"https:\/\/belgiumdiamonds.be\/pl\/wp-json\/wp\/v2\/comments?post=17708"}],"version-history":[{"count":1,"href":"https:\/\/belgiumdiamonds.be\/pl\/wp-json\/wp\/v2\/product\/17708\/revisions"}],"predecessor-version":[{"id":34486,"href":"https:\/\/belgiumdiamonds.be\/pl\/wp-json\/wp\/v2\/product\/17708\/revisions\/34486"}],"wp:featuredmedia":[{"embeddable":true,"href":"https:\/\/belgiumdiamonds.be\/pl\/wp-json\/wp\/v2\/media\/34460"}],"wp:attachment":[{"href":"https:\/\/belgiumdiamonds.be\/pl\/wp-json\/wp\/v2\/media?parent=17708"}],"wp:term":[{"taxonomy":"product_brand","embeddable":true,"href":"https:\/\/belgiumdiamonds.be\/pl\/wp-json\/wp\/v2\/product_brand?post=17708"},{"taxonomy":"product_cat","embeddable":true,"href":"https:\/\/belgiumdiamonds.be\/pl\/wp-json\/wp\/v2\/product_cat?post=17708"},{"taxonomy":"product_tag","embeddable":true,"href":"https:\/\/belgiumdiamonds.be\/pl\/wp-json\/wp\/v2\/product_tag?post=17708"}],"curies":[{"name":"wp","href":"https:\/\/api.w.org\/{rel}","templated":true}]}}