{"id":17776,"date":"2024-05-26T21:37:30","date_gmt":"2024-05-26T19:37:30","guid":{"rendered":"https:\/\/belgiumdiamond.petpetshopi.shop\/?post_type=product&#038;p=17776"},"modified":"2026-03-23T12:50:54","modified_gmt":"2026-03-23T11:50:54","slug":"round-diamond-earring-0-70ct","status":"publish","type":"product","link":"https:\/\/belgiumdiamonds.be\/pl\/product\/round-diamond-earring-0-70ct\/","title":{"rendered":"Kolczyk z okr\u0105g\u0142ym diamentem F\/VS 0.70CT"},"content":{"rendered":"<p>Gotowy do noszenia kolczyk Solitaire Earring jest starannie wykonany z 18-karatowego z\u0142otego stylowego \u0142a\u0144cuszka dost\u0119pnego w kolorze bia\u0142ym, \u017c\u00f3\u0142tym lub r\u00f3\u017cowym. Wyposa\u017cony w pojedynczy, osza\u0142amiaj\u0105cy naturalny nieobrobiony diament, ten kolczyk emanuje ponadczasow\u0105 elegancj\u0105 i wyrafinowaniem. Diament jest certyfikowany przez IGI lub GIA, co zapewnia najwy\u017csze standardy jako\u015bci i autentyczno\u015bci.<\/p>\n<p><strong>Informacje o kolczyku:<\/strong><\/p>\n<ul>\n<li>\u015aredni kolor: F<\/li>\n<li>\u015arednia przejrzysto\u015b\u0107: VS<\/li>\n<li>Ocena ci\u0119cia: VG-EX (od bardzo dobrego do doskona\u0142ego)<\/li>\n<li>Zawiera 2 diamenty o masie 0,70Ct ka\u017cdy<\/li>\n<li>Waga diamentu mo\u017ce r\u00f3\u017cni\u0107 si\u0119 nawet o 0,05 karata.<\/li>\n<\/ul>\n<p>Cena w 18-karatowym bia\u0142ym, \u017c\u00f3\u0142tym lub r\u00f3\u017cowym z\u0142ocie jest obliczana na podstawie rozmiaru wybranego kamienia.<br \/>\nPodatek VAT zostanie dodany do ceny w koszyku w przypadku wysy\u0142ki na adres w UE.<br \/>\nStan: Nowy.<br \/>\nWykonane w Antwerpii, w Belgii.<\/p>\n<p>Ka\u017cdy kolczyk zosta\u0142 zaprojektowany tak, aby wyeksponowa\u0107 blask diamentu za pomoc\u0105 eleganckiej oprawy, nadaj\u0105c mu nowoczesny, ale ponadczasowy wygl\u0105d. Ca\u0142kowita masa karatowa mo\u017ce nieznacznie odbiega\u0107 od podanej masy karatowej w zale\u017cno\u015bci od wielko\u015bci centralnego diamentu.<\/p>\n<p>Ten wykwintny kolczyk ma wszystko wliczone w cen\u0119, co czyni go idealnym wyborem dla tych, kt\u00f3rzy szukaj\u0105 natychmiastowej elegancji i niezr\u00f3wnanego pi\u0119kna.<\/p>\n<p>&nbsp;<\/p>\n<p><strong>WYSY\u0141KA W CI\u0104GU 2 DNI ROBOCZYCH!<\/strong><\/p>","protected":false},"excerpt":{"rendered":"<p>Gotowy do noszenia kolczyk Solitaire Earring jest starannie wykonany z 18-karatowego z\u0142otego stylowego \u0142a\u0144cuszka dost\u0119pnego w kolorze bia\u0142ym, \u017c\u00f3\u0142tym lub r\u00f3\u017cowym. Wyposa\u017cony w pojedynczy, osza\u0142amiaj\u0105cy naturalny nieobrobiony diament, ten kolczyk emanuje ponadczasow\u0105 elegancj\u0105 i wyrafinowaniem. Diament jest certyfikowany przez IGI lub GIA, co zapewnia najwy\u017csze standardy jako\u015bci i autentyczno\u015bci.<\/p>","protected":false},"featured_media":34322,"comment_status":"open","ping_status":"closed","template":"","meta":{"_acf_changed":false},"product_brand":[],"product_cat":[190],"product_tag":[],"class_list":{"0":"post-17776","1":"product","2":"type-product","3":"status-publish","4":"has-post-thumbnail","6":"product_cat-earrings-ready-to-wear","7":"pa_choose-gold-18k-rose-gold","8":"pa_choose-gold-18k-white-gold","9":"pa_choose-gold-18k-yellow-gold","11":"first","12":"instock","13":"taxable","14":"shipping-taxable","15":"purchasable","16":"product-type-variable"},"acf":[],"_links":{"self":[{"href":"https:\/\/belgiumdiamonds.be\/pl\/wp-json\/wp\/v2\/product\/17776","targetHints":{"allow":["GET"]}}],"collection":[{"href":"https:\/\/belgiumdiamonds.be\/pl\/wp-json\/wp\/v2\/product"}],"about":[{"href":"https:\/\/belgiumdiamonds.be\/pl\/wp-json\/wp\/v2\/types\/product"}],"replies":[{"embeddable":true,"href":"https:\/\/belgiumdiamonds.be\/pl\/wp-json\/wp\/v2\/comments?post=17776"}],"version-history":[{"count":2,"href":"https:\/\/belgiumdiamonds.be\/pl\/wp-json\/wp\/v2\/product\/17776\/revisions"}],"predecessor-version":[{"id":34337,"href":"https:\/\/belgiumdiamonds.be\/pl\/wp-json\/wp\/v2\/product\/17776\/revisions\/34337"}],"wp:featuredmedia":[{"embeddable":true,"href":"https:\/\/belgiumdiamonds.be\/pl\/wp-json\/wp\/v2\/media\/34322"}],"wp:attachment":[{"href":"https:\/\/belgiumdiamonds.be\/pl\/wp-json\/wp\/v2\/media?parent=17776"}],"wp:term":[{"taxonomy":"product_brand","embeddable":true,"href":"https:\/\/belgiumdiamonds.be\/pl\/wp-json\/wp\/v2\/product_brand?post=17776"},{"taxonomy":"product_cat","embeddable":true,"href":"https:\/\/belgiumdiamonds.be\/pl\/wp-json\/wp\/v2\/product_cat?post=17776"},{"taxonomy":"product_tag","embeddable":true,"href":"https:\/\/belgiumdiamonds.be\/pl\/wp-json\/wp\/v2\/product_tag?post=17776"}],"curies":[{"name":"wp","href":"https:\/\/api.w.org\/{rel}","templated":true}]}}