{"id":20127,"date":"2025-01-21T17:00:43","date_gmt":"2025-01-21T16:00:43","guid":{"rendered":"https:\/\/belgiumdiamond.petpetshopi.shop\/?post_type=product&#038;p=20127"},"modified":"2026-04-02T09:16:30","modified_gmt":"2026-04-02T07:16:30","slug":"vintage-marquise-earring-hoop","status":"publish","type":"product","link":"https:\/\/belgiumdiamonds.be\/pl\/product\/vintage-marquise-earring-hoop\/","title":{"rendered":"Vintage Marquise Earring-Hoop"},"content":{"rendered":"<p>Przedstawiamy nasze Vintage Marquise Creole - Hoops, inny spos\u00f3b na dodanie odrobiny wyrafinowania do kolekcji bi\u017cuterii.<\/p>\n<p>Dost\u0119pne w trzech opcjach kolorystycznych, w tym w bia\u0142ym, \u017c\u00f3\u0142tym i r\u00f3\u017cowym 18-karatowym z\u0142ocie, kolczyki te zosta\u0142y zaprojektowane tak, aby pasowa\u0142y do ka\u017cdego indywidualnego stylu i osobowo\u015bci.<\/p>\n<p><strong>Informacje o kolczyku:<\/strong><\/p>\n<ul>\n<li>\u015aredni kolor: D\/E<\/li>\n<li>\u015arednia przejrzysto\u015b\u0107: VS<\/li>\n<li>Ocena ci\u0119cia: VG-EX (od bardzo dobrego do doskona\u0142ego)<\/li>\n<li>Zawiera \u0142\u0105cznie 0,43 ct.<\/li>\n<li>Waga diamentu mo\u017ce r\u00f3\u017cni\u0107 si\u0119 nawet o 0,05 karata.<\/li>\n<\/ul>\n<p>Cena jest taka sama dla 18-karatowego bia\u0142ego, \u017c\u00f3\u0142tego lub r\u00f3\u017cowego z\u0142ota.<br \/>\nPodatek VAT zostanie dodany do ceny w koszyku w przypadku wysy\u0142ki na adres w UE.<\/p>\n<p>Kody rabatowe obowi\u0105zuj\u0105 w koszyku.<\/p>\n<p>Stan: Nowy.<br \/>\nWykonane w Antwerpii, w Belgii.<\/p>\n<p>&nbsp;<\/p>\n<p><strong>WYSY\u0141KA W CI\u0104GU 2 DNI ROBOCZYCH!<\/strong><\/p>","protected":false},"excerpt":{"rendered":"<p>Przedstawiamy nasze Vintage Marquise Creole- Hoops, idealne akcesorium dodaj\u0105ce odrobin\u0119 nowoczesnej klasy do ka\u017cdego stroju.<\/p>","protected":false},"featured_media":34392,"comment_status":"open","ping_status":"closed","template":"","meta":{"_acf_changed":false},"product_brand":[],"product_cat":[190],"product_tag":[],"class_list":{"0":"post-20127","1":"product","2":"type-product","3":"status-publish","4":"has-post-thumbnail","6":"product_cat-earrings-ready-to-wear","7":"pa_choose-gold-18k-rose-gold","8":"pa_choose-gold-18k-white-gold","9":"pa_choose-gold-18k-yellow-gold","11":"first","12":"instock","13":"taxable","14":"shipping-taxable","15":"purchasable","16":"product-type-variable"},"acf":[],"_links":{"self":[{"href":"https:\/\/belgiumdiamonds.be\/pl\/wp-json\/wp\/v2\/product\/20127","targetHints":{"allow":["GET"]}}],"collection":[{"href":"https:\/\/belgiumdiamonds.be\/pl\/wp-json\/wp\/v2\/product"}],"about":[{"href":"https:\/\/belgiumdiamonds.be\/pl\/wp-json\/wp\/v2\/types\/product"}],"replies":[{"embeddable":true,"href":"https:\/\/belgiumdiamonds.be\/pl\/wp-json\/wp\/v2\/comments?post=20127"}],"version-history":[{"count":3,"href":"https:\/\/belgiumdiamonds.be\/pl\/wp-json\/wp\/v2\/product\/20127\/revisions"}],"predecessor-version":[{"id":42386,"href":"https:\/\/belgiumdiamonds.be\/pl\/wp-json\/wp\/v2\/product\/20127\/revisions\/42386"}],"wp:featuredmedia":[{"embeddable":true,"href":"https:\/\/belgiumdiamonds.be\/pl\/wp-json\/wp\/v2\/media\/34392"}],"wp:attachment":[{"href":"https:\/\/belgiumdiamonds.be\/pl\/wp-json\/wp\/v2\/media?parent=20127"}],"wp:term":[{"taxonomy":"product_brand","embeddable":true,"href":"https:\/\/belgiumdiamonds.be\/pl\/wp-json\/wp\/v2\/product_brand?post=20127"},{"taxonomy":"product_cat","embeddable":true,"href":"https:\/\/belgiumdiamonds.be\/pl\/wp-json\/wp\/v2\/product_cat?post=20127"},{"taxonomy":"product_tag","embeddable":true,"href":"https:\/\/belgiumdiamonds.be\/pl\/wp-json\/wp\/v2\/product_tag?post=20127"}],"curies":[{"name":"wp","href":"https:\/\/api.w.org\/{rel}","templated":true}]}}