{"id":20145,"date":"2025-01-23T13:54:03","date_gmt":"2025-01-23T12:54:03","guid":{"rendered":"https:\/\/belgiumdiamond.petpetshopi.shop\/?post_type=product&#038;p=20145"},"modified":"2026-05-04T13:59:04","modified_gmt":"2026-05-04T11:59:04","slug":"heart-unity-stud-earrings","status":"publish","type":"product","link":"https:\/\/belgiumdiamonds.be\/pl\/product\/heart-unity-stud-earrings\/","title":{"rendered":"Heart Unity Diamond Stud Earrings"},"content":{"rendered":"<p>Heart Unity Diamond Stud Earrings, the perfect accessory to elevate any look from drab to fab ! These stunning earrings are available in White Gold, Yellow Gold, or Pink Gold, so you can pick the perfect shade to match your personal style. With the invisible setting the diamonds form one Unity showing as one large stone.<\/p>\n<p><strong>Informacje o kolczyku:<\/strong><\/p>\n<ul>\n<li>\u015aredni kolor: E\/F<\/li>\n<li>\u015arednia przejrzysto\u015b\u0107: VS<\/li>\n<li>Ocena ci\u0119cia: VG-EX (od bardzo dobrego do doskona\u0142ego)<\/li>\n<li>Zawiera diamenty o \u0142\u0105cznej masie 0,25 Ct<\/li>\n<li>Waga diamentu mo\u017ce r\u00f3\u017cni\u0107 si\u0119 nawet o 0,05 karata.<\/li>\n<\/ul>\n<p>Cena jest taka sama dla 18-karatowego bia\u0142ego, \u017c\u00f3\u0142tego lub r\u00f3\u017cowego z\u0142ota.<br \/>\nPodatek VAT zostanie dodany do ceny w koszyku w przypadku wysy\u0142ki na adres w UE.<\/p>\n<p>Kody rabatowe do zastosowania w koszyku.<br \/>\nStan: Nowy.<br \/>\nWykonane w Antwerpii, w Belgii.<\/p>\n<p>&nbsp;<\/p>\n<p><strong>WYSY\u0141KA W CI\u0104GU 2 DNI ROBOCZYCH!<\/strong><\/p>","protected":false},"excerpt":{"rendered":"<p>Introducing our Heart Unity Diamond Stud Earrings<em>,<\/em> Idealne akcesorium, kt\u00f3re sprawi, \u017ce ka\u017cda stylizacja stanie si\u0119 bajeczna! Te osza\u0142amiaj\u0105ce kolczyki s\u0105 dost\u0119pne w kolorze bia\u0142ego z\u0142ota, \u017c\u00f3\u0142tego z\u0142ota lub r\u00f3\u017cowego z\u0142ota, dzi\u0119ki czemu mo\u017cesz wybra\u0107 idealny odcie\u0144 pasuj\u0105cy do Twojego osobistego stylu.<\/p>","protected":false},"featured_media":34366,"comment_status":"open","ping_status":"closed","template":"","meta":{"_acf_changed":false},"product_brand":[],"product_cat":[190,378],"product_tag":[],"class_list":{"0":"post-20145","1":"product","2":"type-product","3":"status-publish","4":"has-post-thumbnail","6":"product_cat-earrings-ready-to-wear","7":"product_cat-valentines-day-collection","8":"pa_choose-gold-18k-rose-gold","9":"pa_choose-gold-18k-white-gold","10":"pa_choose-gold-18k-yellow-gold","12":"first","13":"instock","14":"taxable","15":"shipping-taxable","16":"purchasable","17":"product-type-variable"},"acf":[],"_links":{"self":[{"href":"https:\/\/belgiumdiamonds.be\/pl\/wp-json\/wp\/v2\/product\/20145","targetHints":{"allow":["GET"]}}],"collection":[{"href":"https:\/\/belgiumdiamonds.be\/pl\/wp-json\/wp\/v2\/product"}],"about":[{"href":"https:\/\/belgiumdiamonds.be\/pl\/wp-json\/wp\/v2\/types\/product"}],"replies":[{"embeddable":true,"href":"https:\/\/belgiumdiamonds.be\/pl\/wp-json\/wp\/v2\/comments?post=20145"}],"version-history":[{"count":3,"href":"https:\/\/belgiumdiamonds.be\/pl\/wp-json\/wp\/v2\/product\/20145\/revisions"}],"predecessor-version":[{"id":42800,"href":"https:\/\/belgiumdiamonds.be\/pl\/wp-json\/wp\/v2\/product\/20145\/revisions\/42800"}],"wp:featuredmedia":[{"embeddable":true,"href":"https:\/\/belgiumdiamonds.be\/pl\/wp-json\/wp\/v2\/media\/34366"}],"wp:attachment":[{"href":"https:\/\/belgiumdiamonds.be\/pl\/wp-json\/wp\/v2\/media?parent=20145"}],"wp:term":[{"taxonomy":"product_brand","embeddable":true,"href":"https:\/\/belgiumdiamonds.be\/pl\/wp-json\/wp\/v2\/product_brand?post=20145"},{"taxonomy":"product_cat","embeddable":true,"href":"https:\/\/belgiumdiamonds.be\/pl\/wp-json\/wp\/v2\/product_cat?post=20145"},{"taxonomy":"product_tag","embeddable":true,"href":"https:\/\/belgiumdiamonds.be\/pl\/wp-json\/wp\/v2\/product_tag?post=20145"}],"curies":[{"name":"wp","href":"https:\/\/api.w.org\/{rel}","templated":true}]}}