{"id":20180,"date":"2025-01-23T15:08:29","date_gmt":"2025-01-23T14:08:29","guid":{"rendered":"https:\/\/belgiumdiamond.petpetshopi.shop\/?post_type=product&#038;p=20180"},"modified":"2026-05-04T13:58:59","modified_gmt":"2026-05-04T11:58:59","slug":"diamentowy-wisiorek-nieskonczonosc","status":"publish","type":"product","link":"https:\/\/belgiumdiamonds.be\/pl\/product\/diamond-infinity-pendant\/","title":{"rendered":"Diamentowy wisiorek niesko\u0144czono\u015b\u0107"},"content":{"rendered":"<p>Gotowe do noszenia <em>Diamentowy wisiorek niesko\u0144czono\u015b\u0107<\/em> to osza\u0142amiaj\u0105ca i klasyczna bi\u017cuteria, kt\u00f3ra doda elegancji i wyrafinowania ka\u017cdemu strojowi. Skrupulatnie wykonany z 18-karatowego z\u0142ota stylowy \u0142a\u0144cuszek dost\u0119pny jest w kolorze bia\u0142ym, \u017c\u00f3\u0142tym lub r\u00f3\u017cowym.<\/p>\n<p><strong>Informacje o wisiorku:<\/strong><\/p>\n<ul>\n<li>\u015aredni kolor: E\/F<\/li>\n<li>\u015arednia przejrzysto\u015b\u0107: VS<\/li>\n<li>Ocena ci\u0119cia: VG-EX (od bardzo dobrego do doskona\u0142ego)<\/li>\n<li>Zawiera diament o masie 0,24Ct<\/li>\n<li>Waga diamentu mo\u017ce r\u00f3\u017cni\u0107 si\u0119 nawet o 0,05 karata.<\/li>\n<\/ul>\n<p>Cena jest taka sama dla 18-karatowego bia\u0142ego, \u017c\u00f3\u0142tego lub r\u00f3\u017cowego z\u0142ota.<br \/>\nPodatek VAT zostanie dodany do ceny w koszyku w przypadku wysy\u0142ki na adres w UE.<br \/>\nStan: Nowy.<br \/>\nWykonane w Antwerpii, w Belgii.<\/p>\n<p>Niezale\u017cnie od tego, czy chcesz sprawi\u0107 przyjemno\u015b\u0107 sobie, czy szukasz idealnego prezentu dla kogo\u015b wyj\u0105tkowego, ten wisiorek z pewno\u015bci\u0105 zrobi trwa\u0142e wra\u017cenie. Ka\u017cdy wisiorek zosta\u0142 zaprojektowany tak, aby wyeksponowa\u0107 blask diamentu w eleganckiej oprawie, nadaj\u0105c mu nowoczesny, ale ponadczasowy wygl\u0105d. Ca\u0142kowita masa karatowa mo\u017ce nieznacznie odbiega\u0107 od podanej masy karatowej w zale\u017cno\u015bci od wielko\u015bci centralnego diamentu.<\/p>\n<p>Ten wykwintny wisiorek ma wszystko wliczone w cen\u0119, co czyni go idealnym wyborem dla tych, kt\u00f3rzy szukaj\u0105 natychmiastowej elegancji i niezr\u00f3wnanego pi\u0119kna.<\/p>\n<p>&nbsp;<\/p>\n<p><strong>WYSY\u0141KA W CI\u0104GU 2 DNI ROBOCZYCH!<\/strong><\/p>","protected":false},"excerpt":{"rendered":"<p>Gotowe do noszenia <em>Diamentowy wisiorek niesko\u0144czono\u015b\u0107<\/em> to osza\u0142amiaj\u0105ca i klasyczna bi\u017cuteria, kt\u00f3ra doda elegancji i wyrafinowania ka\u017cdemu strojowi. Skrupulatnie wykonany z 18-karatowego z\u0142ota stylowy \u0142a\u0144cuszek dost\u0119pny jest w kolorze bia\u0142ym, \u017c\u00f3\u0142tym lub r\u00f3\u017cowym.<\/p>","protected":false},"featured_media":34537,"comment_status":"open","ping_status":"closed","template":"","meta":{"_acf_changed":false},"product_brand":[],"product_cat":[191],"product_tag":[],"class_list":{"0":"post-20180","1":"product","2":"type-product","3":"status-publish","4":"has-post-thumbnail","6":"product_cat-pendants","7":"pa_choose-gold-18k-rose-gold","8":"pa_choose-gold-18k-white-gold","9":"pa_choose-gold-18k-yellow-gold","11":"first","12":"instock","13":"taxable","14":"shipping-taxable","15":"purchasable","16":"product-type-variable"},"acf":[],"_links":{"self":[{"href":"https:\/\/belgiumdiamonds.be\/pl\/wp-json\/wp\/v2\/product\/20180","targetHints":{"allow":["GET"]}}],"collection":[{"href":"https:\/\/belgiumdiamonds.be\/pl\/wp-json\/wp\/v2\/product"}],"about":[{"href":"https:\/\/belgiumdiamonds.be\/pl\/wp-json\/wp\/v2\/types\/product"}],"replies":[{"embeddable":true,"href":"https:\/\/belgiumdiamonds.be\/pl\/wp-json\/wp\/v2\/comments?post=20180"}],"version-history":[{"count":1,"href":"https:\/\/belgiumdiamonds.be\/pl\/wp-json\/wp\/v2\/product\/20180\/revisions"}],"predecessor-version":[{"id":34536,"href":"https:\/\/belgiumdiamonds.be\/pl\/wp-json\/wp\/v2\/product\/20180\/revisions\/34536"}],"wp:featuredmedia":[{"embeddable":true,"href":"https:\/\/belgiumdiamonds.be\/pl\/wp-json\/wp\/v2\/media\/34537"}],"wp:attachment":[{"href":"https:\/\/belgiumdiamonds.be\/pl\/wp-json\/wp\/v2\/media?parent=20180"}],"wp:term":[{"taxonomy":"product_brand","embeddable":true,"href":"https:\/\/belgiumdiamonds.be\/pl\/wp-json\/wp\/v2\/product_brand?post=20180"},{"taxonomy":"product_cat","embeddable":true,"href":"https:\/\/belgiumdiamonds.be\/pl\/wp-json\/wp\/v2\/product_cat?post=20180"},{"taxonomy":"product_tag","embeddable":true,"href":"https:\/\/belgiumdiamonds.be\/pl\/wp-json\/wp\/v2\/product_tag?post=20180"}],"curies":[{"name":"wp","href":"https:\/\/api.w.org\/{rel}","templated":true}]}}