{"id":6692,"date":"2024-01-05T10:31:01","date_gmt":"2024-01-05T10:31:01","guid":{"rendered":"https:\/\/belgiumdiamond.petpetshopi.shop\/?post_type=product&#038;p=6692"},"modified":"2026-04-22T10:51:41","modified_gmt":"2026-04-22T08:51:41","slug":"1-05-ct-diamentowa-bransoletka-tenisowa-18k","status":"publish","type":"product","link":"https:\/\/belgiumdiamonds.be\/pl\/product\/1-05-ct-diamond-tennis-bracelet-18k\/","title":{"rendered":"1.05 ct. E\/F-VS\/SI Diamond Tennis Bracelet in 18k White, Yellow or Pink Gold"},"content":{"rendered":"<p class=\"ai-optimize-16 ai-optimize-introduction\">This 1.05 ct. E\/F-VS\/SI Diamond Bracelet in 18k White, Yellow or Pink Gold classic diamond tennis bracelet features 105 round, Color E\/F, Clarity VS\/Top-SI diamonds set in a 18k white, yellow or pink gold bracelet. Each diamond is 0.01 ct. giving this sweet tennis bracelet a *total carat weight of just over 1.05 ct.<\/p>\n<p>21% VAT will be added to price in cart when shipping is set to EU address.<br \/>\nPrice includes shipping within EU.<br \/>\nCondition: New.<br \/>\nHandcrafted in Antwerp, Belgium.<br \/>\n100% natural, certified &amp; conflict free diamonds.<\/p>\n<p class=\"ai-optimize-17\"><strong>* Total Carat Weight may deviate marginally from 1.05 ct.<\/strong><\/p>\n<p class=\"my-2 [&amp;+p]:mt-4 [&amp;_strong:has(+br)]:inline-block [&amp;_strong:has(+br)]:pb-2\">Elevate your style with a timeless tennis bracelet, set with 105 round stones in Color E\/F and Clarity VS\/Top-SI, beautifully arranged in your choice of 18k white, yellow, or pink gold. Each carefully selected gem weighs 0.01 ct, for a graceful total carat weight of just over 1.05 ct.<\/p>\n<p class=\"my-2 [&amp;+p]:mt-4 [&amp;_strong:has(+br)]:inline-block [&amp;_strong:has(+br)]:pb-2\">This elegant accessory includes EU-wide shipping, and taxes are automatically added for EU orders at checkout. The piece is handcrafted in Antwerp, Belgium, and made exclusively with 100% natural, certified, and conflict-free stones.<\/p>\n","protected":false},"excerpt":{"rendered":"<pre>Ta klasyczna bransoletka tenisowa zawiera 105 okr\u0105g\u0142ych kamieni naturalnych w kolorze E\/F, o czysto\u015bci VS\/Top-SI, oprawionych w 18-karatowe bia\u0142e, \u017c\u00f3\u0142te lub r\u00f3\u017cowe z\u0142oto. Ka\u017cdy kamie\u0144 ma 0,01 ct, co daje tej s\u0142odkiej bransoletce tenisowej ca\u0142kowit\u0105 mas\u0119 karatow\u0105 nieco ponad 1,05 ct.\r\n<\/pre>","protected":false},"featured_media":34151,"comment_status":"open","ping_status":"closed","template":"","meta":{"_acf_changed":false},"product_brand":[192],"product_cat":[112,111,378],"product_tag":[113],"class_list":{"0":"post-6692","1":"product","2":"type-product","3":"status-publish","4":"has-post-thumbnail","6":"product_brand-bd","7":"product_cat-dtb","8":"product_cat-jewellery","9":"product_cat-valentines-day-collection","10":"product_tag-tennis-bracelets","11":"pa_choose-gold-18k-rose-gold","12":"pa_choose-gold-18k-white-gold","13":"pa_choose-gold-18k-yellow-gold","14":"pa_choose-gold-platinum","16":"first","17":"instock","18":"taxable","19":"shipping-taxable","20":"purchasable","21":"product-type-variable"},"acf":[],"_links":{"self":[{"href":"https:\/\/belgiumdiamonds.be\/pl\/wp-json\/wp\/v2\/product\/6692","targetHints":{"allow":["GET"]}}],"collection":[{"href":"https:\/\/belgiumdiamonds.be\/pl\/wp-json\/wp\/v2\/product"}],"about":[{"href":"https:\/\/belgiumdiamonds.be\/pl\/wp-json\/wp\/v2\/types\/product"}],"replies":[{"embeddable":true,"href":"https:\/\/belgiumdiamonds.be\/pl\/wp-json\/wp\/v2\/comments?post=6692"}],"version-history":[{"count":5,"href":"https:\/\/belgiumdiamonds.be\/pl\/wp-json\/wp\/v2\/product\/6692\/revisions"}],"predecessor-version":[{"id":33103,"href":"https:\/\/belgiumdiamonds.be\/pl\/wp-json\/wp\/v2\/product\/6692\/revisions\/33103"}],"wp:featuredmedia":[{"embeddable":true,"href":"https:\/\/belgiumdiamonds.be\/pl\/wp-json\/wp\/v2\/media\/34151"}],"wp:attachment":[{"href":"https:\/\/belgiumdiamonds.be\/pl\/wp-json\/wp\/v2\/media?parent=6692"}],"wp:term":[{"taxonomy":"product_brand","embeddable":true,"href":"https:\/\/belgiumdiamonds.be\/pl\/wp-json\/wp\/v2\/product_brand?post=6692"},{"taxonomy":"product_cat","embeddable":true,"href":"https:\/\/belgiumdiamonds.be\/pl\/wp-json\/wp\/v2\/product_cat?post=6692"},{"taxonomy":"product_tag","embeddable":true,"href":"https:\/\/belgiumdiamonds.be\/pl\/wp-json\/wp\/v2\/product_tag?post=6692"}],"curies":[{"name":"wp","href":"https:\/\/api.w.org\/{rel}","templated":true}]}}