{"id":6891,"date":"2024-01-10T15:42:18","date_gmt":"2024-01-10T15:42:18","guid":{"rendered":"https:\/\/belgiumdiamond.petpetshopi.shop\/?post_type=product&#038;p=6891"},"modified":"2026-05-02T10:33:59","modified_gmt":"2026-05-02T08:33:59","slug":"2-84-ct-e-f-vs-si-diamond-tennis-bracelet","status":"publish","type":"product","link":"https:\/\/belgiumdiamonds.be\/pl\/product\/2-84-ct-e-f-vs-si-diamond-tennis-bracelet\/","title":{"rendered":"2.84 ct E\/F VS\/SI Diamond Tennis Bracelet 18k Gold"},"content":{"rendered":"<p>This classic\u00a0 2.84 ct E\/F VS\/SI Diamond Bracelet 18k White, Yellow or Pink Gold diamond tennis bracelet features 71 round, Color E\/F, Clarity VS\/TOP-SI diamonds set in a 18k white, yellow or pink gold bracelet. Each diamond is 0.04 ct. giving this brilliant jewel a *total carat weight of 2.84 ct. This bracelet twins perfectly with our Black Diamond Tennis Bracelet and are designed to be worn side by side.<\/p>\n<p>21% VAT zostanie doliczony do ceny w koszyku, gdy wysy\u0142ka jest ustawiona na adres UE.<br \/>\nCena obejmuje wysy\u0142k\u0119 na terenie UE.<br \/>\nStan: Nowy.<br \/>\nR\u0119czne wykonanie w Antwerpii w Belgii.<br \/>\n100% naturalne, certyfikowane i wolne od konflikt\u00f3w diamenty<\/p>\n<p><strong>* Diamenty mog\u0105 nieznacznie odbiega\u0107 od masy 2,84 ct.<\/strong><\/p>","protected":false},"excerpt":{"rendered":"<p>Ta klasyczna diamentowa bransoletka tenisowa zawiera 71 okr\u0105g\u0142ych diament\u00f3w w kolorze E\/F, o czysto\u015bci VS\/TOP-SI, osadzonych w bransoletce z 18-karatowego bia\u0142ego, \u017c\u00f3\u0142tego lub r\u00f3\u017cowego z\u0142ota. Ka\u017cdy diament ma 0,04 ct., co daje temu genialnemu klejnotowi * ca\u0142kowit\u0105 mas\u0119 karatow\u0105 2,84 ct. Ta bransoletka doskonale komponuje si\u0119 z nasz\u0105 bransoletk\u0105 tenisow\u0105 z czarnym diamentem i jest przeznaczona do noszenia obok siebie.<\/p>\n<pre><\/pre>","protected":false},"featured_media":34193,"comment_status":"open","ping_status":"closed","template":"","meta":{"_acf_changed":false},"product_brand":[192],"product_cat":[112,111],"product_tag":[113],"class_list":{"0":"post-6891","1":"product","2":"type-product","3":"status-publish","4":"has-post-thumbnail","6":"product_brand-bd","7":"product_cat-dtb","8":"product_cat-jewellery","9":"product_tag-tennis-bracelets","10":"pa_choose-gold-18k-rose-gold","11":"pa_choose-gold-18k-white-gold","12":"pa_choose-gold-18k-yellow-gold","14":"first","15":"instock","16":"taxable","17":"shipping-taxable","18":"purchasable","19":"product-type-variable"},"acf":[],"_links":{"self":[{"href":"https:\/\/belgiumdiamonds.be\/pl\/wp-json\/wp\/v2\/product\/6891","targetHints":{"allow":["GET"]}}],"collection":[{"href":"https:\/\/belgiumdiamonds.be\/pl\/wp-json\/wp\/v2\/product"}],"about":[{"href":"https:\/\/belgiumdiamonds.be\/pl\/wp-json\/wp\/v2\/types\/product"}],"replies":[{"embeddable":true,"href":"https:\/\/belgiumdiamonds.be\/pl\/wp-json\/wp\/v2\/comments?post=6891"}],"version-history":[{"count":6,"href":"https:\/\/belgiumdiamonds.be\/pl\/wp-json\/wp\/v2\/product\/6891\/revisions"}],"predecessor-version":[{"id":42841,"href":"https:\/\/belgiumdiamonds.be\/pl\/wp-json\/wp\/v2\/product\/6891\/revisions\/42841"}],"wp:featuredmedia":[{"embeddable":true,"href":"https:\/\/belgiumdiamonds.be\/pl\/wp-json\/wp\/v2\/media\/34193"}],"wp:attachment":[{"href":"https:\/\/belgiumdiamonds.be\/pl\/wp-json\/wp\/v2\/media?parent=6891"}],"wp:term":[{"taxonomy":"product_brand","embeddable":true,"href":"https:\/\/belgiumdiamonds.be\/pl\/wp-json\/wp\/v2\/product_brand?post=6891"},{"taxonomy":"product_cat","embeddable":true,"href":"https:\/\/belgiumdiamonds.be\/pl\/wp-json\/wp\/v2\/product_cat?post=6891"},{"taxonomy":"product_tag","embeddable":true,"href":"https:\/\/belgiumdiamonds.be\/pl\/wp-json\/wp\/v2\/product_tag?post=6891"}],"curies":[{"name":"wp","href":"https:\/\/api.w.org\/{rel}","templated":true}]}}