{"id":6949,"date":"2024-01-14T13:34:03","date_gmt":"2024-01-14T13:34:03","guid":{"rendered":"https:\/\/belgiumdiamond.petpetshopi.shop\/?post_type=product&#038;p=6949"},"modified":"2026-05-02T10:33:21","modified_gmt":"2026-05-02T08:33:21","slug":"2-84-ct-e-f-vvs-diamond-tennis-bracelet","status":"publish","type":"product","link":"https:\/\/belgiumdiamonds.be\/pl\/product\/2-84-ct-e-f-vvs-diamond-tennis-bracelet\/","title":{"rendered":"2.84 ct E\/F-VVS Diamond Tennis Bracelet 18k Gold"},"content":{"rendered":"<p>This classic 2.84 ct E\/F-VVS Diamond Tennis Bracelet 18k White, Yellow or Pink Gold diamond tennis bracelet features 71 round, Color E\/F, Clarity VVS diamonds set in a 18k white, yellow or pink gold bracelet. Each diamond is 0.04 ct. giving this brilliant jewel a *total carat weight of 2.84 ct. This bracelet twins perfectly with our Black Diamond Tennis Bracelet and are designed to be worn side by side.<\/p>\n<p>21% VAT zostanie doliczony do ceny w koszyku, gdy wysy\u0142ka jest ustawiona na adres UE.<br \/>\nCena obejmuje wysy\u0142k\u0119 na terenie UE.<br \/>\nStan: Nowy.<br \/>\nR\u0119czne wykonanie w Antwerpii w Belgii.<br \/>\n100% naturalne, certyfikowane i wolne od konflikt\u00f3w diamenty<\/p>\n<p><strong>* Diamenty mog\u0105 nieznacznie odbiega\u0107 od masy 2,84 ct.<\/strong><\/p>","protected":false},"excerpt":{"rendered":"<p>Ta klasyczna diamentowa bransoletka tenisowa zawiera 71 okr\u0105g\u0142ych diament\u00f3w w kolorze E\/F, o czysto\u015bci VVS, osadzonych w bransoletce z 18-karatowego bia\u0142ego, \u017c\u00f3\u0142tego lub r\u00f3\u017cowego z\u0142ota. Ka\u017cdy diament ma 0,04 ct., co daje temu genialnemu klejnotowi * ca\u0142kowit\u0105 mas\u0119 karatow\u0105 2,84 ct. Ta bransoletka doskonale komponuje si\u0119 z nasz\u0105 bransoletk\u0105 tenisow\u0105 z czarnym diamentem i jest przeznaczona do noszenia obok siebie.<\/p>\n<p>&nbsp;<\/p>\n<pre><\/pre>","protected":false},"featured_media":34192,"comment_status":"open","ping_status":"closed","template":"","meta":{"_acf_changed":false},"product_brand":[],"product_cat":[112,111],"product_tag":[113],"class_list":{"0":"post-6949","1":"product","2":"type-product","3":"status-publish","4":"has-post-thumbnail","6":"product_cat-dtb","7":"product_cat-jewellery","8":"product_tag-tennis-bracelets","9":"pa_choose-gold-18k-rose-gold","10":"pa_choose-gold-18k-white-gold","11":"pa_choose-gold-18k-yellow-gold","13":"first","14":"instock","15":"taxable","16":"shipping-taxable","17":"purchasable","18":"product-type-variable"},"acf":[],"_links":{"self":[{"href":"https:\/\/belgiumdiamonds.be\/pl\/wp-json\/wp\/v2\/product\/6949","targetHints":{"allow":["GET"]}}],"collection":[{"href":"https:\/\/belgiumdiamonds.be\/pl\/wp-json\/wp\/v2\/product"}],"about":[{"href":"https:\/\/belgiumdiamonds.be\/pl\/wp-json\/wp\/v2\/types\/product"}],"replies":[{"embeddable":true,"href":"https:\/\/belgiumdiamonds.be\/pl\/wp-json\/wp\/v2\/comments?post=6949"}],"version-history":[{"count":5,"href":"https:\/\/belgiumdiamonds.be\/pl\/wp-json\/wp\/v2\/product\/6949\/revisions"}],"predecessor-version":[{"id":42840,"href":"https:\/\/belgiumdiamonds.be\/pl\/wp-json\/wp\/v2\/product\/6949\/revisions\/42840"}],"wp:featuredmedia":[{"embeddable":true,"href":"https:\/\/belgiumdiamonds.be\/pl\/wp-json\/wp\/v2\/media\/34192"}],"wp:attachment":[{"href":"https:\/\/belgiumdiamonds.be\/pl\/wp-json\/wp\/v2\/media?parent=6949"}],"wp:term":[{"taxonomy":"product_brand","embeddable":true,"href":"https:\/\/belgiumdiamonds.be\/pl\/wp-json\/wp\/v2\/product_brand?post=6949"},{"taxonomy":"product_cat","embeddable":true,"href":"https:\/\/belgiumdiamonds.be\/pl\/wp-json\/wp\/v2\/product_cat?post=6949"},{"taxonomy":"product_tag","embeddable":true,"href":"https:\/\/belgiumdiamonds.be\/pl\/wp-json\/wp\/v2\/product_tag?post=6949"}],"curies":[{"name":"wp","href":"https:\/\/api.w.org\/{rel}","templated":true}]}}