{"id":6972,"date":"2024-01-14T14:03:11","date_gmt":"2024-01-14T14:03:11","guid":{"rendered":"https:\/\/belgiumdiamond.petpetshopi.shop\/?post_type=product&#038;p=6972"},"modified":"2026-04-13T10:34:09","modified_gmt":"2026-04-13T08:34:09","slug":"3-84-ct-e-f-vvs-diamentowa-bransoletka-tenisowa-z-18-karatowego-bialego-zoltego-lub-rozowego-zlota","status":"publish","type":"product","link":"https:\/\/belgiumdiamonds.be\/pl\/product\/3-84-ct-e-f-vvs-diamond-tennis-bracelet-in-18k-white-yellow-or-pink-gold\/","title":{"rendered":"3.84 CT. Diamentowa bransoletka tenisowa E\/F-VVS z 18-karatowego bia\u0142ego, \u017c\u00f3\u0142tego lub r\u00f3\u017cowego z\u0142ota"},"content":{"rendered":"<p>Ta klasyczna diamentowa bransoletka tenisowa zawiera 64 okr\u0105g\u0142e diamenty w kolorze E\/F i czysto\u015bci VVS osadzone w bransoletce z 18-karatowego bia\u0142ego, \u017c\u00f3\u0142tego lub r\u00f3\u017cowego z\u0142ota. Ka\u017cdy diament ma 0,06 ct (\u015brednio), co daje tej wykwintnej bransoletce tenisowej * ca\u0142kowit\u0105 mas\u0119 karatow\u0105 3,84 ct.<\/p>\n<p>21% VAT zostanie doliczony do ceny w koszyku, gdy wysy\u0142ka jest ustawiona na adres UE.<br \/>\nCena obejmuje wysy\u0142k\u0119 na terenie UE.<br \/>\nStan: Nowy.<br \/>\nR\u0119czne wykonanie w Antwerpii w Belgii.<br \/>\n100% naturalne, certyfikowane i wolne od konflikt\u00f3w diamenty.<\/p>\n<p><strong>* Ca\u0142kowita masa karatowa mo\u017ce nieznacznie odbiega\u0107 od 3,84 ct.<\/strong><\/p>","protected":false},"excerpt":{"rendered":"<p>Ta klasyczna diamentowa bransoletka tenisowa zawiera 64 okr\u0105g\u0142e diamenty w kolorze E\/F i czysto\u015bci VVS osadzone w bransoletce z 18-karatowego bia\u0142ego, \u017c\u00f3\u0142tego lub r\u00f3\u017cowego z\u0142ota. Ka\u017cdy diament ma 0,06 ct (\u015brednio), co daje tej wykwintnej bransoletce tenisowej * ca\u0142kowit\u0105 mas\u0119 karatow\u0105 3,84 ct.<\/p>\n<pre><\/pre>","protected":false},"featured_media":34216,"comment_status":"open","ping_status":"closed","template":"","meta":{"_acf_changed":false},"product_brand":[],"product_cat":[112,111],"product_tag":[113],"class_list":{"0":"post-6972","1":"product","2":"type-product","3":"status-publish","4":"has-post-thumbnail","6":"product_cat-dtb","7":"product_cat-jewellery","8":"product_tag-tennis-bracelets","9":"pa_choose-gold-18k-rose-gold","10":"pa_choose-gold-18k-white-gold","11":"pa_choose-gold-18k-yellow-gold","13":"first","14":"instock","15":"taxable","16":"shipping-taxable","17":"purchasable","18":"product-type-variable"},"acf":[],"_links":{"self":[{"href":"https:\/\/belgiumdiamonds.be\/pl\/wp-json\/wp\/v2\/product\/6972","targetHints":{"allow":["GET"]}}],"collection":[{"href":"https:\/\/belgiumdiamonds.be\/pl\/wp-json\/wp\/v2\/product"}],"about":[{"href":"https:\/\/belgiumdiamonds.be\/pl\/wp-json\/wp\/v2\/types\/product"}],"replies":[{"embeddable":true,"href":"https:\/\/belgiumdiamonds.be\/pl\/wp-json\/wp\/v2\/comments?post=6972"}],"version-history":[{"count":2,"href":"https:\/\/belgiumdiamonds.be\/pl\/wp-json\/wp\/v2\/product\/6972\/revisions"}],"predecessor-version":[{"id":42400,"href":"https:\/\/belgiumdiamonds.be\/pl\/wp-json\/wp\/v2\/product\/6972\/revisions\/42400"}],"wp:featuredmedia":[{"embeddable":true,"href":"https:\/\/belgiumdiamonds.be\/pl\/wp-json\/wp\/v2\/media\/34216"}],"wp:attachment":[{"href":"https:\/\/belgiumdiamonds.be\/pl\/wp-json\/wp\/v2\/media?parent=6972"}],"wp:term":[{"taxonomy":"product_brand","embeddable":true,"href":"https:\/\/belgiumdiamonds.be\/pl\/wp-json\/wp\/v2\/product_brand?post=6972"},{"taxonomy":"product_cat","embeddable":true,"href":"https:\/\/belgiumdiamonds.be\/pl\/wp-json\/wp\/v2\/product_cat?post=6972"},{"taxonomy":"product_tag","embeddable":true,"href":"https:\/\/belgiumdiamonds.be\/pl\/wp-json\/wp\/v2\/product_tag?post=6972"}],"curies":[{"name":"wp","href":"https:\/\/api.w.org\/{rel}","templated":true}]}}