{"id":7010,"date":"2024-01-14T15:50:48","date_gmt":"2024-01-14T15:50:48","guid":{"rendered":"https:\/\/belgiumdiamond.petpetshopi.shop\/?post_type=product&#038;p=7010"},"modified":"2026-04-03T10:36:25","modified_gmt":"2026-04-03T08:36:25","slug":"8-80-ct-e-f-vs-si-diamentowa-bransoletka-tenisowa-z-18-karatowego-bialego-zoltego-lub-rozowego-zlota","status":"publish","type":"product","link":"https:\/\/belgiumdiamonds.be\/pl\/product\/8-80-ct-e-f-vs-si-diamond-tennis-bracelet-in-18k-white-yellow-or-pink-gold\/","title":{"rendered":"8.80 CT. E\/F-VS\/SI Diamentowa bransoletka tenisowa z 18-karatowego bia\u0142ego, \u017c\u00f3\u0142tego lub r\u00f3\u017cowego z\u0142ota"},"content":{"rendered":"<p>Ta zachwycaj\u0105ca klasyczna diamentowa bransoletka tenisowa zawiera 44 okr\u0105g\u0142e diamenty o szlifie brylantowym, kolorze E\/F, czysto\u015bci VS\/TOP-SI (idealnie czyste dla oczu), osadzone w bransoletce z 18-karatowego bia\u0142ego, \u017c\u00f3\u0142tego lub r\u00f3\u017cowego z\u0142ota. Ka\u017cdy diament ma \u015bredni\u0105 mas\u0119 0.20 ct. co daje tej wyj\u0105tkowej i b\u0142yszcz\u0105cej bransoletce tenisowej * ca\u0142kowit\u0105 mas\u0119 karatow\u0105 8.80 ct.<\/p>\n<p>21% VAT zostanie doliczony do ceny w koszyku, gdy wysy\u0142ka jest ustawiona na adres UE.<br \/>\nCena obejmuje bezp\u0142atn\u0105 wysy\u0142k\u0119 na terenie UE.<br \/>\nStan: Nowy.<br \/>\nR\u0119czne wykonanie w Antwerpii w Belgii.<br \/>\n100% naturalne, certyfikowane i wolne od konflikt\u00f3w diamenty bez obr\u00f3bki.<\/p>\n<p><strong>* Diamenty mog\u0105 nieznacznie odbiega\u0107 od masy 8,80 ct.<\/strong><\/p>","protected":false},"excerpt":{"rendered":"<p>Ta zachwycaj\u0105ca klasyczna diamentowa bransoletka tenisowa zawiera 44 okr\u0105g\u0142e diamenty w kolorze E\/F, o czysto\u015bci VS\/TOP-SI (idealnie czyste dla oka), osadzone w bransoletce z 18-karatowego bia\u0142ego, \u017c\u00f3\u0142tego lub r\u00f3\u017cowego z\u0142ota. Ka\u017cdy diament ma \u015bredni\u0105 mas\u0119 0.20 ct. daj\u0105c tej wyj\u0105tkowej i b\u0142yszcz\u0105cej bransoletce tenisowej * ca\u0142kowit\u0105 mas\u0119 karatow\u0105 8.80 ct.<\/p>\n<p>&nbsp;<\/p>","protected":false},"featured_media":34265,"comment_status":"open","ping_status":"closed","template":"","meta":{"_acf_changed":false},"product_brand":[],"product_cat":[112,111],"product_tag":[113],"class_list":{"0":"post-7010","1":"product","2":"type-product","3":"status-publish","4":"has-post-thumbnail","6":"product_cat-dtb","7":"product_cat-jewellery","8":"product_tag-tennis-bracelets","9":"pa_choose-gold-18k-rose-gold","10":"pa_choose-gold-18k-white-gold","11":"pa_choose-gold-18k-yellow-gold","12":"pa_choose-gold-platinum","14":"first","15":"instock","16":"sale","17":"taxable","18":"shipping-taxable","19":"purchasable","20":"product-type-variable"},"acf":[],"_links":{"self":[{"href":"https:\/\/belgiumdiamonds.be\/pl\/wp-json\/wp\/v2\/product\/7010","targetHints":{"allow":["GET"]}}],"collection":[{"href":"https:\/\/belgiumdiamonds.be\/pl\/wp-json\/wp\/v2\/product"}],"about":[{"href":"https:\/\/belgiumdiamonds.be\/pl\/wp-json\/wp\/v2\/types\/product"}],"replies":[{"embeddable":true,"href":"https:\/\/belgiumdiamonds.be\/pl\/wp-json\/wp\/v2\/comments?post=7010"}],"version-history":[{"count":2,"href":"https:\/\/belgiumdiamonds.be\/pl\/wp-json\/wp\/v2\/product\/7010\/revisions"}],"predecessor-version":[{"id":42396,"href":"https:\/\/belgiumdiamonds.be\/pl\/wp-json\/wp\/v2\/product\/7010\/revisions\/42396"}],"wp:featuredmedia":[{"embeddable":true,"href":"https:\/\/belgiumdiamonds.be\/pl\/wp-json\/wp\/v2\/media\/34265"}],"wp:attachment":[{"href":"https:\/\/belgiumdiamonds.be\/pl\/wp-json\/wp\/v2\/media?parent=7010"}],"wp:term":[{"taxonomy":"product_brand","embeddable":true,"href":"https:\/\/belgiumdiamonds.be\/pl\/wp-json\/wp\/v2\/product_brand?post=7010"},{"taxonomy":"product_cat","embeddable":true,"href":"https:\/\/belgiumdiamonds.be\/pl\/wp-json\/wp\/v2\/product_cat?post=7010"},{"taxonomy":"product_tag","embeddable":true,"href":"https:\/\/belgiumdiamonds.be\/pl\/wp-json\/wp\/v2\/product_tag?post=7010"}],"curies":[{"name":"wp","href":"https:\/\/api.w.org\/{rel}","templated":true}]}}