{"id":7030,"date":"2024-01-14T16:03:46","date_gmt":"2024-01-14T16:03:46","guid":{"rendered":"https:\/\/belgiumdiamond.petpetshopi.shop\/?post_type=product&#038;p=7030"},"modified":"2026-05-02T10:27:28","modified_gmt":"2026-05-02T08:27:28","slug":"11-00-ct-e-f-vvs-diamond-tennis-bracelet-in-18k","status":"publish","type":"product","link":"https:\/\/belgiumdiamonds.be\/pl\/product\/11-00-ct-e-f-vvs-diamond-tennis-bracelet-in-18k\/","title":{"rendered":"11.00 ct E\/F-VVS Diamond Tennis Bracelet in 18k"},"content":{"rendered":"<p class=\"ai-optimize-16 ai-optimize-introduction\">This ravishing 11.00 ct E\/F-VVS Diamond Tennis Bracelet in 18k White, YellowPink Gold classic diamond tennis bracelet features 44 round, Color E\/F, Clarity VVS diamonds set in a 18k white, yellow or pink gold bracelet. Each diamond is an average of 0.25 ct. giving this special and sparkling tennis bracelet a\u00a0 minimum *total carat weight of 11.00 ct.<\/p>\n<p>21% VAT zostanie doliczony do ceny w koszyku, gdy wysy\u0142ka jest ustawiona na adres UE.<br \/>\nCena obejmuje wysy\u0142k\u0119 na terenie UE.<br \/>\nStan: Nowy.<br \/>\nR\u0119czne wykonanie w Antwerpii w Belgii.<br \/>\n100% naturalne, certyfikowane i wolne od konflikt\u00f3w diamenty.<\/p>\n<p class=\"ai-optimize-17\"><strong>* Diamenty mog\u0105 nieznacznie odbiega\u0107 od masy 11,00 ct.<\/strong><\/p>","protected":false},"excerpt":{"rendered":"<p>Ta zachwycaj\u0105ca klasyczna diamentowa bransoletka tenisowa zawiera 44 okr\u0105g\u0142e diamenty w kolorze E\/F, o czysto\u015bci VVS, osadzone w bransoletce z 18-karatowego bia\u0142ego, \u017c\u00f3\u0142tego lub r\u00f3\u017cowego z\u0142ota. Ka\u017cdy diament ma \u015brednio 0,25 ct., co daje tej wyj\u0105tkowej i b\u0142yszcz\u0105cej bransoletce tenisowej minimaln\u0105 * ca\u0142kowit\u0105 mas\u0119 karatow\u0105 11,00 ct.<\/p>","protected":false},"featured_media":34180,"comment_status":"open","ping_status":"closed","template":"","meta":{"_acf_changed":false},"product_brand":[],"product_cat":[112,111],"product_tag":[113],"class_list":{"0":"post-7030","1":"product","2":"type-product","3":"status-publish","4":"has-post-thumbnail","6":"product_cat-dtb","7":"product_cat-jewellery","8":"product_tag-tennis-bracelets","9":"pa_choose-gold-18k-rose-gold","10":"pa_choose-gold-18k-white-gold","11":"pa_choose-gold-18k-yellow-gold","12":"pa_choose-gold-platinum","14":"first","15":"instock","16":"taxable","17":"shipping-taxable","18":"purchasable","19":"product-type-variable"},"acf":[],"_links":{"self":[{"href":"https:\/\/belgiumdiamonds.be\/pl\/wp-json\/wp\/v2\/product\/7030","targetHints":{"allow":["GET"]}}],"collection":[{"href":"https:\/\/belgiumdiamonds.be\/pl\/wp-json\/wp\/v2\/product"}],"about":[{"href":"https:\/\/belgiumdiamonds.be\/pl\/wp-json\/wp\/v2\/types\/product"}],"replies":[{"embeddable":true,"href":"https:\/\/belgiumdiamonds.be\/pl\/wp-json\/wp\/v2\/comments?post=7030"}],"version-history":[{"count":6,"href":"https:\/\/belgiumdiamonds.be\/pl\/wp-json\/wp\/v2\/product\/7030\/revisions"}],"predecessor-version":[{"id":42837,"href":"https:\/\/belgiumdiamonds.be\/pl\/wp-json\/wp\/v2\/product\/7030\/revisions\/42837"}],"wp:featuredmedia":[{"embeddable":true,"href":"https:\/\/belgiumdiamonds.be\/pl\/wp-json\/wp\/v2\/media\/34180"}],"wp:attachment":[{"href":"https:\/\/belgiumdiamonds.be\/pl\/wp-json\/wp\/v2\/media?parent=7030"}],"wp:term":[{"taxonomy":"product_brand","embeddable":true,"href":"https:\/\/belgiumdiamonds.be\/pl\/wp-json\/wp\/v2\/product_brand?post=7030"},{"taxonomy":"product_cat","embeddable":true,"href":"https:\/\/belgiumdiamonds.be\/pl\/wp-json\/wp\/v2\/product_cat?post=7030"},{"taxonomy":"product_tag","embeddable":true,"href":"https:\/\/belgiumdiamonds.be\/pl\/wp-json\/wp\/v2\/product_tag?post=7030"}],"curies":[{"name":"wp","href":"https:\/\/api.w.org\/{rel}","templated":true}]}}