{"id":7636,"date":"2024-01-14T17:26:23","date_gmt":"2024-01-14T17:26:23","guid":{"rendered":"https:\/\/belgiumdiamond.petpetshopi.shop\/?post_type=product&#038;p=7636"},"modified":"2026-04-27T11:41:09","modified_gmt":"2026-04-27T09:41:09","slug":"e-f-vvs-classic-fullset-eternity-ring-2ct","status":"publish","type":"product","link":"https:\/\/belgiumdiamonds.be\/pl\/product\/e-f-vvs-classic-fullset-eternity-ring-2ct\/","title":{"rendered":"E\/F VVS Classic Fullset Eternity Ring 2ct"},"content":{"rendered":"<p class=\"ai-optimize-16 ai-optimize-introduction\">ClassicE \/F VVS Classic Fullset Eternity Ring 2ct Diamond Eternity Ring in 18k gold or platinum. This beautiful eternity\/alliance ring is set with 22 x 0.09 ct round brilliant diamonds giving the total carat weight of 2 ct. color E\/F, clarity VVS<\/p>\n<p class=\"ai-optimize-17\">21% VAT zostanie doliczony do ceny w koszyku, gdy wysy\u0142ka jest ustawiona na adres UE.<br \/>\nCena obejmuje wysy\u0142k\u0119 na terenie UE.<br \/>\nStan: Nowy<br \/>\nR\u0119czne wykonanie w Antwerpii w Belgii.<br \/>\nTen klejnot jest certyfikowany przez licencjonowanego gemmologa Belgium Diamond i na \u017cyczenie mo\u017ce by\u0107 certyfikowany przez laboratoria certyfikacyjne HRD lub IGI.<\/p>","protected":false},"excerpt":{"rendered":"<p>Klasyczny 2.00 ct. Diamentowy pier\u015bcionek na wieczno\u015b\u0107 z 18-karatowego z\u0142ota lub platyny. Ten pi\u0119kny pier\u015bcionek na wieczno\u015b\u0107 \/ sojusz jest wysadzany 22 okr\u0105g\u0142ymi brylantami o masie 0,09 ct, co daje \u0142\u0105czn\u0105 mas\u0119 karatow\u0105 minimum 2 ct. kolor E \/ F, czysto\u015b\u0107 VVS<\/p>","protected":false},"featured_media":11852,"comment_status":"open","ping_status":"closed","template":"","meta":{"_acf_changed":false},"product_brand":[],"product_cat":[114],"product_tag":[],"class_list":{"0":"post-7636","1":"product","2":"type-product","3":"status-publish","4":"has-post-thumbnail","6":"product_cat-wedding-eternity-bands","8":"first","9":"instock","10":"taxable","11":"shipping-taxable","12":"purchasable","13":"product-type-variable"},"acf":[],"_links":{"self":[{"href":"https:\/\/belgiumdiamonds.be\/pl\/wp-json\/wp\/v2\/product\/7636","targetHints":{"allow":["GET"]}}],"collection":[{"href":"https:\/\/belgiumdiamonds.be\/pl\/wp-json\/wp\/v2\/product"}],"about":[{"href":"https:\/\/belgiumdiamonds.be\/pl\/wp-json\/wp\/v2\/types\/product"}],"replies":[{"embeddable":true,"href":"https:\/\/belgiumdiamonds.be\/pl\/wp-json\/wp\/v2\/comments?post=7636"}],"version-history":[{"count":3,"href":"https:\/\/belgiumdiamonds.be\/pl\/wp-json\/wp\/v2\/product\/7636\/revisions"}],"predecessor-version":[{"id":42783,"href":"https:\/\/belgiumdiamonds.be\/pl\/wp-json\/wp\/v2\/product\/7636\/revisions\/42783"}],"wp:featuredmedia":[{"embeddable":true,"href":"https:\/\/belgiumdiamonds.be\/pl\/wp-json\/wp\/v2\/media\/11852"}],"wp:attachment":[{"href":"https:\/\/belgiumdiamonds.be\/pl\/wp-json\/wp\/v2\/media?parent=7636"}],"wp:term":[{"taxonomy":"product_brand","embeddable":true,"href":"https:\/\/belgiumdiamonds.be\/pl\/wp-json\/wp\/v2\/product_brand?post=7636"},{"taxonomy":"product_cat","embeddable":true,"href":"https:\/\/belgiumdiamonds.be\/pl\/wp-json\/wp\/v2\/product_cat?post=7636"},{"taxonomy":"product_tag","embeddable":true,"href":"https:\/\/belgiumdiamonds.be\/pl\/wp-json\/wp\/v2\/product_tag?post=7636"}],"curies":[{"name":"wp","href":"https:\/\/api.w.org\/{rel}","templated":true}]}}