{"id":8577,"date":"2024-01-24T15:12:55","date_gmt":"2024-01-24T15:12:55","guid":{"rendered":"https:\/\/belgiumdiamond.petpetshopi.shop\/?post_type=product&#038;p=8577"},"modified":"2026-04-30T13:18:50","modified_gmt":"2026-04-30T11:18:50","slug":"6-45-half-set-diamond-tennis-necklace","status":"publish","type":"product","link":"https:\/\/belgiumdiamonds.be\/pl\/product\/6-45-half-set-diamond-tennis-necklace\/","title":{"rendered":"6.45 CT. E\/F-VVS Half Set Diamond Tennis Necklace"},"content":{"rendered":"<p>6.45 CT. E\/F-VVS Half Set Diamond Tennis Necklace in 18k White, Yellow or Pink Gold features 71 round, Color E\/F, Clarity VVS diamonds set in a 18k white, yellow or pink gold bracelet. Each diamond is an average of 0.09 ct. giving this special and sparkling tennis neckalce a *total carat weight of 6.45 ct.<\/p>\n<p>Cena obejmuje wysy\u0142k\u0119 na terenie UE.<br \/>\nStan: Nowy.<br \/>\nR\u0119czne wykonanie w Antwerpii w Belgii.<br \/>\n100% naturalne, certyfikowane i wolne od konflikt\u00f3w diamenty.<\/p>\n<p><strong>* Diamenty mog\u0105 nieznacznie odbiega\u0107 od masy 6,45 ct.<\/strong><\/p>","protected":false},"excerpt":{"rendered":"<p>Ten naszyjnik tenisowy z po\u0142\u00f3wkami diament\u00f3w equisite zawiera 71 okr\u0105g\u0142ych diament\u00f3w w kolorze E\/F i czysto\u015bci VVS, osadzonych w bransoletce z 18-karatowego bia\u0142ego, \u017c\u00f3\u0142tego lub r\u00f3\u017cowego z\u0142ota. Ka\u017cdy diament ma \u015brednio 0.09 ct. co daje temu wyj\u0105tkowemu i b\u0142yszcz\u0105cemu naszyjnikowi tenisowemu * ca\u0142kowit\u0105 mas\u0119 karatow\u0105 6.45 ct.<\/p>","protected":false},"featured_media":34281,"comment_status":"open","ping_status":"closed","template":"","meta":{"_acf_changed":false},"product_brand":[],"product_cat":[117],"product_tag":[118],"class_list":{"0":"post-8577","1":"product","2":"type-product","3":"status-publish","4":"has-post-thumbnail","6":"product_cat-diamond-tennis-necklaces","7":"product_tag-tennis-necklace","8":"pa_choose-gold-18k-rose-gold","9":"pa_choose-gold-18k-white-gold","10":"pa_choose-gold-18k-yellow-gold","11":"pa_choose-gold-platinum","13":"first","14":"instock","15":"taxable","16":"shipping-taxable","17":"purchasable","18":"product-type-variable"},"acf":[],"_links":{"self":[{"href":"https:\/\/belgiumdiamonds.be\/pl\/wp-json\/wp\/v2\/product\/8577","targetHints":{"allow":["GET"]}}],"collection":[{"href":"https:\/\/belgiumdiamonds.be\/pl\/wp-json\/wp\/v2\/product"}],"about":[{"href":"https:\/\/belgiumdiamonds.be\/pl\/wp-json\/wp\/v2\/types\/product"}],"replies":[{"embeddable":true,"href":"https:\/\/belgiumdiamonds.be\/pl\/wp-json\/wp\/v2\/comments?post=8577"}],"version-history":[{"count":5,"href":"https:\/\/belgiumdiamonds.be\/pl\/wp-json\/wp\/v2\/product\/8577\/revisions"}],"predecessor-version":[{"id":42825,"href":"https:\/\/belgiumdiamonds.be\/pl\/wp-json\/wp\/v2\/product\/8577\/revisions\/42825"}],"wp:featuredmedia":[{"embeddable":true,"href":"https:\/\/belgiumdiamonds.be\/pl\/wp-json\/wp\/v2\/media\/34281"}],"wp:attachment":[{"href":"https:\/\/belgiumdiamonds.be\/pl\/wp-json\/wp\/v2\/media?parent=8577"}],"wp:term":[{"taxonomy":"product_brand","embeddable":true,"href":"https:\/\/belgiumdiamonds.be\/pl\/wp-json\/wp\/v2\/product_brand?post=8577"},{"taxonomy":"product_cat","embeddable":true,"href":"https:\/\/belgiumdiamonds.be\/pl\/wp-json\/wp\/v2\/product_cat?post=8577"},{"taxonomy":"product_tag","embeddable":true,"href":"https:\/\/belgiumdiamonds.be\/pl\/wp-json\/wp\/v2\/product_tag?post=8577"}],"curies":[{"name":"wp","href":"https:\/\/api.w.org\/{rel}","templated":true}]}}