{"id":8590,"date":"2024-01-24T15:17:15","date_gmt":"2024-01-24T15:17:15","guid":{"rendered":"https:\/\/belgiumdiamond.petpetshopi.shop\/?post_type=product&#038;p=8590"},"modified":"2026-03-13T11:19:30","modified_gmt":"2026-03-13T10:19:30","slug":"8-94ctdiamond-tennis-necklace","status":"publish","type":"product","link":"https:\/\/belgiumdiamonds.be\/pl\/product\/8-94ctdiamond-tennis-necklace\/","title":{"rendered":"8.94 ct. EF-VSSI Diamond Tennis Necklace in 18k White, Yellow or Pink Gold"},"content":{"rendered":"<p>8.94 ct. EF-VSSI Diamond Tennis Necklace in 18k White, Yellow or Pink Gold features 149 round, Color E\/F, Clarity VS\/TOP-SI (perfectly eye clean) diamonds set in a 18k white, yellow or pink gold bracelet. Each diamond is an average of 0.06ct. giving this special and sparkling tennis neckalce a *total carat weight of 8.94 ct.<\/p>\n<p>Cena obejmuje wysy\u0142k\u0119 na terenie UE.<br \/>\nStan: Nowy.<br \/>\nR\u0119czne wykonanie w Antwerpii w Belgii.<br \/>\n100% naturalne, certyfikowane i wolne od konflikt\u00f3w diamenty.<\/p>\n<p><strong>* Diamenty mog\u0105 nieznacznie odbiega\u0107 od masy 8,94 ct.<\/strong><\/p>","protected":false},"excerpt":{"rendered":"<p>Ten zachwycaj\u0105cy klasyczny diamentowy naszyjnik tenisowy zawiera 149 okr\u0105g\u0142ych diament\u00f3w w kolorze E\/F, o czysto\u015bci VS\/TOP-SI (idealnie czyste oczy), osadzonych w 18-karatowej bransoletce z bia\u0142ego, \u017c\u00f3\u0142tego lub r\u00f3\u017cowego z\u0142ota. Ka\u017cdy diament ma \u015brednio 0.06 ct. co daje temu wyj\u0105tkowemu i b\u0142yszcz\u0105cemu naszyjnikowi tenisowemu * ca\u0142kowit\u0105 mas\u0119 karatow\u0105 8.94 ct.<\/p>","protected":false},"featured_media":34287,"comment_status":"open","ping_status":"closed","template":"","meta":{"_acf_changed":false},"product_brand":[],"product_cat":[117],"product_tag":[118],"class_list":{"0":"post-8590","1":"product","2":"type-product","3":"status-publish","4":"has-post-thumbnail","6":"product_cat-diamond-tennis-necklaces","7":"product_tag-tennis-necklace","8":"pa_choose-gold-18k-rose-gold","9":"pa_choose-gold-18k-white-gold","10":"pa_choose-gold-18k-yellow-gold","12":"first","13":"instock","14":"taxable","15":"shipping-taxable","16":"purchasable","17":"product-type-variable"},"acf":[],"_links":{"self":[{"href":"https:\/\/belgiumdiamonds.be\/pl\/wp-json\/wp\/v2\/product\/8590","targetHints":{"allow":["GET"]}}],"collection":[{"href":"https:\/\/belgiumdiamonds.be\/pl\/wp-json\/wp\/v2\/product"}],"about":[{"href":"https:\/\/belgiumdiamonds.be\/pl\/wp-json\/wp\/v2\/types\/product"}],"replies":[{"embeddable":true,"href":"https:\/\/belgiumdiamonds.be\/pl\/wp-json\/wp\/v2\/comments?post=8590"}],"version-history":[{"count":4,"href":"https:\/\/belgiumdiamonds.be\/pl\/wp-json\/wp\/v2\/product\/8590\/revisions"}],"predecessor-version":[{"id":33075,"href":"https:\/\/belgiumdiamonds.be\/pl\/wp-json\/wp\/v2\/product\/8590\/revisions\/33075"}],"wp:featuredmedia":[{"embeddable":true,"href":"https:\/\/belgiumdiamonds.be\/pl\/wp-json\/wp\/v2\/media\/34287"}],"wp:attachment":[{"href":"https:\/\/belgiumdiamonds.be\/pl\/wp-json\/wp\/v2\/media?parent=8590"}],"wp:term":[{"taxonomy":"product_brand","embeddable":true,"href":"https:\/\/belgiumdiamonds.be\/pl\/wp-json\/wp\/v2\/product_brand?post=8590"},{"taxonomy":"product_cat","embeddable":true,"href":"https:\/\/belgiumdiamonds.be\/pl\/wp-json\/wp\/v2\/product_cat?post=8590"},{"taxonomy":"product_tag","embeddable":true,"href":"https:\/\/belgiumdiamonds.be\/pl\/wp-json\/wp\/v2\/product_tag?post=8590"}],"curies":[{"name":"wp","href":"https:\/\/api.w.org\/{rel}","templated":true}]}}