{"id":8852,"date":"2024-01-26T12:28:31","date_gmt":"2024-01-26T12:28:31","guid":{"rendered":"https:\/\/belgiumdiamond.petpetshopi.shop\/?post_type=product&#038;p=8852"},"modified":"2026-04-23T11:16:58","modified_gmt":"2026-04-23T09:16:58","slug":"round-halo-side-stone-ring","status":"publish","type":"product","link":"https:\/\/belgiumdiamonds.be\/pl\/product\/round-halo-side-stone-ring\/","title":{"rendered":"Split Shank Round Halo Side Stone Ring"},"content":{"rendered":"<p>Belgium Diamonds Split Shank Round Halo Side Stone Ring is an elegant ring designed for maximum brilliance and sparkle. This exquisite diamond ring can serve as your engagement ring or as a beautiful anniversary ring.<\/p>\n<p><strong>Informacje o Halo Diamond:<\/strong><br \/>\nCiasno rozmieszczone naturalne diamenty o szlifie brylantowym maj\u0105 na celu podkre\u015blenie kamienia centralnego.<br \/>\nMinimalna liczba diament\u00f3w: 60-70 szt.<br \/>\nMinimalna masa ca\u0142kowita karata: 0,20-0,30 ct.<br \/>\n\u015aredni kolor: F<br \/>\n\u015arednia przejrzysto\u015b\u0107: VVS<br \/>\nMo\u017ce by\u0107 wysadzany diamentami o masie od 0,50 do 5 ct.<\/p>\n<p>Podatek VAT zostanie dodany do ceny w koszyku, gdy wysy\u0142ka zostanie ustawiona na adres UE.<br \/>\nCena obejmuje wysy\u0142k\u0119 na terenie UE.<br \/>\nCena obejmuje diamenty w oprawie, z wy\u0142\u0105czeniem kamienia centralnego.<br \/>\nStan: Nowy.<br \/>\nWykonane w Antwerpii, w Belgii.<\/p>\n<p><strong>* Ca\u0142kowita masa karatowa mo\u017ce nieznacznie odbiega\u0107 od podanej masy karatowej w zale\u017cno\u015bci od rozmiaru centralnego diamentu i rozmiaru pier\u015bcionka.<\/strong><\/p>","protected":false},"excerpt":{"rendered":"<p>Sparkle with elegance &#8211; Belgium Diamonds Split Shank Round Halo Side Stone Ring . Perfect for engagement or anniversary. Crafted in Antwerp, Belgium.<\/p>","protected":false},"featured_media":33761,"comment_status":"open","ping_status":"closed","template":"","meta":{"_acf_changed":false},"product_brand":[],"product_cat":[120,123],"product_tag":[],"class_list":{"0":"post-8852","1":"product","2":"type-product","3":"status-publish","4":"has-post-thumbnail","6":"product_cat-halo-side-stone-rings","7":"product_cat-solitaire-rings","8":"pa_choose-gold-18k-rose-gold","9":"pa_choose-gold-18k-white-gold","10":"pa_choose-gold-18k-yellow-gold","11":"pa_choose-gold-platinum","12":"pa_size-405","13":"pa_size-404","14":"pa_size-403","15":"pa_size-402","16":"pa_size-401","17":"pa_size-400","18":"pa_size-399","19":"pa_size-398","20":"pa_size-397","21":"pa_size-396","22":"pa_size-395","23":"pa_size-394","24":"pa_size-393","25":"pa_size-392","26":"pa_size-391","27":"pa_size-390","28":"pa_size-389","30":"first","31":"instock","32":"taxable","33":"shipping-taxable","34":"purchasable","35":"product-type-variable"},"acf":[],"_links":{"self":[{"href":"https:\/\/belgiumdiamonds.be\/pl\/wp-json\/wp\/v2\/product\/8852","targetHints":{"allow":["GET"]}}],"collection":[{"href":"https:\/\/belgiumdiamonds.be\/pl\/wp-json\/wp\/v2\/product"}],"about":[{"href":"https:\/\/belgiumdiamonds.be\/pl\/wp-json\/wp\/v2\/types\/product"}],"replies":[{"embeddable":true,"href":"https:\/\/belgiumdiamonds.be\/pl\/wp-json\/wp\/v2\/comments?post=8852"}],"version-history":[{"count":3,"href":"https:\/\/belgiumdiamonds.be\/pl\/wp-json\/wp\/v2\/product\/8852\/revisions"}],"predecessor-version":[{"id":42754,"href":"https:\/\/belgiumdiamonds.be\/pl\/wp-json\/wp\/v2\/product\/8852\/revisions\/42754"}],"wp:featuredmedia":[{"embeddable":true,"href":"https:\/\/belgiumdiamonds.be\/pl\/wp-json\/wp\/v2\/media\/33761"}],"wp:attachment":[{"href":"https:\/\/belgiumdiamonds.be\/pl\/wp-json\/wp\/v2\/media?parent=8852"}],"wp:term":[{"taxonomy":"product_brand","embeddable":true,"href":"https:\/\/belgiumdiamonds.be\/pl\/wp-json\/wp\/v2\/product_brand?post=8852"},{"taxonomy":"product_cat","embeddable":true,"href":"https:\/\/belgiumdiamonds.be\/pl\/wp-json\/wp\/v2\/product_cat?post=8852"},{"taxonomy":"product_tag","embeddable":true,"href":"https:\/\/belgiumdiamonds.be\/pl\/wp-json\/wp\/v2\/product_tag?post=8852"}],"curies":[{"name":"wp","href":"https:\/\/api.w.org\/{rel}","templated":true}]}}