{"id":9658,"date":"2024-01-27T22:29:26","date_gmt":"2024-01-27T22:29:26","guid":{"rendered":"https:\/\/belgiumdiamond.petpetshopi.shop\/?post_type=product&#038;p=9658"},"modified":"2026-04-04T14:25:45","modified_gmt":"2026-04-04T12:25:45","slug":"twist-brilliant-cut-solitaire-ring","status":"publish","type":"product","link":"https:\/\/belgiumdiamonds.be\/pl\/product\/twist-brilliant-cut-solitaire-ring\/","title":{"rendered":"Twist Brilliant Cut Solitaire Ring"},"content":{"rendered":"<p>Belgium Diamonds Twist Diamond Solitaire Ring with a 4-prong twist setting making your center diamond pop!\u00a0 Crafted from 18k gold it&#8217;s one of our bestsellers.<\/p>\n<p><strong>Informacje o pier\u015bcionku Twist Diamond Ring:<\/strong><br \/>\n\u015aredni kolor: do wyboru<br \/>\n\u015arednia klarowno\u015b\u0107: do wyboru<br \/>\nMo\u017ce by\u0107 wyposa\u017cony w: 0,50 - 10 ct centralny diament.<\/p>\n<p>Podatek VAT zostanie dodany do ceny w koszyku, gdy wysy\u0142ka zostanie ustawiona na adres UE.<br \/>\nCena obejmuje wysy\u0142k\u0119 na terenie UE.<br \/>\nStan: Nowy.<br \/>\nWykonane w Antwerpii, w Belgii.<\/p>\n<p><strong>* Ca\u0142kowita masa karatowa mo\u017ce nieznacznie odbiega\u0107 od podanej masy karatowej w zale\u017cno\u015bci od rozmiaru centralnego diamentu i rozmiaru pier\u015bcionka.<\/strong><\/p>\n<p><strong>\u00a0THE PRICE DOES NOT INCLUDE THE CENTER STONE.<\/strong><\/p>","protected":false},"excerpt":{"rendered":"<p class=\"ai-optimize-introduction ai-optimize-22\">Diamentowy pier\u015bcionek Belgium Diamonds Twist to 18-karatowe z\u0142oto z 4 z\u0119bami i stylowym, skr\u0119conym paskiem. Wykonany z 18-karatowego z\u0142ota.<\/p>","protected":false},"featured_media":33578,"comment_status":"open","ping_status":"closed","template":"","meta":{"_acf_changed":false},"product_brand":[192],"product_cat":[418,123],"product_tag":[],"class_list":{"0":"post-9658","1":"product","2":"type-product","3":"status-publish","4":"has-post-thumbnail","6":"product_brand-bd","7":"product_cat-solitaire-ring","8":"product_cat-solitaire-rings","9":"pa_choose-gold-18k-rose-gold","10":"pa_choose-gold-18k-white-gold","11":"pa_choose-gold-18k-yellow-gold","12":"pa_choose-gold-platinum","13":"pa_size-405","14":"pa_size-404","15":"pa_size-403","16":"pa_size-402","17":"pa_size-401","18":"pa_size-400","19":"pa_size-399","20":"pa_size-398","21":"pa_size-397","22":"pa_size-396","23":"pa_size-395","24":"pa_size-394","25":"pa_size-393","26":"pa_size-392","27":"pa_size-391","28":"pa_size-390","29":"pa_size-389","31":"first","32":"instock","33":"taxable","34":"shipping-taxable","35":"purchasable","36":"product-type-variable"},"acf":[],"_links":{"self":[{"href":"https:\/\/belgiumdiamonds.be\/pl\/wp-json\/wp\/v2\/product\/9658","targetHints":{"allow":["GET"]}}],"collection":[{"href":"https:\/\/belgiumdiamonds.be\/pl\/wp-json\/wp\/v2\/product"}],"about":[{"href":"https:\/\/belgiumdiamonds.be\/pl\/wp-json\/wp\/v2\/types\/product"}],"replies":[{"embeddable":true,"href":"https:\/\/belgiumdiamonds.be\/pl\/wp-json\/wp\/v2\/comments?post=9658"}],"version-history":[{"count":4,"href":"https:\/\/belgiumdiamonds.be\/pl\/wp-json\/wp\/v2\/product\/9658\/revisions"}],"predecessor-version":[{"id":33060,"href":"https:\/\/belgiumdiamonds.be\/pl\/wp-json\/wp\/v2\/product\/9658\/revisions\/33060"}],"wp:featuredmedia":[{"embeddable":true,"href":"https:\/\/belgiumdiamonds.be\/pl\/wp-json\/wp\/v2\/media\/33578"}],"wp:attachment":[{"href":"https:\/\/belgiumdiamonds.be\/pl\/wp-json\/wp\/v2\/media?parent=9658"}],"wp:term":[{"taxonomy":"product_brand","embeddable":true,"href":"https:\/\/belgiumdiamonds.be\/pl\/wp-json\/wp\/v2\/product_brand?post=9658"},{"taxonomy":"product_cat","embeddable":true,"href":"https:\/\/belgiumdiamonds.be\/pl\/wp-json\/wp\/v2\/product_cat?post=9658"},{"taxonomy":"product_tag","embeddable":true,"href":"https:\/\/belgiumdiamonds.be\/pl\/wp-json\/wp\/v2\/product_tag?post=9658"}],"curies":[{"name":"wp","href":"https:\/\/api.w.org\/{rel}","templated":true}]}}