{"id":10072,"date":"2024-02-02T11:39:25","date_gmt":"2024-02-02T11:39:25","guid":{"rendered":"https:\/\/belgiumdiamond.petpetshopi.shop\/?page_id=10072"},"modified":"2026-01-18T09:26:05","modified_gmt":"2026-01-18T08:26:05","slug":"intrebari-frecvente","status":"publish","type":"page","link":"https:\/\/belgiumdiamonds.be\/ro\/faqs\/","title":{"rendered":"\u00centreb\u0103ri frecvente"},"content":{"rendered":"<div data-elementor-type=\"wp-page\" data-elementor-id=\"10072\" class=\"elementor elementor-10072\">\n\t\t\t\t<div class=\"wd-negative-gap elementor-element elementor-element-855e7b8 e-flex e-con-boxed e-con e-parent\" data-id=\"855e7b8\" data-element_type=\"container\" data-e-type=\"container\">\n\t\t\t\t\t<div class=\"e-con-inner\">\n\t\t\t\t<div class=\"elementor-element elementor-element-e046c02 elementor-widget elementor-widget-wd_text_block\" data-id=\"e046c02\" data-element_type=\"widget\" data-e-type=\"widget\" data-widget_type=\"wd_text_block.default\">\n\t\t\t\t<div class=\"elementor-widget-container\">\n\t\t\t\t\t\t\t<div class=\"wd-text-block reset-last-child text-left\">\n\t\t\t\n\t\t\t<p>Ave\u021bi \u00eentreb\u0103ri? Pagina noastr\u0103 cuprinz\u0103toare de \u00eentreb\u0103ri frecvente este conceput\u0103 pentru a v\u0103 oferi r\u0103spunsuri rapide la \u00eentreb\u0103ri frecvente. Dac\u0103 nu g\u0103si\u021bi ceea ce c\u0103uta\u021bi sau ave\u021bi \u00eentreb\u0103ri suplimentare, v\u0103 rug\u0103m s\u0103 nu ezita\u021bi s\u0103\u00a0<a href=\"https:\/\/belgiumdiamonds.be\/ro\/contactati-ne\/\" data-type=\"page\" data-id=\"9628\">contacta\u021bi-ne<\/a>. Suntem aici pentru a v\u0103 ajuta \u0219i pentru a ne asigura c\u0103 experien\u021ba dumneavoastr\u0103 cu noi este f\u0103r\u0103 cusur \u0219i satisf\u0103c\u0103toare.<\/p>\n\t\t\t\t\t<\/div>\n\t\t\t\t\t\t<\/div>\n\t\t\t\t<\/div>\n\t\t\t\t\t<\/div>\n\t\t\t\t<\/div>\n\t\t<div class=\"wd-negative-gap elementor-element elementor-element-b7e2339 e-flex e-con-boxed e-con e-parent\" data-id=\"b7e2339\" data-element_type=\"container\" data-e-type=\"container\">\n\t\t\t\t\t<div class=\"e-con-inner\">\n\t\t<div class=\"elementor-element elementor-element-d031053 e-con-full e-flex e-con e-child\" data-id=\"d031053\" data-element_type=\"container\" data-e-type=\"container\">\n\t\t\t\t<div class=\"elementor-element elementor-element-256d3c4 elementor-widget elementor-widget-wd_accordion\" data-id=\"256d3c4\" data-element_type=\"widget\" data-e-type=\"widget\" data-widget_type=\"wd_accordion.default\">\n\t\t\t\t<div class=\"elementor-widget-container\">\n\t\t\t\t\t\n\t\t<div class=\"wd-accordion wd-style-shadow wd-titles-left wd-opener-pos-left wd-opener-style-arrow\" data-state=\"first\">\n\t\t\t\t\t\t\t\n\t\t\t\t<div class=\"wd-accordion-item\">\n\t\t\t\t\t<div class=\"wd-accordion-title wd-role-btn wd-active\" data-accordion-index=\"0\" tabindex=\"0\">\n\t\t\t\t\t\t<div class=\"wd-accordion-title-text\">\n\t\t\t\t\t\t\t\t\t\t\t\t\t\t<span>\n\t\t\t\t\t\t\t\tCare sunt Termenii \u0219i condi\u021biile de utilizare a site-ului BelgiumDiamonds.be?\t\t\t\t\t\t\t<\/span>\n\t\t\t\t\t\t<\/div>\n\t\t\t\t\t\t<span class=\"wd-accordion-opener\"><\/span>\n\t\t\t\t\t<\/div>\n\n\t\t\t\t\t<div class=\"wd-accordion-content wd-entry-content wd-active\" data-accordion-index=\"0\">\n\t\t\t\t\t\t\t\t\t\t\t\t\t\n\t\t\t\t\t\t\t<p>The\u00a0<a href=\"https:\/\/belgiumdiamonds.be\/ro\/termeni-si-conditii\/\" data-type=\"page\" data-id=\"9617\">Termeni \u0219i condi\u021bii<\/a>\u00a0pot fi g\u0103site pe site, iar prin utilizarea acestuia, sunte\u021bi de acord s\u0103 le respecta\u021bi.<\/p>\n\t\t\t\t\t\t\t\t\t\t\t\t\t\t\t\t\t\t<\/div>\n\t\t\t\t<\/div>\n\t\t\t\t\t\t\t\n\t\t\t\t<div class=\"wd-accordion-item\">\n\t\t\t\t\t<div class=\"wd-accordion-title wd-role-btn\" data-accordion-index=\"1\" tabindex=\"0\">\n\t\t\t\t\t\t<div class=\"wd-accordion-title-text\">\n\t\t\t\t\t\t\t\t\t\t\t\t\t\t<span>\n\t\t\t\t\t\t\t\tPot returna sau anula achizi\u021bia de bijuterii?\t\t\t\t\t\t\t<\/span>\n\t\t\t\t\t\t<\/div>\n\t\t\t\t\t\t<span class=\"wd-accordion-opener\"><\/span>\n\t\t\t\t\t<\/div>\n\n\t\t\t\t\t<div class=\"wd-accordion-content wd-entry-content\" data-accordion-index=\"1\">\n\t\t\t\t\t\t\t\t\t\t\t\t\t\n\t\t\t\t\t\t\t<p>Da, pute\u021bi. Exist\u0103 o politic\u0103 de anulare \u0219i returnare de 14 zile pentru articolele de bijuterii, dar se pot aplica anumite taxe.<\/p>\n\t\t\t\t\t\t\t\t\t\t\t\t\t\t\t\t\t\t<\/div>\n\t\t\t\t<\/div>\n\t\t\t\t\t\t\t\n\t\t\t\t<div class=\"wd-accordion-item\">\n\t\t\t\t\t<div class=\"wd-accordion-title wd-role-btn\" data-accordion-index=\"2\" tabindex=\"0\">\n\t\t\t\t\t\t<div class=\"wd-accordion-title-text\">\n\t\t\t\t\t\t\t\t\t\t\t\t\t\t<span>\n\t\t\t\t\t\t\t\tCe se \u00eent\u00e2mpl\u0103 dac\u0103 un articol pe care l-am comandat nu este disponibil?\t\t\t\t\t\t\t<\/span>\n\t\t\t\t\t\t<\/div>\n\t\t\t\t\t\t<span class=\"wd-accordion-opener\"><\/span>\n\t\t\t\t\t<\/div>\n\n\t\t\t\t\t<div class=\"wd-accordion-content wd-entry-content\" data-accordion-index=\"2\">\n\t\t\t\t\t\t\t\t\t\t\t\t\t\n\t\t\t\t\t\t\t<p>Este posibil s\u0103 vi se ofere un articol de \u00eenlocuire, iar dac\u0103 nu \u00eel accepta\u021bi, ve\u021bi primi o rambursare complet\u0103 a pl\u0103\u021bii.<\/p>\n\t\t\t\t\t\t\t\t\t\t\t\t\t\t\t\t\t\t<\/div>\n\t\t\t\t<\/div>\n\t\t\t\t\t<\/div>\n\t\t\t\t\t\t<\/div>\n\t\t\t\t<\/div>\n\t\t\t\t<\/div>\n\t\t<div class=\"elementor-element elementor-element-c84c955 e-con-full e-flex e-con e-child\" data-id=\"c84c955\" data-element_type=\"container\" data-e-type=\"container\">\n\t\t\t\t<div class=\"elementor-element elementor-element-0187b26 elementor-widget elementor-widget-wd_accordion\" data-id=\"0187b26\" data-element_type=\"widget\" data-e-type=\"widget\" data-widget_type=\"wd_accordion.default\">\n\t\t\t\t<div class=\"elementor-widget-container\">\n\t\t\t\t\t\n\t\t<div class=\"wd-accordion wd-style-shadow wd-titles-left wd-opener-pos-left wd-opener-style-arrow\" data-state=\"first\">\n\t\t\t\t\t\t\t\n\t\t\t\t<div class=\"wd-accordion-item\">\n\t\t\t\t\t<div class=\"wd-accordion-title wd-role-btn wd-active\" data-accordion-index=\"0\" tabindex=\"0\">\n\t\t\t\t\t\t<div class=\"wd-accordion-title-text\">\n\t\t\t\t\t\t\t\t\t\t\t\t\t\t<span>\n\t\t\t\t\t\t\t\tExist\u0103 o politic\u0103 de returnare pentru diamantele \u00een vrac?\t\t\t\t\t\t\t<\/span>\n\t\t\t\t\t\t<\/div>\n\t\t\t\t\t\t<span class=\"wd-accordion-opener\"><\/span>\n\t\t\t\t\t<\/div>\n\n\t\t\t\t\t<div class=\"wd-accordion-content wd-entry-content wd-active\" data-accordion-index=\"0\">\n\t\t\t\t\t\t\t\t\t\t\t\t\t\n\t\t\t\t\t\t\t<p>Da, exist\u0103 o politic\u0103 de anulare \u0219i returnare de 14 zile pentru diamantele \u00een vrac, cu taxe specifice men\u021bionate.<\/p>\n\t\t\t\t\t\t\t\t\t\t\t\t\t\t\t\t\t\t<\/div>\n\t\t\t\t<\/div>\n\t\t\t\t\t\t\t\n\t\t\t\t<div class=\"wd-accordion-item\">\n\t\t\t\t\t<div class=\"wd-accordion-title wd-role-btn\" data-accordion-index=\"1\" tabindex=\"0\">\n\t\t\t\t\t\t<div class=\"wd-accordion-title-text\">\n\t\t\t\t\t\t\t\t\t\t\t\t\t\t<span>\n\t\t\t\t\t\t\t\tPot s\u0103-mi creez propriile bijuterii la comand\u0103?\t\t\t\t\t\t\t<\/span>\n\t\t\t\t\t\t<\/div>\n\t\t\t\t\t\t<span class=\"wd-accordion-opener\"><\/span>\n\t\t\t\t\t<\/div>\n\n\t\t\t\t\t<div class=\"wd-accordion-content wd-entry-content\" data-accordion-index=\"1\">\n\t\t\t\t\t\t\t\t\t\t\t\t\t\n\t\t\t\t\t\t\t<p>Da, este posibil, un depozit 35% este perceput pentru comenzi speciale sau produse personalizate, care nu este rambursabil \u00een cazul \u00een care comanda este anulat\u0103.<\/p>\n\t\t\t\t\t\t\t\t\t\t\t\t\t\t\t\t\t\t<\/div>\n\t\t\t\t<\/div>\n\t\t\t\t\t\t\t\n\t\t\t\t<div class=\"wd-accordion-item\">\n\t\t\t\t\t<div class=\"wd-accordion-title wd-role-btn\" data-accordion-index=\"2\" tabindex=\"0\">\n\t\t\t\t\t\t<div class=\"wd-accordion-title-text\">\n\t\t\t\t\t\t\t\t\t\t\t\t\t\t<span>\n\t\t\t\t\t\t\t\tCare este politica de garan\u021bie postlivrare?\t\t\t\t\t\t\t<\/span>\n\t\t\t\t\t\t<\/div>\n\t\t\t\t\t\t<span class=\"wd-accordion-opener\"><\/span>\n\t\t\t\t\t<\/div>\n\n\t\t\t\t\t<div class=\"wd-accordion-content wd-entry-content\" data-accordion-index=\"2\">\n\t\t\t\t\t\t\t\t\t\t\t\t\t\n\t\t\t\t\t\t\t<p>Exist\u0103 o garan\u021bie postlivrare \u00een caz de defecte de fabrica\u021bie, cu o perioad\u0103 de inspec\u021bie de 14 zile. \u00cen plus, este oferit un serviciu unic de redimensionare \u0219i cur\u0103\u021bare. Cu toate acestea, compania nu \u00ee\u0219i asum\u0103 responsabilitatea pentru pietrele pre\u021bioase pierdute \u0219i v\u0103 recomand\u0103 s\u0103 v\u0103 asigura\u021bi bijuteria.<\/p>\n\t\t\t\t\t\t\t\t\t\t\t\t\t\t\t\t\t\t<\/div>\n\t\t\t\t<\/div>\n\t\t\t\t\t<\/div>\n\t\t\t\t\t\t<\/div>\n\t\t\t\t<\/div>\n\t\t\t\t<\/div>\n\t\t\t\t\t<\/div>\n\t\t\t\t<\/div>\n\t\t\t\t<\/div>","protected":false},"excerpt":{"rendered":"<p>Have questions? Our comprehensive FAQ page is designed to provide you with quick answers to common inquiries. If you don\u2019t<\/p>","protected":false},"author":244474332,"featured_media":0,"parent":0,"menu_order":0,"comment_status":"closed","ping_status":"closed","template":"","meta":{"_acf_changed":false,"footnotes":""},"class_list":["post-10072","page","type-page","status-publish","hentry"],"acf":[],"_links":{"self":[{"href":"https:\/\/belgiumdiamonds.be\/ro\/wp-json\/wp\/v2\/pages\/10072","targetHints":{"allow":["GET"]}}],"collection":[{"href":"https:\/\/belgiumdiamonds.be\/ro\/wp-json\/wp\/v2\/pages"}],"about":[{"href":"https:\/\/belgiumdiamonds.be\/ro\/wp-json\/wp\/v2\/types\/page"}],"author":[{"embeddable":true,"href":"https:\/\/belgiumdiamonds.be\/ro\/wp-json\/wp\/v2\/users\/244474332"}],"replies":[{"embeddable":true,"href":"https:\/\/belgiumdiamonds.be\/ro\/wp-json\/wp\/v2\/comments?post=10072"}],"version-history":[{"count":1,"href":"https:\/\/belgiumdiamonds.be\/ro\/wp-json\/wp\/v2\/pages\/10072\/revisions"}],"predecessor-version":[{"id":32660,"href":"https:\/\/belgiumdiamonds.be\/ro\/wp-json\/wp\/v2\/pages\/10072\/revisions\/32660"}],"wp:attachment":[{"href":"https:\/\/belgiumdiamonds.be\/ro\/wp-json\/wp\/v2\/media?parent=10072"}],"curies":[{"name":"wp","href":"https:\/\/api.w.org\/{rel}","templated":true}]}}