{"id":8101,"date":"2024-01-23T07:55:26","date_gmt":"2024-01-23T07:55:26","guid":{"rendered":"https:\/\/belgiumdiamond.petpetshopi.shop\/?page_id=8101"},"modified":"2026-01-18T09:37:43","modified_gmt":"2026-01-18T08:37:43","slug":"intelegerea-certificatelor","status":"publish","type":"page","link":"https:\/\/belgiumdiamonds.be\/ro\/understanding-certificates\/","title":{"rendered":"\u00cen\u021belegerea certificatelor"},"content":{"rendered":"<div data-elementor-type=\"wp-page\" data-elementor-id=\"8101\" class=\"elementor elementor-8101\">\n\t\t\t\t<div class=\"wd-negative-gap elementor-element elementor-element-d3f1031 e-flex e-con-boxed e-con e-parent\" data-id=\"d3f1031\" data-element_type=\"container\" data-e-type=\"container\">\n\t\t\t\t\t<div class=\"e-con-inner\">\n\t\t\t\t<div class=\"elementor-element elementor-element-2710aa6 elementor-widget elementor-widget-wd_image_or_svg\" data-id=\"2710aa6\" data-element_type=\"widget\" data-e-type=\"widget\" data-widget_type=\"wd_image_or_svg.default\">\n\t\t\t\t<div class=\"elementor-widget-container\">\n\t\t\t\t\t\n\t\t<div class=\"wd-image text-left\">\n\t\t\t\t\t\t\t\t<img loading=\"lazy\" decoding=\"async\" width=\"1024\" height=\"359\" src=\"https:\/\/belgiumdiamonds.be\/wp-content\/uploads\/2025\/09\/DIAMOND-CERTIFICATES.webp\" class=\"attachment-full size-full\" alt=\"Belgia Diamante\" srcset=\"https:\/\/belgiumdiamonds.be\/wp-content\/uploads\/2025\/09\/DIAMOND-CERTIFICATES.webp 1024w, https:\/\/belgiumdiamonds.be\/wp-content\/uploads\/2025\/09\/DIAMOND-CERTIFICATES-430x151.webp 430w, https:\/\/belgiumdiamonds.be\/wp-content\/uploads\/2025\/09\/DIAMOND-CERTIFICATES-150x53.webp 150w, https:\/\/belgiumdiamonds.be\/wp-content\/uploads\/2025\/09\/DIAMOND-CERTIFICATES-700x245.webp 700w, https:\/\/belgiumdiamonds.be\/wp-content\/uploads\/2025\/09\/DIAMOND-CERTIFICATES-400x140.webp 400w, https:\/\/belgiumdiamonds.be\/wp-content\/uploads\/2025\/09\/DIAMOND-CERTIFICATES-768x269.webp 768w\" sizes=\"auto, (max-width: 1024px) 100vw, 1024px\" \/>\t\t\t\t\t<\/div>\n\n\t\t\t\t\t\t<\/div>\n\t\t\t\t<\/div>\n\t\t\t\t<div class=\"elementor-element elementor-element-020bcdd wd-width-100 elementor-widget elementor-widget-wd_title\" data-id=\"020bcdd\" data-element_type=\"widget\" data-e-type=\"widget\" data-widget_type=\"wd_title.default\">\n\t\t\t\t<div class=\"elementor-widget-container\">\n\t\t\t\t\t\t\t<div class=\"title-wrapper wd-set-mb reset-last-child wd-title-color-default wd-title-style-default wd-title-size-extra-large text-left\">\n\n\t\t\t\n\t\t\t<div class=\"liner-continer\">\n\t\t\t\t<h4 class=\"woodmart-title-container title wd-fontsize-xxxl\">Cump\u0103rarea unui diamant natural<\/h4> \n\t\t\t\t\t\t\t<\/div>\n\n\t\t\t\t\t\t\t<div class=\"title-after_title reset-last-child wd-fontsize-s\">\n\t\t\t\t\t<p>Cump\u0103rarea unui diamant natural poate p\u0103rea o provocare. Cea mai mare dificultate este <strong>\u00eencredere<\/strong> - \u00eencredere \u00een expertul dvs. \u00een diamante, cu alte cuvinte, \u00een compania noastr\u0103.<br \/>Cel mai bun mod de a construi aceast\u0103 \u00eencredere este printr-o conversa\u021bie deschis\u0103 prin <strong>telefon, e-mail sau social media<\/strong>.<\/p><br \/>\n<p>Pentru a sprijini aceast\u0103 \u00eencredere, exist\u0103 un instrument esen\u021bial la dispozi\u021bia fiec\u0103rui cump\u0103r\u0103tor: <strong>Certificat independent de diamant<\/strong>.<\/p>\t\t\t\t<\/div>\n\t\t\t\t\t<\/div>\n\t\t\t\t\t\t<\/div>\n\t\t\t\t<\/div>\n\t\t\t\t<div class=\"elementor-element elementor-element-3bc3cc2 elementor-widget elementor-widget-wd_accordion\" data-id=\"3bc3cc2\" data-element_type=\"widget\" data-e-type=\"widget\" data-widget_type=\"wd_accordion.default\">\n\t\t\t\t<div class=\"elementor-widget-container\">\n\t\t\t\t\t\n\t\t<div class=\"wd-accordion wd-style-shadow wd-titles-left wd-opener-pos-left wd-opener-style-arrow\" data-state=\"first\">\n\t\t\t\t\t\t\t\n\t\t\t\t<div class=\"wd-accordion-item\">\n\t\t\t\t\t<div class=\"wd-accordion-title wd-role-btn wd-active\" data-accordion-index=\"0\" tabindex=\"0\">\n\t\t\t\t\t\t<div class=\"wd-accordion-title-text\">\n\t\t\t\t\t\t\t\t\t\t\t\t\t\t<span>\n\t\t\t\t\t\t\t\tCe este un certificat de diamant?\t\t\t\t\t\t\t<\/span>\n\t\t\t\t\t\t<\/div>\n\t\t\t\t\t\t<span class=\"wd-accordion-opener\"><\/span>\n\t\t\t\t\t<\/div>\n\n\t\t\t\t\t<div class=\"wd-accordion-content wd-entry-content wd-active\" data-accordion-index=\"0\">\n\t\t\t\t\t\t\t\t\t\t\t\t\t\n\t\t\t\t\t\t\t<p data-start=\"679\" data-end=\"790\">Un certificat de diamant este \u00een esen\u021b\u0103 <strong data-start=\"720\" data-end=\"747\">\"pa\u0219aportul\" unui diamant<\/strong>.<br data-start=\"748\" data-end=\"751\" \/>Acesta ofer\u0103 detalii verificate, cum ar fi:<\/p><ul data-start=\"791\" data-end=\"861\"><li data-start=\"791\" data-end=\"813\"><p data-start=\"793\" data-end=\"813\">M\u0103sur\u0103tori exacte<\/p><\/li><li data-start=\"814\" data-end=\"830\"><p data-start=\"816\" data-end=\"830\">Greutatea caratelor<\/p><\/li><li data-start=\"831\" data-end=\"844\"><p data-start=\"833\" data-end=\"844\">Grad de t\u0103iere<\/p><\/li><li data-start=\"845\" data-end=\"861\"><p data-start=\"847\" data-end=\"861\">Grad de puritate<\/p><\/li><\/ul><p data-start=\"863\" data-end=\"1074\">Toate acestea sunt emise de un <strong data-start=\"891\" data-end=\"917\">laborator independent<\/strong>, neutru fa\u021b\u0103 de v\u00e2nzare.<br data-start=\"939\" data-end=\"942\" \/>Acest lucru v\u0103 asigur\u0103 c\u0103 nu trebuie s\u0103 v\u0103 baza\u021bi doar pe cuv\u00e2ntul v\u00e2nz\u0103torului - calitatea diamantului este confirmat\u0103 de un <strong data-start=\"1048\" data-end=\"1071\">autoritate de renume<\/strong>.<\/p>\n\t\t\t\t\t\t\t\t\t\t\t\t\t\t\t\t\t\t<\/div>\n\t\t\t\t<\/div>\n\t\t\t\t\t\t\t\n\t\t\t\t<div class=\"wd-accordion-item\">\n\t\t\t\t\t<div class=\"wd-accordion-title wd-role-btn\" data-accordion-index=\"1\" tabindex=\"0\">\n\t\t\t\t\t\t<div class=\"wd-accordion-title-text\">\n\t\t\t\t\t\t\t\t\t\t\t\t\t\t<span>\n\t\t\t\t\t\t\t\tGIA - Institutul de Gemologie din America\t\t\t\t\t\t\t<\/span>\n\t\t\t\t\t\t<\/div>\n\t\t\t\t\t\t<span class=\"wd-accordion-opener\"><\/span>\n\t\t\t\t\t<\/div>\n\n\t\t\t\t\t<div class=\"wd-accordion-content wd-entry-content\" data-accordion-index=\"1\">\n\t\t\t\t\t\t\t\t\t\t\t\t\t\n\t\t\t\t\t\t\t<p>\u00cenfiin\u021bat\u0103 \u00een 1931, GIA este o organiza\u021bie nonprofit \u0219i este considerat\u0103 pe scar\u0103 larg\u0103 drept <strong data-start=\"1332\" data-end=\"1374\">cea mai important\u0103 autoritate mondial\u0103 \u00een domeniul gemologiei<\/strong>.<br data-start=\"1375\" data-end=\"1378\" \/>Ei au fost primii care au clasificat diamantele \u00een func\u021bie de <strong data-start=\"1424\" data-end=\"1445\">culoare \u0219i claritate<\/strong>, iar misiunea lor este de a sus\u021bine integritatea, \u0219tiin\u021ba \u0219i educa\u021bia \u00een comer\u021bul cu bijuterii.<\/p>\n\t\t\t\t\t\t\t\t\t\t\t\t\t\t\t\t\t\t<\/div>\n\t\t\t\t<\/div>\n\t\t\t\t\t\t\t\n\t\t\t\t<div class=\"wd-accordion-item\">\n\t\t\t\t\t<div class=\"wd-accordion-title wd-role-btn\" data-accordion-index=\"2\" tabindex=\"0\">\n\t\t\t\t\t\t<div class=\"wd-accordion-title-text\">\n\t\t\t\t\t\t\t\t\t\t\t\t\t\t<span>\n\t\t\t\t\t\t\t\tHRD - Hoge Raad voor Diamant (Belgia)\t\t\t\t\t\t\t<\/span>\n\t\t\t\t\t\t<\/div>\n\t\t\t\t\t\t<span class=\"wd-accordion-opener\"><\/span>\n\t\t\t\t\t<\/div>\n\n\t\t\t\t\t<div class=\"wd-accordion-content wd-entry-content\" data-accordion-index=\"2\">\n\t\t\t\t\t\t\t\t\t\t\t\t\t\n\t\t\t\t\t\t\t<p>HRD este <strong data-start=\"1597\" data-end=\"1656\">reprezentant oficial al industriei belgiene a diamantelor<\/strong>, cu sediul central \u00een Antwerp World Diamond Center (AWDC).<br data-start=\"1715\" data-end=\"1718\" \/>Un certificat HRD garanteaz\u0103 autenticitatea unui diamant, excluz\u00e2nd orice posibilitate de imita\u021bie sau \u00eenlocuitori sintetici.<\/p>\n\t\t\t\t\t\t\t\t\t\t\t\t\t\t\t\t\t\t<\/div>\n\t\t\t\t<\/div>\n\t\t\t\t\t\t\t\n\t\t\t\t<div class=\"wd-accordion-item\">\n\t\t\t\t\t<div class=\"wd-accordion-title wd-role-btn\" data-accordion-index=\"3\" tabindex=\"0\">\n\t\t\t\t\t\t<div class=\"wd-accordion-title-text\">\n\t\t\t\t\t\t\t\t\t\t\t\t\t\t<span>\n\t\t\t\t\t\t\t\tIGI - Institutul Interna\u021bional de Gemologie\t\t\t\t\t\t\t<\/span>\n\t\t\t\t\t\t<\/div>\n\t\t\t\t\t\t<span class=\"wd-accordion-opener\"><\/span>\n\t\t\t\t\t<\/div>\n\n\t\t\t\t\t<div class=\"wd-accordion-content wd-entry-content\" data-accordion-index=\"3\">\n\t\t\t\t\t\t\t\t\t\t\t\t\t\n\t\t\t\t\t\t\t<p data-start=\"1900\" data-end=\"2149\">\u00cenfiin\u021bat\u0103 la Anvers \u00een 1975, IGI este <strong data-start=\"1939\" data-end=\"1971\">cel mai vechi institut de acest gen<\/strong> \u0219i acum opereaz\u0103 laboratoare \u00een <strong data-start=\"1997\" data-end=\"2037\">New York, Bangkok, Mumbai \u0219i Tokyo<\/strong>.<br data-start=\"2038\" data-end=\"2041\" \/>Un raport IGI confirm\u0103 <strong data-start=\"2068\" data-end=\"2090\">identitate \u0219i grad<\/strong> a unui diamant folosind un sistem recunoscut la nivel interna\u021bional.<\/p>\n\t\t\t\t\t\t\t\t\t\t\t\t\t\t\t\t\t\t<\/div>\n\t\t\t\t<\/div>\n\t\t\t\t\t\t\t\n\t\t\t\t<div class=\"wd-accordion-item\">\n\t\t\t\t\t<div class=\"wd-accordion-title wd-role-btn\" data-accordion-index=\"4\" tabindex=\"0\">\n\t\t\t\t\t\t<div class=\"wd-accordion-title-text\">\n\t\t\t\t\t\t\t\t\t\t\t\t\t\t<span>\n\t\t\t\t\t\t\t\tinscrip\u021bionare cu laser pentru securitate\t\t\t\t\t\t\t<\/span>\n\t\t\t\t\t\t<\/div>\n\t\t\t\t\t\t<span class=\"wd-accordion-opener\"><\/span>\n\t\t\t\t\t<\/div>\n\n\t\t\t\t\t<div class=\"wd-accordion-content wd-entry-content\" data-accordion-index=\"4\">\n\t\t\t\t\t\t\t\t\t\t\t\t\t\n\t\t\t\t\t\t\t<p data-start=\"2196\" data-end=\"2310\">Toate diamantele noastre naturale sunt <strong data-start=\"2228\" data-end=\"2247\">inscrip\u021bionate cu laser<\/strong> cu num\u0103rul lor de certificat pe br\u00e2u.<br data-start=\"2292\" data-end=\"2295\" \/>Acest lucru asigur\u0103:<\/p><ul data-start=\"2311\" data-end=\"2480\"><li data-start=\"2311\" data-end=\"2393\"><p data-start=\"2313\" data-end=\"2393\">Diamantul din bijuteria ta este <strong data-start=\"2346\" data-end=\"2364\">exact acela\u0219i<\/strong> men\u021bionate pe certificat.<\/p><\/li><li data-start=\"2394\" data-end=\"2480\"><p data-start=\"2396\" data-end=\"2480\">Pute\u021bi face o verificare \u00eencruci\u0219at\u0103 a certificatului prin intermediul <strong data-start=\"2450\" data-end=\"2469\">baz\u0103 de date online<\/strong> oric\u00e2nd.<\/p><\/li><\/ul><p data-start=\"2482\" data-end=\"2557\">Acest lucru v\u0103 ofer\u0103 <strong data-start=\"2497\" data-end=\"2523\">lini\u0219te sufleteasc\u0103 deplin\u0103<\/strong> atunci c\u00e2nd investe\u0219ti \u00een diamantul t\u0103u.<\/p>\n\t\t\t\t\t\t\t\t\t\t\t\t\t\t\t\t\t\t<\/div>\n\t\t\t\t<\/div>\n\t\t\t\t\t<\/div>\n\t\t\t\t\t\t<\/div>\n\t\t\t\t<\/div>\n\t\t\t\t\t<\/div>\n\t\t\t\t<\/div>\n\t\t\t\t<\/div>","protected":false},"excerpt":{"rendered":"<p>Buying a Natural Diamond Buying a natural diamond can feel like a challenge. The biggest difficulty is trust \u2014 trusting<\/p>","protected":false},"author":244474332,"featured_media":0,"parent":0,"menu_order":0,"comment_status":"closed","ping_status":"closed","template":"","meta":{"_acf_changed":false,"footnotes":""},"class_list":["post-8101","page","type-page","status-publish","hentry"],"acf":[],"_links":{"self":[{"href":"https:\/\/belgiumdiamonds.be\/ro\/wp-json\/wp\/v2\/pages\/8101","targetHints":{"allow":["GET"]}}],"collection":[{"href":"https:\/\/belgiumdiamonds.be\/ro\/wp-json\/wp\/v2\/pages"}],"about":[{"href":"https:\/\/belgiumdiamonds.be\/ro\/wp-json\/wp\/v2\/types\/page"}],"author":[{"embeddable":true,"href":"https:\/\/belgiumdiamonds.be\/ro\/wp-json\/wp\/v2\/users\/244474332"}],"replies":[{"embeddable":true,"href":"https:\/\/belgiumdiamonds.be\/ro\/wp-json\/wp\/v2\/comments?post=8101"}],"version-history":[{"count":1,"href":"https:\/\/belgiumdiamonds.be\/ro\/wp-json\/wp\/v2\/pages\/8101\/revisions"}],"predecessor-version":[{"id":32678,"href":"https:\/\/belgiumdiamonds.be\/ro\/wp-json\/wp\/v2\/pages\/8101\/revisions\/32678"}],"wp:attachment":[{"href":"https:\/\/belgiumdiamonds.be\/ro\/wp-json\/wp\/v2\/media?parent=8101"}],"curies":[{"name":"wp","href":"https:\/\/api.w.org\/{rel}","templated":true}]}}