{"id":12120,"date":"2024-02-05T23:59:32","date_gmt":"2024-02-05T22:59:32","guid":{"rendered":"https:\/\/belgiumdiamond.petpetshopi.shop\/?post_type=product&#038;p=12120"},"modified":"2026-04-27T11:36:39","modified_gmt":"2026-04-27T09:36:39","slug":"1ct-e-f-vvs-classic-halfset-eternity-ring","status":"publish","type":"product","link":"https:\/\/belgiumdiamonds.be\/ro\/product\/1ct-e-f-vvs-classic-halfset-eternity-ring\/","title":{"rendered":"1ct E\/F VVS Classic Halfset Eternity Ring"},"content":{"rendered":"<p>Inel de eternitate clasic cu diamant de 1,26 ct, montat pe jum\u0103tate, din aur de 18k sau platin\u0103. Acest frumos inel de eternitate\/alian\u021b\u0103 este prev\u0103zut cu 9 diamante rotunde str\u0103lucitoare de 0,14 ct, av\u00e2nd o greutate total\u0103 \u00een carate de minimum 1,26 ct. culoare E\/F, claritate VS\/TOP-SI.<\/p>\n<p>21% TVA va fi ad\u0103ugat la pre\u021bul din co\u0219 atunci c\u00e2nd expedierea este setat\u0103 la adresa UE.<br \/>\nPre\u021bul include transportul \u00een UE.<br \/>\nStare: Nou<br \/>\nFabricat manual \u00een Antwerp, Belgia.<br \/>\nAceast\u0103 bijuterie este certificat\u0103 de gemologul licen\u021biat al Belgium Diamond \u0219i, la cerere, poate fi certificat\u0103 de laboratoarele de certificare HRD sau IGI.<\/p>","protected":false},"excerpt":{"rendered":"<p>Inel de eternitate clasic cu diamant de 1 ct \u00een aur de 18k sau platin\u0103. Acest frumos inel de eternitate\/alian\u021b\u0103 este prev\u0103zut cu 11 diamante rotunde str\u0103lucitoare de 0,09 ct, av\u00e2nd o greutate total\u0103 \u00een carate de minimum 1 ct. culoare E\/F, claritate VS\/TOP-SI.<\/p>","protected":false},"featured_media":42774,"comment_status":"open","ping_status":"closed","template":"","meta":{"_acf_changed":false},"product_brand":[],"product_cat":[114],"product_tag":[],"class_list":{"0":"post-12120","1":"product","2":"type-product","3":"status-publish","4":"has-post-thumbnail","6":"product_cat-wedding-eternity-bands","8":"first","9":"instock","10":"taxable","11":"shipping-taxable","12":"purchasable","13":"product-type-variable"},"acf":[],"_links":{"self":[{"href":"https:\/\/belgiumdiamonds.be\/ro\/wp-json\/wp\/v2\/product\/12120","targetHints":{"allow":["GET"]}}],"collection":[{"href":"https:\/\/belgiumdiamonds.be\/ro\/wp-json\/wp\/v2\/product"}],"about":[{"href":"https:\/\/belgiumdiamonds.be\/ro\/wp-json\/wp\/v2\/types\/product"}],"replies":[{"embeddable":true,"href":"https:\/\/belgiumdiamonds.be\/ro\/wp-json\/wp\/v2\/comments?post=12120"}],"version-history":[{"count":3,"href":"https:\/\/belgiumdiamonds.be\/ro\/wp-json\/wp\/v2\/product\/12120\/revisions"}],"predecessor-version":[{"id":33072,"href":"https:\/\/belgiumdiamonds.be\/ro\/wp-json\/wp\/v2\/product\/12120\/revisions\/33072"}],"wp:featuredmedia":[{"embeddable":true,"href":"https:\/\/belgiumdiamonds.be\/ro\/wp-json\/wp\/v2\/media\/42774"}],"wp:attachment":[{"href":"https:\/\/belgiumdiamonds.be\/ro\/wp-json\/wp\/v2\/media?parent=12120"}],"wp:term":[{"taxonomy":"product_brand","embeddable":true,"href":"https:\/\/belgiumdiamonds.be\/ro\/wp-json\/wp\/v2\/product_brand?post=12120"},{"taxonomy":"product_cat","embeddable":true,"href":"https:\/\/belgiumdiamonds.be\/ro\/wp-json\/wp\/v2\/product_cat?post=12120"},{"taxonomy":"product_tag","embeddable":true,"href":"https:\/\/belgiumdiamonds.be\/ro\/wp-json\/wp\/v2\/product_tag?post=12120"}],"curies":[{"name":"wp","href":"https:\/\/api.w.org\/{rel}","templated":true}]}}