{"id":12486,"date":"2024-02-06T10:14:33","date_gmt":"2024-02-06T09:14:33","guid":{"rendered":"https:\/\/belgiumdiamond.petpetshopi.shop\/?post_type=product&#038;p=12486"},"modified":"2026-04-16T10:36:42","modified_gmt":"2026-04-16T08:36:42","slug":"round-diamond-trilogy-ring-6-prongs","status":"publish","type":"product","link":"https:\/\/belgiumdiamonds.be\/ro\/product\/round-diamond-trilogy-ring-6-prongs\/","title":{"rendered":"Inel Trilogy cu diamante rotunde de aceea\u0219i m\u0103rime"},"content":{"rendered":"<p>Belgium Diamonds Classic Three Diamond Ring Setting este un inel trilogic elegant. Aceast\u0103 setare frumoas\u0103 se potrive\u0219te perfect cu trei diamante rotunde de form\u0103 str\u0103lucitoare pentru a crea o bijuterie rafinat\u0103.<br \/>\nDup\u0103 selectarea acestei monturi, alege\u021bi diamantele din miile de diamante certificate expuse \u00een colec\u021bia noastr\u0103 de diamante \u00een vrac. Dac\u0103 ave\u021bi nevoie de asisten\u021b\u0103 \u00een selec\u021bie, contacta\u021bi un reprezentant Belgium Diamond, iar gemologii de la Belgium Diamonds vor potrivi meticulos diamantele \u00een func\u021bie de dimensiune, culoare, claritate \u0219i t\u0103ietur\u0103 pentru a crea un inel perfect cu trei pietre, care s\u0103 corespund\u0103 bugetului \u0219i criteriilor dumneavoastr\u0103.<\/p>\n<p><strong>Diamantele nu sunt incluse \u00een pre\u021b.<\/strong><\/p>\n<p>TVA va fi ad\u0103ugat la pre\u021bul din co\u0219 atunci c\u00e2nd expedierea este setat\u0103 la adresa UE.<br \/>\nPre\u021bul include transportul \u00een UE.<br \/>\nPre\u021bul include montarea diamantelor \u00een setare pentru a crea inelul finit.<br \/>\nStare: Nou.<br \/>\nFabricat \u00een Antwerp, Belgia.<\/p>","protected":false},"excerpt":{"rendered":"<p>Belgium Diamonds Classic Three Diamond Ring Setting este un inel trilogic elegant. Aceast\u0103 setare frumoas\u0103 se potrive\u0219te perfect cu trei diamante rotunde de form\u0103 str\u0103lucitoare pentru a crea o bijuterie rafinat\u0103.<\/p>\n<p>DIAMANTELE NU SUNT INCLUSE \u00ceN PRE\u021a.<\/p>","protected":false},"featured_media":33883,"comment_status":"open","ping_status":"closed","template":"","meta":{"_acf_changed":false},"product_brand":[],"product_cat":[127],"product_tag":[],"class_list":{"0":"post-12486","1":"product","2":"type-product","3":"status-publish","4":"has-post-thumbnail","6":"product_cat-trilogy-rings","7":"pa_choose-gold-18k-rose-gold","8":"pa_choose-gold-18k-white-gold","9":"pa_choose-gold-18k-yellow-gold","10":"pa_choose-gold-platinum","11":"pa_size-405","12":"pa_size-404","13":"pa_size-403","14":"pa_size-402","15":"pa_size-401","16":"pa_size-400","17":"pa_size-399","18":"pa_size-398","19":"pa_size-397","20":"pa_size-396","21":"pa_size-395","22":"pa_size-394","23":"pa_size-393","24":"pa_size-392","25":"pa_size-391","26":"pa_size-390","27":"pa_size-389","29":"first","30":"instock","31":"taxable","32":"shipping-taxable","33":"purchasable","34":"product-type-variable","35":"has-default-attributes"},"acf":[],"_links":{"self":[{"href":"https:\/\/belgiumdiamonds.be\/ro\/wp-json\/wp\/v2\/product\/12486","targetHints":{"allow":["GET"]}}],"collection":[{"href":"https:\/\/belgiumdiamonds.be\/ro\/wp-json\/wp\/v2\/product"}],"about":[{"href":"https:\/\/belgiumdiamonds.be\/ro\/wp-json\/wp\/v2\/types\/product"}],"replies":[{"embeddable":true,"href":"https:\/\/belgiumdiamonds.be\/ro\/wp-json\/wp\/v2\/comments?post=12486"}],"version-history":[{"count":2,"href":"https:\/\/belgiumdiamonds.be\/ro\/wp-json\/wp\/v2\/product\/12486\/revisions"}],"predecessor-version":[{"id":42560,"href":"https:\/\/belgiumdiamonds.be\/ro\/wp-json\/wp\/v2\/product\/12486\/revisions\/42560"}],"wp:featuredmedia":[{"embeddable":true,"href":"https:\/\/belgiumdiamonds.be\/ro\/wp-json\/wp\/v2\/media\/33883"}],"wp:attachment":[{"href":"https:\/\/belgiumdiamonds.be\/ro\/wp-json\/wp\/v2\/media?parent=12486"}],"wp:term":[{"taxonomy":"product_brand","embeddable":true,"href":"https:\/\/belgiumdiamonds.be\/ro\/wp-json\/wp\/v2\/product_brand?post=12486"},{"taxonomy":"product_cat","embeddable":true,"href":"https:\/\/belgiumdiamonds.be\/ro\/wp-json\/wp\/v2\/product_cat?post=12486"},{"taxonomy":"product_tag","embeddable":true,"href":"https:\/\/belgiumdiamonds.be\/ro\/wp-json\/wp\/v2\/product_tag?post=12486"}],"curies":[{"name":"wp","href":"https:\/\/api.w.org\/{rel}","templated":true}]}}