{"id":15942,"date":"2024-02-09T13:50:25","date_gmt":"2024-02-09T12:50:25","guid":{"rendered":"https:\/\/belgiumdiamond.petpetshopi.shop\/?post_type=product&#038;p=15942"},"modified":"2026-05-04T13:59:15","modified_gmt":"2026-05-04T11:59:15","slug":"round-diamond-side-stone-ring","status":"publish","type":"product","link":"https:\/\/belgiumdiamonds.be\/ro\/product\/round-diamond-side-stone-ring\/","title":{"rendered":"Round Diamond Side Stone Ring"},"content":{"rendered":"<p>Belgium Diamonds&#8217; Round Diamond Side Stone Ring is an elegant ring designed for maximum brilliance and sparkle. This exquisite diamond ring can serve as your engagement ring or as a beautiful anniversary ring.<\/p>\n<p><strong>Pave Diamond Informa\u021bii:<\/strong><br \/>\nNum\u0103rul minim de diamante: 14-20 buc.<br \/>\nGreutate total\u0103 minim\u0103 \u00een carate: 0.18-0.21 Cts.<br \/>\nCuloare medie: F<br \/>\nClaritate medie: VVS<br \/>\nPoate fi montat cu un diamant de 0,50 - 5 ct \u00een centru<\/p>\n<p>TVA va fi ad\u0103ugat la pre\u021bul din co\u0219 atunci c\u00e2nd se livreaz\u0103 \u00een UE.<br \/>\nPre\u021bul include transportul \u00een UE.<br \/>\nPre\u021bul include diamantele din montur\u0103.<br \/>\nStare: Nou.<br \/>\nFabricat \u00een Antwerp, Belgia.<\/p>\n<p><strong>* Greutatea total\u0103 \u00een carate poate devia marginal de la greutatea \u00een carate listat\u0103 \u00een func\u021bie de m\u0103rimea diamantului central \u0219i de m\u0103rimea inelului.<\/strong><\/p>\n<p><strong>Diamant central Nu este inclus \u00een pre\u021b.<\/strong><\/p>","protected":false},"excerpt":{"rendered":"<p>Belgium Diamonds Timeless Round Diamond Pave Ring este un inel elegant conceput pentru o str\u0103lucire \u0219i o str\u0103lucire maxime. Acest inel cu diamante rafinat poate servi at\u00e2t ca inel de logodn\u0103, c\u00e2t \u0219i ca un frumos inel aniversar.<\/p>\n<p><strong>Diamantul central nu este inclus \u00een pre\u021b.<\/strong><\/p>","protected":false},"featured_media":33612,"comment_status":"open","ping_status":"closed","template":"","meta":{"_acf_changed":false},"product_brand":[],"product_cat":[120,123],"product_tag":[],"class_list":{"0":"post-15942","1":"product","2":"type-product","3":"status-publish","4":"has-post-thumbnail","6":"product_cat-halo-side-stone-rings","7":"product_cat-solitaire-rings","8":"pa_choose-gold-18k-rose-gold","9":"pa_choose-gold-18k-white-gold","10":"pa_choose-gold-18k-yellow-gold","11":"pa_choose-gold-platinum","12":"pa_size-405","13":"pa_size-404","14":"pa_size-403","15":"pa_size-402","16":"pa_size-401","17":"pa_size-400","18":"pa_size-399","19":"pa_size-398","20":"pa_size-397","21":"pa_size-396","22":"pa_size-395","23":"pa_size-394","24":"pa_size-393","25":"pa_size-392","26":"pa_size-391","27":"pa_size-390","28":"pa_size-389","30":"first","31":"instock","32":"taxable","33":"shipping-taxable","34":"purchasable","35":"product-type-variable"},"acf":[],"_links":{"self":[{"href":"https:\/\/belgiumdiamonds.be\/ro\/wp-json\/wp\/v2\/product\/15942","targetHints":{"allow":["GET"]}}],"collection":[{"href":"https:\/\/belgiumdiamonds.be\/ro\/wp-json\/wp\/v2\/product"}],"about":[{"href":"https:\/\/belgiumdiamonds.be\/ro\/wp-json\/wp\/v2\/types\/product"}],"replies":[{"embeddable":true,"href":"https:\/\/belgiumdiamonds.be\/ro\/wp-json\/wp\/v2\/comments?post=15942"}],"version-history":[{"count":3,"href":"https:\/\/belgiumdiamonds.be\/ro\/wp-json\/wp\/v2\/product\/15942\/revisions"}],"predecessor-version":[{"id":42390,"href":"https:\/\/belgiumdiamonds.be\/ro\/wp-json\/wp\/v2\/product\/15942\/revisions\/42390"}],"wp:featuredmedia":[{"embeddable":true,"href":"https:\/\/belgiumdiamonds.be\/ro\/wp-json\/wp\/v2\/media\/33612"}],"wp:attachment":[{"href":"https:\/\/belgiumdiamonds.be\/ro\/wp-json\/wp\/v2\/media?parent=15942"}],"wp:term":[{"taxonomy":"product_brand","embeddable":true,"href":"https:\/\/belgiumdiamonds.be\/ro\/wp-json\/wp\/v2\/product_brand?post=15942"},{"taxonomy":"product_cat","embeddable":true,"href":"https:\/\/belgiumdiamonds.be\/ro\/wp-json\/wp\/v2\/product_cat?post=15942"},{"taxonomy":"product_tag","embeddable":true,"href":"https:\/\/belgiumdiamonds.be\/ro\/wp-json\/wp\/v2\/product_tag?post=15942"}],"curies":[{"name":"wp","href":"https:\/\/api.w.org\/{rel}","templated":true}]}}