{"id":17758,"date":"2024-05-26T21:08:31","date_gmt":"2024-05-26T19:08:31","guid":{"rendered":"https:\/\/belgiumdiamond.petpetshopi.shop\/?post_type=product&#038;p=17758"},"modified":"2026-03-23T12:51:29","modified_gmt":"2026-03-23T11:51:29","slug":"round-diamond-earring-0-30ct","status":"publish","type":"product","link":"https:\/\/belgiumdiamonds.be\/ro\/product\/round-diamond-earring-0-30ct\/","title":{"rendered":"Cercei cu diamant rotund F\/VS 0.30CT"},"content":{"rendered":"<p>Cercei Solitaire Ready-to-wear este meticulos realizat cu un lan\u021b elegant din aur de 18k disponibil \u00een aur alb, galben sau roz. Dispun\u00e2nd de un singur diamant natural netratat uimitor, acest cercel eman\u0103 elegan\u021b\u0103 atemporal\u0103 \u0219i rafinament. Diamantul este certificat de IGI sau GIA, asigur\u00e2nd cele mai \u00eenalte standarde de calitate \u0219i autenticitate.<\/p>\n<p><strong>Informa\u021bii despre cercei:<\/strong><\/p>\n<ul>\n<li>Culoare medie: F<\/li>\n<li>Claritate medie: VS<\/li>\n<li>Grad de t\u0103iere: VG-EX (foarte bun\u0103 p\u00e2n\u0103 la excelent\u0103)<\/li>\n<li>Include 2 diamante de 0,30ct fiecare<\/li>\n<li>Greutatea diamantului poate avea o diferen\u021b\u0103 de p\u00e2n\u0103 la 0,05ct<\/li>\n<\/ul>\n<p>Pre\u021bul \u00een aur alb, galben sau roz de 18k este calculat \u00een func\u021bie de dimensiunea pietrei alese.<br \/>\nTVA va fi ad\u0103ugat la pre\u021bul din co\u0219 atunci c\u00e2nd se expediaz\u0103 la o adres\u0103 din UE.<br \/>\nStare: Nou.<br \/>\nFabricat \u00een Antwerp, Belgia.<\/p>\n<p>Fiecare cercel este conceput pentru a scoate \u00een eviden\u021b\u0103 str\u0103lucirea diamantului cu o montur\u0103 elegant\u0103, conferindu-i un aspect modern, dar atemporal. Greutatea total\u0103 \u00een carate poate devia marginal de la greutatea \u00een carate indicat\u0103, \u00een func\u021bie de m\u0103rimea diamantului central.<\/p>\n<p>Acest cercel rafinat vine cu totul inclus \u00een pre\u021b, ceea ce \u00eel face alegerea perfect\u0103 pentru cei care caut\u0103 elegan\u021b\u0103 instantanee \u0219i frumuse\u021be de neegalat.<\/p>\n<p>&nbsp;<\/p>\n<p><strong>EXPEDIERE \u00ceN TERMEN DE 2 ZILE LUCR\u0102TOARE!<\/strong><\/p>","protected":false},"excerpt":{"rendered":"<p>Cercei Solitaire Ready-to-wear este meticulos realizat cu un lan\u021b elegant din aur de 18k disponibil \u00een aur alb, galben sau roz. Dispun\u00e2nd de un singur diamant natural netratat uimitor, acest cercel eman\u0103 elegan\u021b\u0103 atemporal\u0103 \u0219i rafinament. Diamantul este certificat de IGI sau GIA, asigur\u00e2nd cele mai \u00eenalte standarde de calitate \u0219i autenticitate.<\/p>","protected":false},"featured_media":34316,"comment_status":"open","ping_status":"closed","template":"","meta":{"_acf_changed":false},"product_brand":[],"product_cat":[190],"product_tag":[],"class_list":{"0":"post-17758","1":"product","2":"type-product","3":"status-publish","4":"has-post-thumbnail","6":"product_cat-earrings-ready-to-wear","7":"pa_choose-gold-18k-rose-gold","8":"pa_choose-gold-18k-white-gold","9":"pa_choose-gold-18k-yellow-gold","11":"first","12":"instock","13":"taxable","14":"shipping-taxable","15":"purchasable","16":"product-type-variable"},"acf":[],"_links":{"self":[{"href":"https:\/\/belgiumdiamonds.be\/ro\/wp-json\/wp\/v2\/product\/17758","targetHints":{"allow":["GET"]}}],"collection":[{"href":"https:\/\/belgiumdiamonds.be\/ro\/wp-json\/wp\/v2\/product"}],"about":[{"href":"https:\/\/belgiumdiamonds.be\/ro\/wp-json\/wp\/v2\/types\/product"}],"replies":[{"embeddable":true,"href":"https:\/\/belgiumdiamonds.be\/ro\/wp-json\/wp\/v2\/comments?post=17758"}],"version-history":[{"count":1,"href":"https:\/\/belgiumdiamonds.be\/ro\/wp-json\/wp\/v2\/product\/17758\/revisions"}],"predecessor-version":[{"id":34327,"href":"https:\/\/belgiumdiamonds.be\/ro\/wp-json\/wp\/v2\/product\/17758\/revisions\/34327"}],"wp:featuredmedia":[{"embeddable":true,"href":"https:\/\/belgiumdiamonds.be\/ro\/wp-json\/wp\/v2\/media\/34316"}],"wp:attachment":[{"href":"https:\/\/belgiumdiamonds.be\/ro\/wp-json\/wp\/v2\/media?parent=17758"}],"wp:term":[{"taxonomy":"product_brand","embeddable":true,"href":"https:\/\/belgiumdiamonds.be\/ro\/wp-json\/wp\/v2\/product_brand?post=17758"},{"taxonomy":"product_cat","embeddable":true,"href":"https:\/\/belgiumdiamonds.be\/ro\/wp-json\/wp\/v2\/product_cat?post=17758"},{"taxonomy":"product_tag","embeddable":true,"href":"https:\/\/belgiumdiamonds.be\/ro\/wp-json\/wp\/v2\/product_tag?post=17758"}],"curies":[{"name":"wp","href":"https:\/\/api.w.org\/{rel}","templated":true}]}}