{"id":17792,"date":"2024-05-26T22:15:19","date_gmt":"2024-05-26T20:15:19","guid":{"rendered":"https:\/\/belgiumdiamond.petpetshopi.shop\/?post_type=product&#038;p=17792"},"modified":"2025-12-13T09:53:36","modified_gmt":"2025-12-13T08:53:36","slug":"pandantiv-cu-diamant-rotund-f-vs-0-50ct","status":"publish","type":"product","link":"https:\/\/belgiumdiamonds.be\/ro\/product\/pendant-with-round-diamond-f-vs-0-50ct\/","title":{"rendered":"Pandantiv cu diamant rotund F\/VS 0.50CT"},"content":{"rendered":"<p>Pandantivul Ready-to-wear Solitaire este o bijuterie uimitoare \u0219i clasic\u0103 care va ad\u0103uga elegan\u021b\u0103 \u0219i rafinament oric\u0103rei \u021binute. Meticulos realizat cu un lan\u021b elegant din aur de 18k, disponibil \u00een aur alb, galben sau roz, acest pandantiv prezint\u0103 un diamant rotund str\u0103lucitor, \u021binut \u00een siguran\u021b\u0103 de patru prisme, cre\u00e2nd un design atemporal \u0219i versatil care nu se va demoda niciodat\u0103.<\/p>\n<p>Diamantul este natural \u0219i netratat, certificat de IGI sau GIA, asigur\u00e2nd cele mai \u00eenalte standarde de calitate \u0219i autenticitate.<\/p>\n<p><strong>Informa\u021bii despre pandantiv:<\/strong><\/p>\n<ul>\n<li>Culoare medie: F<\/li>\n<li>Claritate medie: VS<\/li>\n<li>Grad de t\u0103iere: VG-EX (foarte bun\u0103 p\u00e2n\u0103 la excelent\u0103)<\/li>\n<li>Include 1 diamant de 0,50Ct<\/li>\n<li>Greutatea diamantului poate avea o diferen\u021b\u0103 de p\u00e2n\u0103 la 0,05 carate<\/li>\n<\/ul>\n<p>Pre\u021bul \u00een aur alb, galben sau roz de 18k este calculat \u00een func\u021bie de dimensiunea pietrei alese.<br \/>\nTVA va fi ad\u0103ugat la pre\u021bul din co\u0219 atunci c\u00e2nd se expediaz\u0103 la o adres\u0103 din UE.<br \/>\nStare: Nou.<br \/>\nFabricat \u00een Antwerp, Belgia.<\/p>\n<p>Fie c\u0103 v\u0103 trata\u021bi singur\u0103 sau c\u0103uta\u021bi cadoul perfect pentru cineva special, acest pandantiv va face cu siguran\u021b\u0103 o impresie de durat\u0103. Fiecare pandantiv este conceput pentru a scoate \u00een eviden\u021b\u0103 str\u0103lucirea diamantului cu o montur\u0103 elegant\u0103, oferindu-i un aspect modern, dar atemporal. Greutatea total\u0103 \u00een carate poate devia marginal de la greutatea \u00een carate indicat\u0103, \u00een func\u021bie de m\u0103rimea diamantului central.<\/p>\n<p>Acest pandantiv rafinat vine cu totul inclus \u00een pre\u021b, ceea ce \u00eel face alegerea perfect\u0103 pentru cei care caut\u0103 elegan\u021b\u0103 instantanee \u0219i frumuse\u021be de neegalat.<\/p>\n<p>&nbsp;<\/p>\n<p><strong>EXPEDIERE \u00ceN TERMEN DE 2 ZILE LUCR\u0102TOARE!<\/strong><\/p>","protected":false},"excerpt":{"rendered":"<p>Pandantivul Ready-to-wear Solitaire este o bijuterie uimitoare \u0219i clasic\u0103 care va ad\u0103uga elegan\u021b\u0103 \u0219i rafinament oric\u0103rei \u021binute. Meticulos realizat cu un lan\u021b elegant din aur de 18k, disponibil \u00een aur alb, galben sau roz, acest pandantiv prezint\u0103 un diamant rotund str\u0103lucitor, \u021binut \u00een siguran\u021b\u0103 de patru prisme, cre\u00e2nd un design atemporal \u0219i versatil care nu se va demoda niciodat\u0103.<\/p>","protected":false},"featured_media":17784,"comment_status":"open","ping_status":"closed","template":"","meta":{"_acf_changed":false},"product_brand":[],"product_cat":[191],"product_tag":[],"class_list":{"0":"post-17792","1":"product","2":"type-product","3":"status-publish","4":"has-post-thumbnail","6":"product_cat-pendants","8":"first","9":"instock","10":"sale","11":"taxable","12":"shipping-taxable","13":"purchasable","14":"product-type-variable","15":"has-default-attributes"},"acf":[],"_links":{"self":[{"href":"https:\/\/belgiumdiamonds.be\/ro\/wp-json\/wp\/v2\/product\/17792","targetHints":{"allow":["GET"]}}],"collection":[{"href":"https:\/\/belgiumdiamonds.be\/ro\/wp-json\/wp\/v2\/product"}],"about":[{"href":"https:\/\/belgiumdiamonds.be\/ro\/wp-json\/wp\/v2\/types\/product"}],"replies":[{"embeddable":true,"href":"https:\/\/belgiumdiamonds.be\/ro\/wp-json\/wp\/v2\/comments?post=17792"}],"version-history":[{"count":0,"href":"https:\/\/belgiumdiamonds.be\/ro\/wp-json\/wp\/v2\/product\/17792\/revisions"}],"wp:featuredmedia":[{"embeddable":true,"href":"https:\/\/belgiumdiamonds.be\/ro\/wp-json\/wp\/v2\/media\/17784"}],"wp:attachment":[{"href":"https:\/\/belgiumdiamonds.be\/ro\/wp-json\/wp\/v2\/media?parent=17792"}],"wp:term":[{"taxonomy":"product_brand","embeddable":true,"href":"https:\/\/belgiumdiamonds.be\/ro\/wp-json\/wp\/v2\/product_brand?post=17792"},{"taxonomy":"product_cat","embeddable":true,"href":"https:\/\/belgiumdiamonds.be\/ro\/wp-json\/wp\/v2\/product_cat?post=17792"},{"taxonomy":"product_tag","embeddable":true,"href":"https:\/\/belgiumdiamonds.be\/ro\/wp-json\/wp\/v2\/product_tag?post=17792"}],"curies":[{"name":"wp","href":"https:\/\/api.w.org\/{rel}","templated":true}]}}