{"id":20145,"date":"2025-01-23T13:54:03","date_gmt":"2025-01-23T12:54:03","guid":{"rendered":"https:\/\/belgiumdiamond.petpetshopi.shop\/?post_type=product&#038;p=20145"},"modified":"2026-04-30T11:10:30","modified_gmt":"2026-04-30T09:10:30","slug":"heart-unity-stud-earrings","status":"publish","type":"product","link":"https:\/\/belgiumdiamonds.be\/ro\/product\/heart-unity-stud-earrings\/","title":{"rendered":"Heart Unity Diamond Stud Earrings"},"content":{"rendered":"<p>Heart Unity Diamond Stud Earrings, the perfect accessory to elevate any look from drab to fab ! These stunning earrings are available in White Gold, Yellow Gold, or Pink Gold, so you can pick the perfect shade to match your personal style. With the invisible setting the diamonds form one Unity showing as one large stone.<\/p>\n<p><strong>Informa\u021bii despre cercei:<\/strong><\/p>\n<ul>\n<li>Culoare medie: E\/F<\/li>\n<li>Claritate medie: VS<\/li>\n<li>Grad de t\u0103iere: VG-EX (foarte bun\u0103 p\u00e2n\u0103 la excelent\u0103)<\/li>\n<li>Include diamante totale de 0,25 ct<\/li>\n<li>Greutatea diamantului poate avea o diferen\u021b\u0103 de p\u00e2n\u0103 la 0,05 carate<\/li>\n<\/ul>\n<p>Pre\u021bul este acela\u0219i pentru aur alb, galben sau roz de 18k.<br \/>\nTVA va fi ad\u0103ugat la pre\u021bul din co\u0219 atunci c\u00e2nd se expediaz\u0103 la o adres\u0103 din UE.<\/p>\n<p>Codurile de reducere vor fi aplicate \u00een co\u0219.<br \/>\nStare: Nou.<br \/>\nFabricat \u00een Antwerp, Belgia.<\/p>\n<p>&nbsp;<\/p>\n<p><strong>EXPEDIERE \u00ceN TERMEN DE 2 ZILE LUCR\u0102TOARE!<\/strong><\/p>","protected":false},"excerpt":{"rendered":"<p>Introducing our Heart Unity Diamond Stud Earrings<em>,<\/em> accesoriul perfect pentru a ridica orice look de la monoton la fabulos! Ace\u0219ti cercei uimitori sunt disponibili \u00een aur alb, aur galben sau aur roz, astfel \u00eenc\u00e2t s\u0103 pute\u021bi alege nuan\u021ba perfect\u0103 pentru a se potrivi cu stilul dvs. personal.<\/p>","protected":false},"featured_media":34366,"comment_status":"open","ping_status":"closed","template":"","meta":{"_acf_changed":false},"product_brand":[],"product_cat":[190,378],"product_tag":[],"class_list":{"0":"post-20145","1":"product","2":"type-product","3":"status-publish","4":"has-post-thumbnail","6":"product_cat-earrings-ready-to-wear","7":"product_cat-valentines-day-collection","8":"pa_choose-gold-18k-rose-gold","9":"pa_choose-gold-18k-white-gold","10":"pa_choose-gold-18k-yellow-gold","12":"first","13":"instock","14":"taxable","15":"shipping-taxable","16":"purchasable","17":"product-type-variable"},"acf":[],"_links":{"self":[{"href":"https:\/\/belgiumdiamonds.be\/ro\/wp-json\/wp\/v2\/product\/20145","targetHints":{"allow":["GET"]}}],"collection":[{"href":"https:\/\/belgiumdiamonds.be\/ro\/wp-json\/wp\/v2\/product"}],"about":[{"href":"https:\/\/belgiumdiamonds.be\/ro\/wp-json\/wp\/v2\/types\/product"}],"replies":[{"embeddable":true,"href":"https:\/\/belgiumdiamonds.be\/ro\/wp-json\/wp\/v2\/comments?post=20145"}],"version-history":[{"count":3,"href":"https:\/\/belgiumdiamonds.be\/ro\/wp-json\/wp\/v2\/product\/20145\/revisions"}],"predecessor-version":[{"id":42800,"href":"https:\/\/belgiumdiamonds.be\/ro\/wp-json\/wp\/v2\/product\/20145\/revisions\/42800"}],"wp:featuredmedia":[{"embeddable":true,"href":"https:\/\/belgiumdiamonds.be\/ro\/wp-json\/wp\/v2\/media\/34366"}],"wp:attachment":[{"href":"https:\/\/belgiumdiamonds.be\/ro\/wp-json\/wp\/v2\/media?parent=20145"}],"wp:term":[{"taxonomy":"product_brand","embeddable":true,"href":"https:\/\/belgiumdiamonds.be\/ro\/wp-json\/wp\/v2\/product_brand?post=20145"},{"taxonomy":"product_cat","embeddable":true,"href":"https:\/\/belgiumdiamonds.be\/ro\/wp-json\/wp\/v2\/product_cat?post=20145"},{"taxonomy":"product_tag","embeddable":true,"href":"https:\/\/belgiumdiamonds.be\/ro\/wp-json\/wp\/v2\/product_tag?post=20145"}],"curies":[{"name":"wp","href":"https:\/\/api.w.org\/{rel}","templated":true}]}}