{"id":20165,"date":"2025-01-23T14:26:13","date_gmt":"2025-01-23T13:26:13","guid":{"rendered":"https:\/\/belgiumdiamond.petpetshopi.shop\/?post_type=product&#038;p=20165"},"modified":"2026-04-30T10:52:03","modified_gmt":"2026-04-30T08:52:03","slug":"heart-diamond-pendant","status":"publish","type":"product","link":"https:\/\/belgiumdiamonds.be\/ro\/product\/heart-diamond-pendant\/","title":{"rendered":"Heart Diamond Pendant F\/VS .30CT"},"content":{"rendered":"<p>Heart Diamond Pendant is a stunning and classic piece of jewelry that will add elegance and sophistication to any outfit. Meticulously crafted with an 18k gold stylish chain available in white, yellow, or rose gold, this pendant features a brilliant heart diamond, securely held in place by three prongs, creating a timeless and versatile design that will never go out of style.<\/p>\n<p>Diamantul este natural \u0219i netratat, certificat de IGI sau GIA, asigur\u00e2nd cele mai \u00eenalte standarde de calitate \u0219i autenticitate.<\/p>\n<p><strong>Informa\u021bii despre pandantiv:<\/strong><\/p>\n<ul>\n<li>Culoare medie: F<\/li>\n<li>Claritate medie: VS<\/li>\n<li>Grad de t\u0103iere: VG-EX (foarte bun\u0103 p\u00e2n\u0103 la excelent\u0103)<\/li>\n<li>Include 1 diamant de 0,30Ct<\/li>\n<li>Greutatea diamantului poate avea o diferen\u021b\u0103 de p\u00e2n\u0103 la 0,05 carate<\/li>\n<\/ul>\n<p>Pre\u021bul este acela\u0219i pentru aur alb, galben sau roz de 18k.<br \/>\nTVA va fi ad\u0103ugat la pre\u021bul din co\u0219 atunci c\u00e2nd se expediaz\u0103 la o adres\u0103 din UE.<br \/>\nStare: Nou.<br \/>\nFabricat \u00een Antwerp, Belgia.<\/p>\n<p>Fie c\u0103 v\u0103 trata\u021bi singur\u0103 sau c\u0103uta\u021bi cadoul perfect pentru cineva special, acest pandantiv va face cu siguran\u021b\u0103 o impresie de durat\u0103. Fiecare pandantiv este conceput pentru a scoate \u00een eviden\u021b\u0103 str\u0103lucirea diamantului cu o montur\u0103 elegant\u0103, oferindu-i un aspect modern, dar atemporal. Greutatea total\u0103 \u00een carate poate devia marginal de la greutatea \u00een carate indicat\u0103, \u00een func\u021bie de m\u0103rimea diamantului central.<\/p>\n<p>Acest pandantiv rafinat vine cu totul inclus \u00een pre\u021b, ceea ce \u00eel face alegerea perfect\u0103 pentru cei care caut\u0103 elegan\u021b\u0103 instantanee \u0219i frumuse\u021be de neegalat.<\/p>\n<p>&nbsp;<\/p>\n<p><strong>EXPEDIERE \u00ceN TERMEN DE 2 ZILE LUCR\u0102TOARE!<\/strong><\/p>","protected":false},"excerpt":{"rendered":"<p>Heart Diamond Pendant is a stunning and classic piece of jewelry that will add elegance and sophistication to any outfit. Meticulously crafted with an 18k gold stylish chain available in white, yellow, or rose gold, this pendant features a brilliant heart diamond, securely held in place by three prongs, creating a timeless and versatile design that will never go out of style.<\/p>","protected":false},"featured_media":34541,"comment_status":"open","ping_status":"closed","template":"","meta":{"_acf_changed":false},"product_brand":[],"product_cat":[191],"product_tag":[],"class_list":{"0":"post-20165","1":"product","2":"type-product","3":"status-publish","4":"has-post-thumbnail","6":"product_cat-pendants","7":"pa_choose-gold-18k-rose-gold","8":"pa_choose-gold-18k-white-gold","9":"pa_choose-gold-18k-yellow-gold","11":"first","12":"instock","13":"taxable","14":"shipping-taxable","15":"purchasable","16":"product-type-variable"},"acf":[],"_links":{"self":[{"href":"https:\/\/belgiumdiamonds.be\/ro\/wp-json\/wp\/v2\/product\/20165","targetHints":{"allow":["GET"]}}],"collection":[{"href":"https:\/\/belgiumdiamonds.be\/ro\/wp-json\/wp\/v2\/product"}],"about":[{"href":"https:\/\/belgiumdiamonds.be\/ro\/wp-json\/wp\/v2\/types\/product"}],"replies":[{"embeddable":true,"href":"https:\/\/belgiumdiamonds.be\/ro\/wp-json\/wp\/v2\/comments?post=20165"}],"version-history":[{"count":3,"href":"https:\/\/belgiumdiamonds.be\/ro\/wp-json\/wp\/v2\/product\/20165\/revisions"}],"predecessor-version":[{"id":42796,"href":"https:\/\/belgiumdiamonds.be\/ro\/wp-json\/wp\/v2\/product\/20165\/revisions\/42796"}],"wp:featuredmedia":[{"embeddable":true,"href":"https:\/\/belgiumdiamonds.be\/ro\/wp-json\/wp\/v2\/media\/34541"}],"wp:attachment":[{"href":"https:\/\/belgiumdiamonds.be\/ro\/wp-json\/wp\/v2\/media?parent=20165"}],"wp:term":[{"taxonomy":"product_brand","embeddable":true,"href":"https:\/\/belgiumdiamonds.be\/ro\/wp-json\/wp\/v2\/product_brand?post=20165"},{"taxonomy":"product_cat","embeddable":true,"href":"https:\/\/belgiumdiamonds.be\/ro\/wp-json\/wp\/v2\/product_cat?post=20165"},{"taxonomy":"product_tag","embeddable":true,"href":"https:\/\/belgiumdiamonds.be\/ro\/wp-json\/wp\/v2\/product_tag?post=20165"}],"curies":[{"name":"wp","href":"https:\/\/api.w.org\/{rel}","templated":true}]}}