{"id":22347,"date":"2025-08-10T11:19:24","date_gmt":"2025-08-10T09:19:24","guid":{"rendered":"https:\/\/belgiumdiamond.petpetshopi.shop\/product\/elegant-brilliant-cut-solitaire-11\/"},"modified":"2026-04-15T13:01:56","modified_gmt":"2026-04-15T11:01:56","slug":"round-pave-and-lotus-styled-ring","status":"publish","type":"product","link":"https:\/\/belgiumdiamonds.be\/ro\/product\/round-pave-and-lotus-styled-ring\/","title":{"rendered":"Round Solitaire with Pav\u00e9 and Lotus Styled Side Stone Ring"},"content":{"rendered":"<p class=\"ai-optimize-28 ai-optimize-introduction\">Elegant Round Solitaire with Pav\u00e9 and Lotus Styled Side Stone Ring in 18k Gold<\/p>\n<p class=\"ai-optimize-29\"><strong>Informa\u021bii despre inelul cu diamant:<\/strong><br \/>\nPoate fi montat cu: 0.50 - 10 ct diamant central.<\/p>\n<p class=\"ai-optimize-30\">TVA va fi ad\u0103ugat la pre\u021bul din co\u0219 atunci c\u00e2nd expedierea este setat\u0103 la o adres\u0103 din UE.<br \/>\nPre\u021bul include transportul \u00een UE.<br \/>\nStare: Nou.<br \/>\nFabricat \u00een Antwerp, Belgia.<\/p>\n<p class=\"ai-optimize-31\"><strong>* Greutatea total\u0103 \u00een carate poate devia marginal de la greutatea \u00een carate listat\u0103 \u00een func\u021bie de m\u0103rimea diamantului central \u0219i de m\u0103rimea inelului.<\/strong><\/p>\n<h3 class=\"elementor-heading-title elementor-size-small ai-optimize-32\">DIAMANTUL CENTRAL NU ESTE INCLUS \u00ceN PRE\u021a.<\/h3>","protected":false},"excerpt":{"rendered":"<p>Inelul Belgium Diamonds Brilliant Cut Solitaire are o band\u0103 din aur de 18k \u00eempodobit\u0103 cu diamante \u00een pav\u00e9 de-a lungul umerilor, conduc\u00e2nd la o montur\u0103 sigur\u0103 \u0219i elegant\u0103 cu 6 col\u021buri care pune \u00een eviden\u021b\u0103 piatra central\u0103 pentru o str\u0103lucire \u0219i o str\u0103lucire maxime.<\/p>","protected":false},"featured_media":33395,"comment_status":"open","ping_status":"closed","template":"","meta":{"_acf_changed":false},"product_brand":[192],"product_cat":[120,123],"product_tag":[],"class_list":{"0":"post-22347","1":"product","2":"type-product","3":"status-publish","4":"has-post-thumbnail","6":"product_brand-bd","7":"product_cat-halo-side-stone-rings","8":"product_cat-solitaire-rings","9":"pa_choose-gold-18k-rose-gold","10":"pa_choose-gold-18k-white-gold","11":"pa_choose-gold-18k-yellow-gold","12":"pa_choose-gold-platinum","13":"pa_size-405","14":"pa_size-404","15":"pa_size-403","16":"pa_size-402","17":"pa_size-401","18":"pa_size-400","19":"pa_size-399","20":"pa_size-398","21":"pa_size-397","22":"pa_size-396","23":"pa_size-395","24":"pa_size-394","25":"pa_size-393","26":"pa_size-392","27":"pa_size-391","28":"pa_size-390","29":"pa_size-389","31":"first","32":"instock","33":"taxable","34":"shipping-taxable","35":"purchasable","36":"product-type-variable","37":"has-default-attributes"},"acf":[],"_links":{"self":[{"href":"https:\/\/belgiumdiamonds.be\/ro\/wp-json\/wp\/v2\/product\/22347","targetHints":{"allow":["GET"]}}],"collection":[{"href":"https:\/\/belgiumdiamonds.be\/ro\/wp-json\/wp\/v2\/product"}],"about":[{"href":"https:\/\/belgiumdiamonds.be\/ro\/wp-json\/wp\/v2\/types\/product"}],"replies":[{"embeddable":true,"href":"https:\/\/belgiumdiamonds.be\/ro\/wp-json\/wp\/v2\/comments?post=22347"}],"version-history":[{"count":3,"href":"https:\/\/belgiumdiamonds.be\/ro\/wp-json\/wp\/v2\/product\/22347\/revisions"}],"predecessor-version":[{"id":42516,"href":"https:\/\/belgiumdiamonds.be\/ro\/wp-json\/wp\/v2\/product\/22347\/revisions\/42516"}],"wp:featuredmedia":[{"embeddable":true,"href":"https:\/\/belgiumdiamonds.be\/ro\/wp-json\/wp\/v2\/media\/33395"}],"wp:attachment":[{"href":"https:\/\/belgiumdiamonds.be\/ro\/wp-json\/wp\/v2\/media?parent=22347"}],"wp:term":[{"taxonomy":"product_brand","embeddable":true,"href":"https:\/\/belgiumdiamonds.be\/ro\/wp-json\/wp\/v2\/product_brand?post=22347"},{"taxonomy":"product_cat","embeddable":true,"href":"https:\/\/belgiumdiamonds.be\/ro\/wp-json\/wp\/v2\/product_cat?post=22347"},{"taxonomy":"product_tag","embeddable":true,"href":"https:\/\/belgiumdiamonds.be\/ro\/wp-json\/wp\/v2\/product_tag?post=22347"}],"curies":[{"name":"wp","href":"https:\/\/api.w.org\/{rel}","templated":true}]}}