{"id":6871,"date":"2024-01-10T15:15:01","date_gmt":"2024-01-10T15:15:01","guid":{"rendered":"https:\/\/belgiumdiamond.petpetshopi.shop\/?post_type=product&#038;p=6871"},"modified":"2026-05-02T10:34:29","modified_gmt":"2026-05-02T08:34:29","slug":"1-60-ct-e-f-vs-si-diamond-tennis-bracelet","status":"publish","type":"product","link":"https:\/\/belgiumdiamonds.be\/ro\/product\/1-60-ct-e-f-vs-si-diamond-tennis-bracelet\/","title":{"rendered":"1.60 ct E\/F VS\/SI Diamond Tennis Bracelet in 18k Gold"},"content":{"rendered":"<p class=\"ai-optimize-20 ai-optimize-introduction\">This 1.60 ct E\/F VS\/SI Diamond Bracelet in 18k White, Yellow or Pink Gold classic diamond tennis bracelet features 81 round, Color E\/F, Clarity VS\/Top-SI diamonds set in a 18k white, yellow or pink gold bracelet. Each diamond is 0.02 ct. giving this lovely tennis bracelet a *total carat weight of 1.60 ct.<\/p>\n<p class=\"ai-optimize-21\">21% TVA va fi ad\u0103ugat la pre\u021bul din co\u0219 atunci c\u00e2nd expedierea este setat\u0103 la adresa UE.<br \/>\nPre\u021bul include transportul \u00een UE.<br \/>\nStare: Nou.<br \/>\nFabricat manual \u00een Antwerp, Belgia.<br \/>\n100% diamante naturale, certificate \u0219i f\u0103r\u0103 conflict.<\/p>\n<p class=\"ai-optimize-22\"><strong>* Greutatea total\u0103 \u00een carate poate devia marginal de la 1,60 ct.<\/strong><\/p>","protected":false},"excerpt":{"rendered":"<pre>Aceast\u0103 br\u0103\u021bar\u0103 clasic\u0103 de tenis cu diamante are 81 de diamante rotunde, de culoare E\/F, claritate VS\/Top-SI, montate \u00eentr-o br\u0103\u021bar\u0103 din aur alb, galben sau roz de 18k. Fiecare diamant are 0,02 ct, ceea ce confer\u0103 acestei frumoase br\u0103\u021b\u0103ri de tenis o *greutate total\u0103 \u00een carate de 1,60 ct.\r\n<\/pre>","protected":false},"featured_media":34152,"comment_status":"open","ping_status":"closed","template":"","meta":{"_acf_changed":false},"product_brand":[],"product_cat":[112,111,378],"product_tag":[113],"class_list":{"0":"post-6871","1":"product","2":"type-product","3":"status-publish","4":"has-post-thumbnail","6":"product_cat-dtb","7":"product_cat-jewellery","8":"product_cat-valentines-day-collection","9":"product_tag-tennis-bracelets","10":"pa_choose-gold-18k-rose-gold","11":"pa_choose-gold-18k-white-gold","12":"pa_choose-gold-18k-yellow-gold","14":"first","15":"instock","16":"taxable","17":"shipping-taxable","18":"purchasable","19":"product-type-variable"},"acf":[],"_links":{"self":[{"href":"https:\/\/belgiumdiamonds.be\/ro\/wp-json\/wp\/v2\/product\/6871","targetHints":{"allow":["GET"]}}],"collection":[{"href":"https:\/\/belgiumdiamonds.be\/ro\/wp-json\/wp\/v2\/product"}],"about":[{"href":"https:\/\/belgiumdiamonds.be\/ro\/wp-json\/wp\/v2\/types\/product"}],"replies":[{"embeddable":true,"href":"https:\/\/belgiumdiamonds.be\/ro\/wp-json\/wp\/v2\/comments?post=6871"}],"version-history":[{"count":6,"href":"https:\/\/belgiumdiamonds.be\/ro\/wp-json\/wp\/v2\/product\/6871\/revisions"}],"predecessor-version":[{"id":42842,"href":"https:\/\/belgiumdiamonds.be\/ro\/wp-json\/wp\/v2\/product\/6871\/revisions\/42842"}],"wp:featuredmedia":[{"embeddable":true,"href":"https:\/\/belgiumdiamonds.be\/ro\/wp-json\/wp\/v2\/media\/34152"}],"wp:attachment":[{"href":"https:\/\/belgiumdiamonds.be\/ro\/wp-json\/wp\/v2\/media?parent=6871"}],"wp:term":[{"taxonomy":"product_brand","embeddable":true,"href":"https:\/\/belgiumdiamonds.be\/ro\/wp-json\/wp\/v2\/product_brand?post=6871"},{"taxonomy":"product_cat","embeddable":true,"href":"https:\/\/belgiumdiamonds.be\/ro\/wp-json\/wp\/v2\/product_cat?post=6871"},{"taxonomy":"product_tag","embeddable":true,"href":"https:\/\/belgiumdiamonds.be\/ro\/wp-json\/wp\/v2\/product_tag?post=6871"}],"curies":[{"name":"wp","href":"https:\/\/api.w.org\/{rel}","templated":true}]}}