{"id":8852,"date":"2024-01-26T12:28:31","date_gmt":"2024-01-26T12:28:31","guid":{"rendered":"https:\/\/belgiumdiamond.petpetshopi.shop\/?post_type=product&#038;p=8852"},"modified":"2026-04-23T11:16:58","modified_gmt":"2026-04-23T09:16:58","slug":"round-halo-side-stone-ring","status":"publish","type":"product","link":"https:\/\/belgiumdiamonds.be\/ro\/product\/round-halo-side-stone-ring\/","title":{"rendered":"Split Shank Round Halo Side Stone Ring"},"content":{"rendered":"<p>Belgium Diamonds Split Shank Round Halo Side Stone Ring is an elegant ring designed for maximum brilliance and sparkle. This exquisite diamond ring can serve as your engagement ring or as a beautiful anniversary ring.<\/p>\n<p><strong>Halo Diamond Informa\u021bii:<\/strong><br \/>\nDiamante naturale t\u0103iate briliant distan\u021bate str\u00e2ns, concepute pentru a pune \u00een valoare piatra central\u0103.<br \/>\nNum\u0103rul minim de diamante: 60-70 buc.<br \/>\nGreutate total\u0103 minim\u0103 \u00een carate: 0.20-0.30 Cts.<br \/>\nCuloare medie: F<br \/>\nClaritate medie: VVS<br \/>\nPoate fi montat cu un diamant central de 0,50 - 5 ct.<\/p>\n<p>TVA va fi ad\u0103ugat la pre\u021bul din co\u0219 atunci c\u00e2nd expedierea este setat\u0103 la o adres\u0103 din UE.<br \/>\nPre\u021bul include transportul \u00een UE.<br \/>\nPre\u021bul include diamantele din montur\u0103, cu excep\u021bia pietrei centrale.<br \/>\nStare: Nou.<br \/>\nFabricat \u00een Antwerp, Belgia.<\/p>\n<p><strong>* Greutatea total\u0103 \u00een carate poate devia marginal de la greutatea \u00een carate listat\u0103 \u00een func\u021bie de m\u0103rimea diamantului central \u0219i de m\u0103rimea inelului.<\/strong><\/p>","protected":false},"excerpt":{"rendered":"<p>Sparkle with elegance &#8211; Belgium Diamonds Split Shank Round Halo Side Stone Ring . Perfect for engagement or anniversary. Crafted in Antwerp, Belgium.<\/p>","protected":false},"featured_media":33761,"comment_status":"open","ping_status":"closed","template":"","meta":{"_acf_changed":false},"product_brand":[],"product_cat":[120,123],"product_tag":[],"class_list":{"0":"post-8852","1":"product","2":"type-product","3":"status-publish","4":"has-post-thumbnail","6":"product_cat-halo-side-stone-rings","7":"product_cat-solitaire-rings","8":"pa_choose-gold-18k-rose-gold","9":"pa_choose-gold-18k-white-gold","10":"pa_choose-gold-18k-yellow-gold","11":"pa_choose-gold-platinum","12":"pa_size-405","13":"pa_size-404","14":"pa_size-403","15":"pa_size-402","16":"pa_size-401","17":"pa_size-400","18":"pa_size-399","19":"pa_size-398","20":"pa_size-397","21":"pa_size-396","22":"pa_size-395","23":"pa_size-394","24":"pa_size-393","25":"pa_size-392","26":"pa_size-391","27":"pa_size-390","28":"pa_size-389","30":"first","31":"instock","32":"taxable","33":"shipping-taxable","34":"purchasable","35":"product-type-variable"},"acf":[],"_links":{"self":[{"href":"https:\/\/belgiumdiamonds.be\/ro\/wp-json\/wp\/v2\/product\/8852","targetHints":{"allow":["GET"]}}],"collection":[{"href":"https:\/\/belgiumdiamonds.be\/ro\/wp-json\/wp\/v2\/product"}],"about":[{"href":"https:\/\/belgiumdiamonds.be\/ro\/wp-json\/wp\/v2\/types\/product"}],"replies":[{"embeddable":true,"href":"https:\/\/belgiumdiamonds.be\/ro\/wp-json\/wp\/v2\/comments?post=8852"}],"version-history":[{"count":3,"href":"https:\/\/belgiumdiamonds.be\/ro\/wp-json\/wp\/v2\/product\/8852\/revisions"}],"predecessor-version":[{"id":42754,"href":"https:\/\/belgiumdiamonds.be\/ro\/wp-json\/wp\/v2\/product\/8852\/revisions\/42754"}],"wp:featuredmedia":[{"embeddable":true,"href":"https:\/\/belgiumdiamonds.be\/ro\/wp-json\/wp\/v2\/media\/33761"}],"wp:attachment":[{"href":"https:\/\/belgiumdiamonds.be\/ro\/wp-json\/wp\/v2\/media?parent=8852"}],"wp:term":[{"taxonomy":"product_brand","embeddable":true,"href":"https:\/\/belgiumdiamonds.be\/ro\/wp-json\/wp\/v2\/product_brand?post=8852"},{"taxonomy":"product_cat","embeddable":true,"href":"https:\/\/belgiumdiamonds.be\/ro\/wp-json\/wp\/v2\/product_cat?post=8852"},{"taxonomy":"product_tag","embeddable":true,"href":"https:\/\/belgiumdiamonds.be\/ro\/wp-json\/wp\/v2\/product_tag?post=8852"}],"curies":[{"name":"wp","href":"https:\/\/api.w.org\/{rel}","templated":true}]}}