{"id":9501,"date":"2024-01-27T13:06:06","date_gmt":"2024-01-27T13:06:06","guid":{"rendered":"https:\/\/belgiumdiamond.petpetshopi.shop\/?post_type=product&#038;p=9501"},"modified":"2026-04-23T11:19:51","modified_gmt":"2026-04-23T09:19:51","slug":"heart-side-stone-ring","status":"publish","type":"product","link":"https:\/\/belgiumdiamonds.be\/ro\/product\/heart-side-stone-ring\/","title":{"rendered":"Heart Side Stone Ring"},"content":{"rendered":"<p>Designed for maximum brilliance and sparkle. This exquisite Natural Heart Side Stone Ring can serve as your engagement ring or as a beautiful Anniversary gift.<\/p>\n<p><strong>Inel Pav\u00e9 Diamond Informa\u021bii:<\/strong><br \/>\nDiamante naturale t\u0103iate briliant distan\u021bate str\u00e2ns, concepute pentru a pune \u00een valoare piatra central\u0103.<br \/>\nNum\u0103r de diamante: 14-24<br \/>\nGreutate total\u0103 \u00een carate: 0.20-0.30 Cts.<br \/>\nCuloare medie: F<br \/>\nClaritate medie: VVS<br \/>\nPoate fi montat cu diamant \u00een form\u0103 de inim\u0103 de 0,50 - 5 ct \u00een centru<\/p>\n<p>TVA va fi ad\u0103ugat la pre\u021bul din co\u0219 atunci c\u00e2nd se expediaz\u0103 la o adres\u0103 din UE.<br \/>\nPre\u021bul include transportul \u00een UE.<br \/>\nPre\u021bul include montarea diamantelor \u00een montur\u0103, cu excep\u021bia pietrei centrale.<br \/>\nStare: Nou.<br \/>\nFabricat \u00een Antwerp, Belgia.<\/p>\n<p><strong>* Greutatea total\u0103 \u00een carate poate devia marginal de la greutatea \u00een carate listat\u0103 \u00een func\u021bie de m\u0103rimea diamantului central \u0219i de m\u0103rimea inelului.<\/strong><\/p>","protected":false},"excerpt":{"rendered":"<p>Str\u0103luci\u021bi cu elegan\u021b\u0103 - Belgium Diamonds Elegant Pave Ring for Heart Diamonds. Perfect pentru logodn\u0103 sau aniversare. Fabricat \u00een Antwerp, Belgia.<\/p>","protected":false},"featured_media":33642,"comment_status":"open","ping_status":"closed","template":"","meta":{"_acf_changed":false},"product_brand":[],"product_cat":[120,123],"product_tag":[],"class_list":{"0":"post-9501","1":"product","2":"type-product","3":"status-publish","4":"has-post-thumbnail","6":"product_cat-halo-side-stone-rings","7":"product_cat-solitaire-rings","8":"pa_choose-gold-18k-rose-gold","9":"pa_choose-gold-18k-white-gold","10":"pa_choose-gold-18k-yellow-gold","11":"pa_choose-gold-platinum","12":"pa_size-405","13":"pa_size-404","14":"pa_size-403","15":"pa_size-402","16":"pa_size-401","17":"pa_size-400","18":"pa_size-399","19":"pa_size-398","20":"pa_size-397","21":"pa_size-396","22":"pa_size-395","23":"pa_size-394","24":"pa_size-393","25":"pa_size-392","26":"pa_size-391","27":"pa_size-390","28":"pa_size-389","30":"first","31":"instock","32":"taxable","33":"shipping-taxable","34":"purchasable","35":"product-type-variable"},"acf":[],"_links":{"self":[{"href":"https:\/\/belgiumdiamonds.be\/ro\/wp-json\/wp\/v2\/product\/9501","targetHints":{"allow":["GET"]}}],"collection":[{"href":"https:\/\/belgiumdiamonds.be\/ro\/wp-json\/wp\/v2\/product"}],"about":[{"href":"https:\/\/belgiumdiamonds.be\/ro\/wp-json\/wp\/v2\/types\/product"}],"replies":[{"embeddable":true,"href":"https:\/\/belgiumdiamonds.be\/ro\/wp-json\/wp\/v2\/comments?post=9501"}],"version-history":[{"count":3,"href":"https:\/\/belgiumdiamonds.be\/ro\/wp-json\/wp\/v2\/product\/9501\/revisions"}],"predecessor-version":[{"id":42757,"href":"https:\/\/belgiumdiamonds.be\/ro\/wp-json\/wp\/v2\/product\/9501\/revisions\/42757"}],"wp:featuredmedia":[{"embeddable":true,"href":"https:\/\/belgiumdiamonds.be\/ro\/wp-json\/wp\/v2\/media\/33642"}],"wp:attachment":[{"href":"https:\/\/belgiumdiamonds.be\/ro\/wp-json\/wp\/v2\/media?parent=9501"}],"wp:term":[{"taxonomy":"product_brand","embeddable":true,"href":"https:\/\/belgiumdiamonds.be\/ro\/wp-json\/wp\/v2\/product_brand?post=9501"},{"taxonomy":"product_cat","embeddable":true,"href":"https:\/\/belgiumdiamonds.be\/ro\/wp-json\/wp\/v2\/product_cat?post=9501"},{"taxonomy":"product_tag","embeddable":true,"href":"https:\/\/belgiumdiamonds.be\/ro\/wp-json\/wp\/v2\/product_tag?post=9501"}],"curies":[{"name":"wp","href":"https:\/\/api.w.org\/{rel}","templated":true}]}}